{"id":1847,"date":"2021-03-03T14:33:13","date_gmt":"2021-03-03T14:33:13","guid":{"rendered":"https:\/\/bojatemper.rs\/?page_id=1847"},"modified":"2021-08-17T13:52:27","modified_gmt":"2021-08-17T13:52:27","slug":"pur-pene","status":"publish","type":"page","link":"https:\/\/bojatemper.rs\/index.php\/pur-pene\/","title":{"rendered":"Pur pene"},"content":{"rendered":"\t\t<div data-elementor-type=\"wp-page\" data-elementor-id=\"1847\" class=\"elementor elementor-1847\">\n\t\t\t\t\t\t<section class=\"elementor-section elementor-top-section elementor-element elementor-element-95e918e elementor-section-boxed elementor-section-height-default elementor-section-height-default\" data-id=\"95e918e\" data-element_type=\"section\" data-e-type=\"section\">\n\t\t\t\t\t\t<div class=\"elementor-container elementor-column-gap-default\">\n\t\t\t\t\t<div class=\"elementor-column elementor-col-100 elementor-top-column elementor-element elementor-element-4c29bd1\" data-id=\"4c29bd1\" data-element_type=\"column\" data-e-type=\"column\">\n\t\t\t<div class=\"elementor-widget-wrap elementor-element-populated\">\n\t\t\t\t\t\t<div class=\"elementor-element elementor-element-e6c9807 elementor-widget elementor-widget-heading\" data-id=\"e6c9807\" data-element_type=\"widget\" data-e-type=\"widget\" data-widget_type=\"heading.default\">\n\t\t\t\t<div class=\"elementor-widget-container\">\n\t\t\t\t\t<h2 class=\"elementor-heading-title elementor-size-default\">PUR PENE<\/h2>\t\t\t\t<\/div>\n\t\t\t\t<\/div>\n\t\t\t\t<div class=\"elementor-element elementor-element-36a185e elementor-widget elementor-widget-text-editor\" data-id=\"36a185e\" data-element_type=\"widget\" data-e-type=\"widget\" data-widget_type=\"text-editor.default\">\n\t\t\t\t<div class=\"elementor-widget-container\">\n\t\t\t\t\t\t\t\t\t<p>Ovde mo\u017eete prona\u0107i adekvatne vrste pur pena za razli\u010dite namene.<\/p>\t\t\t\t\t\t\t\t<\/div>\n\t\t\t\t<\/div>\n\t\t\t\t\t<\/div>\n\t\t<\/div>\n\t\t\t\t\t<\/div>\n\t\t<\/section>\n\t\t\t\t<section class=\"elementor-section elementor-top-section elementor-element elementor-element-c613899 elementor-section-boxed elementor-section-height-default elementor-section-height-default\" data-id=\"c613899\" data-element_type=\"section\" data-e-type=\"section\">\n\t\t\t\t\t\t<div class=\"elementor-container elementor-column-gap-default\">\n\t\t\t\t\t<div class=\"elementor-column elementor-col-20 elementor-top-column elementor-element elementor-element-97367ea\" data-id=\"97367ea\" data-element_type=\"column\" data-e-type=\"column\">\n\t\t\t<div class=\"elementor-widget-wrap elementor-element-populated\">\n\t\t\t\t\t\t<div class=\"elementor-element elementor-element-30e706a elementor-position-top elementor-widget elementor-widget-image-box\" data-id=\"30e706a\" data-element_type=\"widget\" data-e-type=\"widget\" data-widget_type=\"image-box.default\">\n\t\t\t\t<div class=\"elementor-widget-container\">\n\t\t\t\t\t<div class=\"elementor-image-box-wrapper\"><figure class=\"elementor-image-box-img\"><img fetchpriority=\"high\" decoding=\"async\" width=\"502\" height=\"501\" src=\"https:\/\/bojatemper.rs\/wp-content\/uploads\/2021\/04\/pur-standard-pistolj-sajt.png\" class=\"elementor-animation-grow attachment-full size-full wp-image-6871\" alt=\"pur-standard-pistolj-sajt\" srcset=\"https:\/\/bojatemper.rs\/wp-content\/uploads\/2021\/04\/pur-standard-pistolj-sajt.png 502w, https:\/\/bojatemper.rs\/wp-content\/uploads\/2021\/04\/pur-standard-pistolj-sajt-300x300.png 300w, https:\/\/bojatemper.rs\/wp-content\/uploads\/2021\/04\/pur-standard-pistolj-sajt-150x150.png 150w\" sizes=\"(max-width: 502px) 100vw, 502px\" \/><\/figure><div class=\"elementor-image-box-content\"><h3 class=\"elementor-image-box-title\">STANDARD (pi\u0161.) 750ml<\/h3><p class=\"elementor-image-box-description\">Za zaptivanje, montiranje, ispunjavanje, izolovanje i ugra\u0111ivanje<\/p><\/div><\/div>\t\t\t\t<\/div>\n\t\t\t\t<\/div>\n\t\t\t\t<div class=\"elementor-element elementor-element-e5b1263 elementor-position-top elementor-widget elementor-widget-image-box\" data-id=\"e5b1263\" data-element_type=\"widget\" data-e-type=\"widget\" data-widget_type=\"image-box.default\">\n\t\t\t\t<div class=\"elementor-widget-container\">\n\t\t\t\t\t<div class=\"elementor-image-box-wrapper\"><figure class=\"elementor-image-box-img\"><img decoding=\"async\" width=\"501\" height=\"501\" src=\"https:\/\/bojatemper.rs\/wp-content\/uploads\/2021\/04\/pur-stiropor-pistolj-sajt.png\" class=\"elementor-animation-grow attachment-full size-full wp-image-6876\" alt=\"pur-stiropor-pistolj-sajt\" srcset=\"https:\/\/bojatemper.rs\/wp-content\/uploads\/2021\/04\/pur-stiropor-pistolj-sajt.png 501w, https:\/\/bojatemper.rs\/wp-content\/uploads\/2021\/04\/pur-stiropor-pistolj-sajt-300x300.png 300w, https:\/\/bojatemper.rs\/wp-content\/uploads\/2021\/04\/pur-stiropor-pistolj-sajt-150x150.png 150w\" sizes=\"(max-width: 501px) 100vw, 501px\" \/><\/figure><div class=\"elementor-image-box-content\"><h3 class=\"elementor-image-box-title\">STIROPOR (pi\u0161.) 750ml<\/h3><p class=\"elementor-image-box-description\">Za lepljenje izolacionog materijala na gra\u0111evinske povr\u0161ine.<\/p><\/div><\/div>\t\t\t\t<\/div>\n\t\t\t\t<\/div>\n\t\t\t\t\t<\/div>\n\t\t<\/div>\n\t\t\t\t<div class=\"elementor-column elementor-col-20 elementor-top-column elementor-element elementor-element-9a759f0\" data-id=\"9a759f0\" data-element_type=\"column\" data-e-type=\"column\">\n\t\t\t<div class=\"elementor-widget-wrap elementor-element-populated\">\n\t\t\t\t\t\t<div class=\"elementor-element elementor-element-5815f62 elementor-position-top elementor-widget elementor-widget-image-box\" data-id=\"5815f62\" data-element_type=\"widget\" data-e-type=\"widget\" data-widget_type=\"image-box.default\">\n\t\t\t\t<div class=\"elementor-widget-container\">\n\t\t\t\t\t<div class=\"elementor-image-box-wrapper\"><figure class=\"elementor-image-box-img\"><img decoding=\"async\" width=\"502\" height=\"501\" src=\"https:\/\/bojatemper.rs\/wp-content\/uploads\/2021\/04\/pur-standard-cev-sajt.png\" class=\"elementor-animation-grow attachment-full size-full wp-image-6872\" alt=\"pur-standard-cev-sajt\" srcset=\"https:\/\/bojatemper.rs\/wp-content\/uploads\/2021\/04\/pur-standard-cev-sajt.png 502w, https:\/\/bojatemper.rs\/wp-content\/uploads\/2021\/04\/pur-standard-cev-sajt-300x300.png 300w, https:\/\/bojatemper.rs\/wp-content\/uploads\/2021\/04\/pur-standard-cev-sajt-150x150.png 150w\" sizes=\"(max-width: 502px) 100vw, 502px\" \/><\/figure><div class=\"elementor-image-box-content\"><h3 class=\"elementor-image-box-title\">STANDARD (cev) 750ml<\/h3><p class=\"elementor-image-box-description\">Za zaptivanje, montiranje, ispunjavanje, izolovanje i ugra\u0111ivanje.<\/p><\/div><\/div>\t\t\t\t<\/div>\n\t\t\t\t<\/div>\n\t\t\t\t<div class=\"elementor-element elementor-element-9b31225 elementor-position-top elementor-widget elementor-widget-image-box\" data-id=\"9b31225\" data-element_type=\"widget\" data-e-type=\"widget\" data-widget_type=\"image-box.default\">\n\t\t\t\t<div class=\"elementor-widget-container\">\n\t\t\t\t\t<div class=\"elementor-image-box-wrapper\"><figure class=\"elementor-image-box-img\"><img loading=\"lazy\" decoding=\"async\" width=\"502\" height=\"501\" src=\"https:\/\/bojatemper.rs\/wp-content\/uploads\/2021\/04\/pur-stiropor-cev-sajt.png\" class=\"elementor-animation-grow attachment-full size-full wp-image-6877\" alt=\"pur-stiropor-cev-sajt\" srcset=\"https:\/\/bojatemper.rs\/wp-content\/uploads\/2021\/04\/pur-stiropor-cev-sajt.png 502w, https:\/\/bojatemper.rs\/wp-content\/uploads\/2021\/04\/pur-stiropor-cev-sajt-300x300.png 300w, https:\/\/bojatemper.rs\/wp-content\/uploads\/2021\/04\/pur-stiropor-cev-sajt-150x150.png 150w\" sizes=\"(max-width: 502px) 100vw, 502px\" \/><\/figure><div class=\"elementor-image-box-content\"><h3 class=\"elementor-image-box-title\">STIROPOR (cev) 750ml<\/h3><p class=\"elementor-image-box-description\">Za lepljenje izolacionog materijala na gra\u0111evinske povr\u0161ine.\u200b<\/p><\/div><\/div>\t\t\t\t<\/div>\n\t\t\t\t<\/div>\n\t\t\t\t\t<\/div>\n\t\t<\/div>\n\t\t\t\t<div class=\"elementor-column elementor-col-20 elementor-top-column elementor-element elementor-element-3787016\" data-id=\"3787016\" data-element_type=\"column\" data-e-type=\"column\">\n\t\t\t<div class=\"elementor-widget-wrap elementor-element-populated\">\n\t\t\t\t\t\t<div class=\"elementor-element elementor-element-02ab365 elementor-position-top elementor-widget elementor-widget-image-box\" data-id=\"02ab365\" data-element_type=\"widget\" data-e-type=\"widget\" data-widget_type=\"image-box.default\">\n\t\t\t\t<div class=\"elementor-widget-container\">\n\t\t\t\t\t<div class=\"elementor-image-box-wrapper\"><figure class=\"elementor-image-box-img\"><img loading=\"lazy\" decoding=\"async\" width=\"502\" height=\"501\" src=\"https:\/\/bojatemper.rs\/wp-content\/uploads\/2021\/04\/pur-nisko-pistolj-sajt.png\" class=\"elementor-animation-grow attachment-full size-full wp-image-6873\" alt=\"\" srcset=\"https:\/\/bojatemper.rs\/wp-content\/uploads\/2021\/04\/pur-nisko-pistolj-sajt.png 502w, https:\/\/bojatemper.rs\/wp-content\/uploads\/2021\/04\/pur-nisko-pistolj-sajt-300x300.png 300w, https:\/\/bojatemper.rs\/wp-content\/uploads\/2021\/04\/pur-nisko-pistolj-sajt-150x150.png 150w\" sizes=\"(max-width: 502px) 100vw, 502px\" \/><\/figure><div class=\"elementor-image-box-content\"><h3 class=\"elementor-image-box-title\">NISKO EXP. (pi\u0161.) 750ml<\/h3><p class=\"elementor-image-box-description\">Za pri\u010dvr\u0161\u0107ivanje, lepljenje i zaptivanje gra\u0111evinskih elemenata<\/p><\/div><\/div>\t\t\t\t<\/div>\n\t\t\t\t<\/div>\n\t\t\t\t<div class=\"elementor-element elementor-element-c9c662e elementor-position-top elementor-widget elementor-widget-image-box\" data-id=\"c9c662e\" data-element_type=\"widget\" data-e-type=\"widget\" data-widget_type=\"image-box.default\">\n\t\t\t\t<div class=\"elementor-widget-container\">\n\t\t\t\t\t<div class=\"elementor-image-box-wrapper\"><figure class=\"elementor-image-box-img\"><img loading=\"lazy\" decoding=\"async\" width=\"501\" height=\"501\" src=\"https:\/\/bojatemper.rs\/wp-content\/uploads\/2021\/04\/pur-ct84-pistolj-sajt.png\" class=\"elementor-animation-grow attachment-full size-full wp-image-6878\" alt=\"pur-ct84-pistolj-sajt\" srcset=\"https:\/\/bojatemper.rs\/wp-content\/uploads\/2021\/04\/pur-ct84-pistolj-sajt.png 501w, https:\/\/bojatemper.rs\/wp-content\/uploads\/2021\/04\/pur-ct84-pistolj-sajt-300x300.png 300w, https:\/\/bojatemper.rs\/wp-content\/uploads\/2021\/04\/pur-ct84-pistolj-sajt-150x150.png 150w\" sizes=\"(max-width: 501px) 100vw, 501px\" \/><\/figure><div class=\"elementor-image-box-content\"><h3 class=\"elementor-image-box-title\">CT 84 (pi\u0161.) 750ml<\/h3><p class=\"elementor-image-box-description\">Za pri\u010dvr\u0161\u0107ivanje EPS-plo\u010da, na fasadne zidove u svrhu termo izolacije.<\/p><\/div><\/div>\t\t\t\t<\/div>\n\t\t\t\t<\/div>\n\t\t\t\t\t<\/div>\n\t\t<\/div>\n\t\t\t\t<div class=\"elementor-column elementor-col-20 elementor-top-column elementor-element elementor-element-1a084fb\" data-id=\"1a084fb\" data-element_type=\"column\" data-e-type=\"column\">\n\t\t\t<div class=\"elementor-widget-wrap elementor-element-populated\">\n\t\t\t\t\t\t<div class=\"elementor-element elementor-element-9529aa9 elementor-position-top elementor-widget elementor-widget-image-box\" data-id=\"9529aa9\" data-element_type=\"widget\" data-e-type=\"widget\" data-widget_type=\"image-box.default\">\n\t\t\t\t<div class=\"elementor-widget-container\">\n\t\t\t\t\t<div class=\"elementor-image-box-wrapper\"><figure class=\"elementor-image-box-img\"><img loading=\"lazy\" decoding=\"async\" width=\"502\" height=\"501\" src=\"https:\/\/bojatemper.rs\/wp-content\/uploads\/2021\/04\/pur-nisko-cev-sajt.png\" class=\"elementor-animation-grow attachment-full size-full wp-image-6874\" alt=\"\" srcset=\"https:\/\/bojatemper.rs\/wp-content\/uploads\/2021\/04\/pur-nisko-cev-sajt.png 502w, https:\/\/bojatemper.rs\/wp-content\/uploads\/2021\/04\/pur-nisko-cev-sajt-300x300.png 300w, https:\/\/bojatemper.rs\/wp-content\/uploads\/2021\/04\/pur-nisko-cev-sajt-150x150.png 150w\" sizes=\"(max-width: 502px) 100vw, 502px\" \/><\/figure><div class=\"elementor-image-box-content\"><h3 class=\"elementor-image-box-title\">NISKO EXP. (cev) 750ml<\/h3><p class=\"elementor-image-box-description\">Za pri\u010dvr\u0161\u0107ivanje, lepljenje i zaptivanje gra\u0111evinskih elemenata<\/p><\/div><\/div>\t\t\t\t<\/div>\n\t\t\t\t<\/div>\n\t\t\t\t<div class=\"elementor-element elementor-element-9272a9f elementor-position-top elementor-widget elementor-widget-image-box\" data-id=\"9272a9f\" data-element_type=\"widget\" data-e-type=\"widget\" data-widget_type=\"image-box.default\">\n\t\t\t\t<div class=\"elementor-widget-container\">\n\t\t\t\t\t<div class=\"elementor-image-box-wrapper\"><figure class=\"elementor-image-box-img\"><img loading=\"lazy\" decoding=\"async\" width=\"501\" height=\"501\" src=\"https:\/\/bojatemper.rs\/wp-content\/uploads\/2021\/04\/pur-ts61-cev-sajt.png\" class=\"elementor-animation-grow attachment-full size-full wp-image-6879\" alt=\"pur-ts61-cev-sajt\" srcset=\"https:\/\/bojatemper.rs\/wp-content\/uploads\/2021\/04\/pur-ts61-cev-sajt.png 501w, https:\/\/bojatemper.rs\/wp-content\/uploads\/2021\/04\/pur-ts61-cev-sajt-300x300.png 300w, https:\/\/bojatemper.rs\/wp-content\/uploads\/2021\/04\/pur-ts61-cev-sajt-150x150.png 150w\" sizes=\"(max-width: 501px) 100vw, 501px\" \/><\/figure><div class=\"elementor-image-box-content\"><h3 class=\"elementor-image-box-title\">TS 61 (cev)  750ml<\/h3><p class=\"elementor-image-box-description\">Poliuretanska pena koja se formira pod uticajem vlage iz vazduha.<\/p><\/div><\/div>\t\t\t\t<\/div>\n\t\t\t\t<\/div>\n\t\t\t\t\t<\/div>\n\t\t<\/div>\n\t\t\t\t<div class=\"elementor-column elementor-col-20 elementor-top-column elementor-element elementor-element-155aa3a\" data-id=\"155aa3a\" data-element_type=\"column\" data-e-type=\"column\">\n\t\t\t<div class=\"elementor-widget-wrap elementor-element-populated\">\n\t\t\t\t\t\t<div class=\"elementor-element elementor-element-fc16997 elementor-position-top elementor-widget elementor-widget-image-box\" data-id=\"fc16997\" data-element_type=\"widget\" data-e-type=\"widget\" data-widget_type=\"image-box.default\">\n\t\t\t\t<div class=\"elementor-widget-container\">\n\t\t\t\t\t<div class=\"elementor-image-box-wrapper\"><figure class=\"elementor-image-box-img\"><img loading=\"lazy\" decoding=\"async\" width=\"502\" height=\"501\" src=\"https:\/\/bojatemper.rs\/wp-content\/uploads\/2021\/04\/cistac-sajt.png\" class=\"elementor-animation-grow attachment-full size-full wp-image-6875\" alt=\"cistac-sajt\" srcset=\"https:\/\/bojatemper.rs\/wp-content\/uploads\/2021\/04\/cistac-sajt.png 502w, https:\/\/bojatemper.rs\/wp-content\/uploads\/2021\/04\/cistac-sajt-300x300.png 300w, https:\/\/bojatemper.rs\/wp-content\/uploads\/2021\/04\/cistac-sajt-150x150.png 150w\" sizes=\"(max-width: 502px) 100vw, 502px\" \/><\/figure><div class=\"elementor-image-box-content\"><h3 class=\"elementor-image-box-title\">\u010cISTA\u010c 500ml<\/h3><p class=\"elementor-image-box-description\">Koristi za \u010di\u0161\u0107enje pi\u0161tolja tako i za ru\u010dno \u010di\u0161\u0107enje alata i radnog mesta.<\/p><\/div><\/div>\t\t\t\t<\/div>\n\t\t\t\t<\/div>\n\t\t\t\t<div class=\"elementor-element elementor-element-327f9c6 elementor-position-top elementor-widget elementor-widget-image-box\" data-id=\"327f9c6\" data-element_type=\"widget\" data-e-type=\"widget\" data-widget_type=\"image-box.default\">\n\t\t\t\t<div class=\"elementor-widget-container\">\n\t\t\t\t\t<div class=\"elementor-image-box-wrapper\"><figure class=\"elementor-image-box-img\"><img loading=\"lazy\" decoding=\"async\" width=\"502\" height=\"501\" src=\"https:\/\/bojatemper.rs\/wp-content\/uploads\/2021\/04\/pur-sikaboom-cev-sajt.png\" class=\"elementor-animation-grow attachment-full size-full wp-image-6880\" alt=\"pur-sikaboom-cev-sajt\" srcset=\"https:\/\/bojatemper.rs\/wp-content\/uploads\/2021\/04\/pur-sikaboom-cev-sajt.png 502w, https:\/\/bojatemper.rs\/wp-content\/uploads\/2021\/04\/pur-sikaboom-cev-sajt-300x300.png 300w, https:\/\/bojatemper.rs\/wp-content\/uploads\/2021\/04\/pur-sikaboom-cev-sajt-150x150.png 150w\" sizes=\"(max-width: 502px) 100vw, 502px\" \/><\/figure><div class=\"elementor-image-box-content\"><h3 class=\"elementor-image-box-title\">BOOM S (cev) 750ml<\/h3><p class=\"elementor-image-box-description\">Koristi se za fiksiranje, zaptivanje i izolaciju spojeva.<\/p><\/div><\/div>\t\t\t\t<\/div>\n\t\t\t\t<\/div>\n\t\t\t\t\t<\/div>\n\t\t<\/div>\n\t\t\t\t\t<\/div>\n\t\t<\/section>\n\t\t\t\t<\/div>\n\t\t","protected":false},"excerpt":{"rendered":"<p>PUR PENE Ovde mo\u017eete prona\u0107i adekvatne vrste pur pena za razli\u010dite namene. STANDARD (pi\u0161.) 750ml Za zaptivanje, montiranje, ispunjavanje, izolovanje i ugra\u0111ivanje STIROPOR (pi\u0161.) 750ml Za lepljenje izolacionog materijala na gra\u0111evinske povr\u0161ine. STANDARD (cev) 750ml Za zaptivanje, montiranje, ispunjavanje, izolovanje i ugra\u0111ivanje. STIROPOR (cev) 750ml Za lepljenje izolacionog materijala na gra\u0111evinske povr\u0161ine.\u200b NISKO EXP. (pi\u0161.) [&hellip;]<\/p>\n","protected":false},"author":1,"featured_media":0,"parent":0,"menu_order":0,"comment_status":"closed","ping_status":"closed","template":"","meta":{"content-type":"","footnotes":""},"class_list":["post-1847","page","type-page","status-publish","hentry"],"yoast_head":"<!-- This site is optimized with the Yoast SEO plugin v27.5 - https:\/\/yoast.com\/product\/yoast-seo-wordpress\/ -->\n<title>Pur pene - Boja Temper<\/title>\n<meta name=\"robots\" content=\"noindex, nofollow\" \/>\n<meta property=\"og:locale\" content=\"en_US\" \/>\n<meta property=\"og:type\" content=\"article\" \/>\n<meta property=\"og:title\" content=\"Pur pene - Boja Temper\" \/>\n<meta property=\"og:description\" content=\"PUR PENE Ovde mo\u017eete prona\u0107i adekvatne vrste pur pena za razli\u010dite namene. STANDARD (pi\u0161.) 750ml Za zaptivanje, montiranje, ispunjavanje, izolovanje i ugra\u0111ivanje STIROPOR (pi\u0161.) 750ml Za lepljenje izolacionog materijala na gra\u0111evinske povr\u0161ine. STANDARD (cev) 750ml Za zaptivanje, montiranje, ispunjavanje, izolovanje i ugra\u0111ivanje. STIROPOR (cev) 750ml Za lepljenje izolacionog materijala na gra\u0111evinske povr\u0161ine.\u200b NISKO EXP. (pi\u0161.) [&hellip;]\" \/>\n<meta property=\"og:url\" content=\"https:\/\/bojatemper.rs\/index.php\/pur-pene\/\" \/>\n<meta property=\"og:site_name\" content=\"Boja Temper\" \/>\n<meta property=\"article:modified_time\" content=\"2021-08-17T13:52:27+00:00\" \/>\n<meta property=\"og:image\" content=\"https:\/\/bojatemper.rs\/wp-content\/uploads\/2021\/04\/pur-standard-pistolj-sajt.png\" \/>\n<meta name=\"twitter:card\" content=\"summary_large_image\" \/>\n<meta name=\"twitter:label1\" content=\"Est. reading time\" \/>\n\t<meta name=\"twitter:data1\" content=\"3 minutes\" \/>\n<script type=\"application\/ld+json\" class=\"yoast-schema-graph\">{\"@context\":\"https:\\\/\\\/schema.org\",\"@graph\":[{\"@type\":\"WebPage\",\"@id\":\"https:\\\/\\\/bojatemper.rs\\\/index.php\\\/pur-pene\\\/\",\"url\":\"https:\\\/\\\/bojatemper.rs\\\/index.php\\\/pur-pene\\\/\",\"name\":\"Pur pene - Boja Temper\",\"isPartOf\":{\"@id\":\"https:\\\/\\\/bojatemper.rs\\\/#website\"},\"primaryImageOfPage\":{\"@id\":\"https:\\\/\\\/bojatemper.rs\\\/index.php\\\/pur-pene\\\/#primaryimage\"},\"image\":{\"@id\":\"https:\\\/\\\/bojatemper.rs\\\/index.php\\\/pur-pene\\\/#primaryimage\"},\"thumbnailUrl\":\"https:\\\/\\\/bojatemper.rs\\\/wp-content\\\/uploads\\\/2021\\\/04\\\/pur-standard-pistolj-sajt.png\",\"datePublished\":\"2021-03-03T14:33:13+00:00\",\"dateModified\":\"2021-08-17T13:52:27+00:00\",\"breadcrumb\":{\"@id\":\"https:\\\/\\\/bojatemper.rs\\\/index.php\\\/pur-pene\\\/#breadcrumb\"},\"inLanguage\":\"en-US\",\"potentialAction\":[{\"@type\":\"ReadAction\",\"target\":[\"https:\\\/\\\/bojatemper.rs\\\/index.php\\\/pur-pene\\\/\"]}]},{\"@type\":\"ImageObject\",\"inLanguage\":\"en-US\",\"@id\":\"https:\\\/\\\/bojatemper.rs\\\/index.php\\\/pur-pene\\\/#primaryimage\",\"url\":\"https:\\\/\\\/bojatemper.rs\\\/wp-content\\\/uploads\\\/2021\\\/04\\\/pur-standard-pistolj-sajt.png\",\"contentUrl\":\"https:\\\/\\\/bojatemper.rs\\\/wp-content\\\/uploads\\\/2021\\\/04\\\/pur-standard-pistolj-sajt.png\",\"width\":502,\"height\":501,\"caption\":\"pur-standard-pistolj-sajt\"},{\"@type\":\"BreadcrumbList\",\"@id\":\"https:\\\/\\\/bojatemper.rs\\\/index.php\\\/pur-pene\\\/#breadcrumb\",\"itemListElement\":[{\"@type\":\"ListItem\",\"position\":1,\"name\":\"Home\",\"item\":\"https:\\\/\\\/bojatemper.rs\\\/\"},{\"@type\":\"ListItem\",\"position\":2,\"name\":\"Pur pene\"}]},{\"@type\":\"WebSite\",\"@id\":\"https:\\\/\\\/bojatemper.rs\\\/#website\",\"url\":\"https:\\\/\\\/bojatemper.rs\\\/\",\"name\":\"Boja Temper\",\"description\":\"\",\"publisher\":{\"@id\":\"https:\\\/\\\/bojatemper.rs\\\/#organization\"},\"potentialAction\":[{\"@type\":\"SearchAction\",\"target\":{\"@type\":\"EntryPoint\",\"urlTemplate\":\"https:\\\/\\\/bojatemper.rs\\\/?s={search_term_string}\"},\"query-input\":{\"@type\":\"PropertyValueSpecification\",\"valueRequired\":true,\"valueName\":\"search_term_string\"}}],\"inLanguage\":\"en-US\"},{\"@type\":\"Organization\",\"@id\":\"https:\\\/\\\/bojatemper.rs\\\/#organization\",\"name\":\"Boja Temper\",\"url\":\"https:\\\/\\\/bojatemper.rs\\\/\",\"logo\":{\"@type\":\"ImageObject\",\"inLanguage\":\"en-US\",\"@id\":\"https:\\\/\\\/bojatemper.rs\\\/#\\\/schema\\\/logo\\\/image\\\/\",\"url\":\"https:\\\/\\\/bojatemper.rs\\\/wp-content\\\/uploads\\\/2021\\\/05\\\/logo-bt.png\",\"contentUrl\":\"https:\\\/\\\/bojatemper.rs\\\/wp-content\\\/uploads\\\/2021\\\/05\\\/logo-bt.png\",\"width\":90,\"height\":71,\"caption\":\"Boja Temper\"},\"image\":{\"@id\":\"https:\\\/\\\/bojatemper.rs\\\/#\\\/schema\\\/logo\\\/image\\\/\"}}]}<\/script>\n<!-- \/ Yoast SEO plugin. -->","yoast_head_json":{"title":"Pur pene - Boja Temper","robots":{"index":"noindex","follow":"nofollow"},"og_locale":"en_US","og_type":"article","og_title":"Pur pene - Boja Temper","og_description":"PUR PENE Ovde mo\u017eete prona\u0107i adekvatne vrste pur pena za razli\u010dite namene. STANDARD (pi\u0161.) 750ml Za zaptivanje, montiranje, ispunjavanje, izolovanje i ugra\u0111ivanje STIROPOR (pi\u0161.) 750ml Za lepljenje izolacionog materijala na gra\u0111evinske povr\u0161ine. STANDARD (cev) 750ml Za zaptivanje, montiranje, ispunjavanje, izolovanje i ugra\u0111ivanje. STIROPOR (cev) 750ml Za lepljenje izolacionog materijala na gra\u0111evinske povr\u0161ine.\u200b NISKO EXP. (pi\u0161.) [&hellip;]","og_url":"https:\/\/bojatemper.rs\/index.php\/pur-pene\/","og_site_name":"Boja Temper","article_modified_time":"2021-08-17T13:52:27+00:00","og_image":[{"url":"https:\/\/bojatemper.rs\/wp-content\/uploads\/2021\/04\/pur-standard-pistolj-sajt.png","type":"","width":"","height":""}],"twitter_card":"summary_large_image","twitter_misc":{"Est. reading time":"3 minutes"},"schema":{"@context":"https:\/\/schema.org","@graph":[{"@type":"WebPage","@id":"https:\/\/bojatemper.rs\/index.php\/pur-pene\/","url":"https:\/\/bojatemper.rs\/index.php\/pur-pene\/","name":"Pur pene - Boja Temper","isPartOf":{"@id":"https:\/\/bojatemper.rs\/#website"},"primaryImageOfPage":{"@id":"https:\/\/bojatemper.rs\/index.php\/pur-pene\/#primaryimage"},"image":{"@id":"https:\/\/bojatemper.rs\/index.php\/pur-pene\/#primaryimage"},"thumbnailUrl":"https:\/\/bojatemper.rs\/wp-content\/uploads\/2021\/04\/pur-standard-pistolj-sajt.png","datePublished":"2021-03-03T14:33:13+00:00","dateModified":"2021-08-17T13:52:27+00:00","breadcrumb":{"@id":"https:\/\/bojatemper.rs\/index.php\/pur-pene\/#breadcrumb"},"inLanguage":"en-US","potentialAction":[{"@type":"ReadAction","target":["https:\/\/bojatemper.rs\/index.php\/pur-pene\/"]}]},{"@type":"ImageObject","inLanguage":"en-US","@id":"https:\/\/bojatemper.rs\/index.php\/pur-pene\/#primaryimage","url":"https:\/\/bojatemper.rs\/wp-content\/uploads\/2021\/04\/pur-standard-pistolj-sajt.png","contentUrl":"https:\/\/bojatemper.rs\/wp-content\/uploads\/2021\/04\/pur-standard-pistolj-sajt.png","width":502,"height":501,"caption":"pur-standard-pistolj-sajt"},{"@type":"BreadcrumbList","@id":"https:\/\/bojatemper.rs\/index.php\/pur-pene\/#breadcrumb","itemListElement":[{"@type":"ListItem","position":1,"name":"Home","item":"https:\/\/bojatemper.rs\/"},{"@type":"ListItem","position":2,"name":"Pur pene"}]},{"@type":"WebSite","@id":"https:\/\/bojatemper.rs\/#website","url":"https:\/\/bojatemper.rs\/","name":"Boja Temper","description":"","publisher":{"@id":"https:\/\/bojatemper.rs\/#organization"},"potentialAction":[{"@type":"SearchAction","target":{"@type":"EntryPoint","urlTemplate":"https:\/\/bojatemper.rs\/?s={search_term_string}"},"query-input":{"@type":"PropertyValueSpecification","valueRequired":true,"valueName":"search_term_string"}}],"inLanguage":"en-US"},{"@type":"Organization","@id":"https:\/\/bojatemper.rs\/#organization","name":"Boja Temper","url":"https:\/\/bojatemper.rs\/","logo":{"@type":"ImageObject","inLanguage":"en-US","@id":"https:\/\/bojatemper.rs\/#\/schema\/logo\/image\/","url":"https:\/\/bojatemper.rs\/wp-content\/uploads\/2021\/05\/logo-bt.png","contentUrl":"https:\/\/bojatemper.rs\/wp-content\/uploads\/2021\/05\/logo-bt.png","width":90,"height":71,"caption":"Boja Temper"},"image":{"@id":"https:\/\/bojatemper.rs\/#\/schema\/logo\/image\/"}}]}},"_links":{"self":[{"href":"https:\/\/bojatemper.rs\/index.php\/wp-json\/wp\/v2\/pages\/1847","targetHints":{"allow":["GET"]}}],"collection":[{"href":"https:\/\/bojatemper.rs\/index.php\/wp-json\/wp\/v2\/pages"}],"about":[{"href":"https:\/\/bojatemper.rs\/index.php\/wp-json\/wp\/v2\/types\/page"}],"author":[{"embeddable":true,"href":"https:\/\/bojatemper.rs\/index.php\/wp-json\/wp\/v2\/users\/1"}],"replies":[{"embeddable":true,"href":"https:\/\/bojatemper.rs\/index.php\/wp-json\/wp\/v2\/comments?post=1847"}],"version-history":[{"count":227,"href":"https:\/\/bojatemper.rs\/index.php\/wp-json\/wp\/v2\/pages\/1847\/revisions"}],"predecessor-version":[{"id":9271,"href":"https:\/\/bojatemper.rs\/index.php\/wp-json\/wp\/v2\/pages\/1847\/revisions\/9271"}],"wp:attachment":[{"href":"https:\/\/bojatemper.rs\/index.php\/wp-json\/wp\/v2\/media?parent=1847"}],"curies":[{"name":"wp","href":"https:\/\/api.w.org\/{rel}","templated":true}]}}