{"id":1860,"date":"2021-03-03T14:38:14","date_gmt":"2021-03-03T14:38:14","guid":{"rendered":"https:\/\/bojatemper.rs\/?page_id=1860"},"modified":"2021-08-17T13:51:21","modified_gmt":"2021-08-17T13:51:21","slug":"izolacioni","status":"publish","type":"page","link":"https:\/\/bojatemper.rs\/index.php\/izolacioni\/","title":{"rendered":"Izolacioni"},"content":{"rendered":"\t\t<div data-elementor-type=\"wp-page\" data-elementor-id=\"1860\" class=\"elementor elementor-1860\">\n\t\t\t\t\t\t<section class=\"elementor-section elementor-top-section elementor-element elementor-element-6b066b3 elementor-section-boxed elementor-section-height-default elementor-section-height-default\" data-id=\"6b066b3\" data-element_type=\"section\" data-e-type=\"section\">\n\t\t\t\t\t\t<div class=\"elementor-container elementor-column-gap-default\">\n\t\t\t\t\t<div class=\"elementor-column elementor-col-100 elementor-top-column elementor-element elementor-element-fdc64e7\" data-id=\"fdc64e7\" data-element_type=\"column\" data-e-type=\"column\">\n\t\t\t<div class=\"elementor-widget-wrap elementor-element-populated\">\n\t\t\t\t\t\t<div class=\"elementor-element elementor-element-ca09beb elementor-widget elementor-widget-heading\" data-id=\"ca09beb\" data-element_type=\"widget\" data-e-type=\"widget\" data-widget_type=\"heading.default\">\n\t\t\t\t<div class=\"elementor-widget-container\">\n\t\t\t\t\t<h2 class=\"elementor-heading-title elementor-size-default\">IZOLACIONI MATERIJAL<\/h2>\t\t\t\t<\/div>\n\t\t\t\t<\/div>\n\t\t\t\t<div class=\"elementor-element elementor-element-5c8cf67 elementor-widget elementor-widget-text-editor\" data-id=\"5c8cf67\" data-element_type=\"widget\" data-e-type=\"widget\" data-widget_type=\"text-editor.default\">\n\t\t\t\t<div class=\"elementor-widget-container\">\n\t\t\t\t\t\t\t\t\t<p>Ovde mo\u017eete prona\u0107i adekvatne materijale za gra\u0111evinske\u00a0radove.<\/p>\t\t\t\t\t\t\t\t<\/div>\n\t\t\t\t<\/div>\n\t\t\t\t\t<\/div>\n\t\t<\/div>\n\t\t\t\t\t<\/div>\n\t\t<\/section>\n\t\t\t\t<section class=\"elementor-section elementor-top-section elementor-element elementor-element-178872f elementor-section-boxed elementor-section-height-default elementor-section-height-default\" data-id=\"178872f\" data-element_type=\"section\" data-e-type=\"section\">\n\t\t\t\t\t\t<div class=\"elementor-container elementor-column-gap-default\">\n\t\t\t\t\t<div class=\"elementor-column elementor-col-20 elementor-top-column elementor-element elementor-element-2c895f5\" data-id=\"2c895f5\" data-element_type=\"column\" data-e-type=\"column\">\n\t\t\t<div class=\"elementor-widget-wrap elementor-element-populated\">\n\t\t\t\t\t\t<div class=\"elementor-element elementor-element-38108b6 elementor-position-top elementor-widget elementor-widget-image-box\" data-id=\"38108b6\" data-element_type=\"widget\" data-e-type=\"widget\" data-widget_type=\"image-box.default\">\n\t\t\t\t<div class=\"elementor-widget-container\">\n\t\t\t\t\t<div class=\"elementor-image-box-wrapper\"><figure class=\"elementor-image-box-img\"><img fetchpriority=\"high\" decoding=\"async\" width=\"501\" height=\"502\" src=\"https:\/\/bojatemper.rs\/wp-content\/uploads\/2021\/04\/mrezica-fasadna-plava-sajt.png\" class=\"elementor-animation-grow attachment-full size-full wp-image-7088\" alt=\"mrezica-fasadna-plava-sajt\" srcset=\"https:\/\/bojatemper.rs\/wp-content\/uploads\/2021\/04\/mrezica-fasadna-plava-sajt.png 501w, https:\/\/bojatemper.rs\/wp-content\/uploads\/2021\/04\/mrezica-fasadna-plava-sajt-300x300.png 300w, https:\/\/bojatemper.rs\/wp-content\/uploads\/2021\/04\/mrezica-fasadna-plava-sajt-150x150.png 150w\" sizes=\"(max-width: 501px) 100vw, 501px\" \/><\/figure><div class=\"elementor-image-box-content\"><h3 class=\"elementor-image-box-title\">MRE\u017dICA FASADNA <\/h3><p class=\"elementor-image-box-description\">Koristi se za izradu sloja sa stiroporom i kamenom vunom.<\/p><\/div><\/div>\t\t\t\t<\/div>\n\t\t\t\t<\/div>\n\t\t\t\t<div class=\"elementor-element elementor-element-f5cc441 elementor-position-top elementor-widget elementor-widget-image-box\" data-id=\"f5cc441\" data-element_type=\"widget\" data-e-type=\"widget\" data-widget_type=\"image-box.default\">\n\t\t\t\t<div class=\"elementor-widget-container\">\n\t\t\t\t\t<div class=\"elementor-image-box-wrapper\"><figure class=\"elementor-image-box-img\"><img decoding=\"async\" width=\"501\" height=\"502\" src=\"https:\/\/bojatemper.rs\/wp-content\/uploads\/2021\/04\/tipl-sajt.png\" class=\"elementor-animation-grow attachment-full size-full wp-image-7093\" alt=\"tipl-sajt\" srcset=\"https:\/\/bojatemper.rs\/wp-content\/uploads\/2021\/04\/tipl-sajt.png 501w, https:\/\/bojatemper.rs\/wp-content\/uploads\/2021\/04\/tipl-sajt-300x300.png 300w, https:\/\/bojatemper.rs\/wp-content\/uploads\/2021\/04\/tipl-sajt-150x150.png 150w\" sizes=\"(max-width: 501px) 100vw, 501px\" \/><\/figure><div class=\"elementor-image-box-content\"><h3 class=\"elementor-image-box-title\">TIPL ZA STIROPOR<\/h3><p class=\"elementor-image-box-description\">Tipl za stiropor slu\u017ei za pri\u010dvr\u0161\u0107ivanje plo\u010da od stiropora za zid.<\/p><\/div><\/div>\t\t\t\t<\/div>\n\t\t\t\t<\/div>\n\t\t\t\t\t<\/div>\n\t\t<\/div>\n\t\t\t\t<div class=\"elementor-column elementor-col-20 elementor-top-column elementor-element elementor-element-8ff0947\" data-id=\"8ff0947\" data-element_type=\"column\" data-e-type=\"column\">\n\t\t\t<div class=\"elementor-widget-wrap elementor-element-populated\">\n\t\t\t\t\t\t<div class=\"elementor-element elementor-element-a19455d elementor-position-top elementor-widget elementor-widget-image-box\" data-id=\"a19455d\" data-element_type=\"widget\" data-e-type=\"widget\" data-widget_type=\"image-box.default\">\n\t\t\t\t<div class=\"elementor-widget-container\">\n\t\t\t\t\t<div class=\"elementor-image-box-wrapper\"><figure class=\"elementor-image-box-img\"><img decoding=\"async\" width=\"501\" height=\"502\" src=\"https:\/\/bojatemper.rs\/wp-content\/uploads\/2021\/04\/mrezica-fasadna-bela-sajt.png\" class=\"elementor-animation-grow attachment-full size-full wp-image-7089\" alt=\"\" srcset=\"https:\/\/bojatemper.rs\/wp-content\/uploads\/2021\/04\/mrezica-fasadna-bela-sajt.png 501w, https:\/\/bojatemper.rs\/wp-content\/uploads\/2021\/04\/mrezica-fasadna-bela-sajt-300x300.png 300w, https:\/\/bojatemper.rs\/wp-content\/uploads\/2021\/04\/mrezica-fasadna-bela-sajt-150x150.png 150w\" sizes=\"(max-width: 501px) 100vw, 501px\" \/><\/figure><div class=\"elementor-image-box-content\"><h3 class=\"elementor-image-box-title\">MRE\u017dICA FASADNA<\/h3><p class=\"elementor-image-box-description\">Koristi se za izradu sloja sa stiroporom i kamenom vunom.<\/p><\/div><\/div>\t\t\t\t<\/div>\n\t\t\t\t<\/div>\n\t\t\t\t<div class=\"elementor-element elementor-element-ef39817 elementor-position-top elementor-widget elementor-widget-image-box\" data-id=\"ef39817\" data-element_type=\"widget\" data-e-type=\"widget\" data-widget_type=\"image-box.default\">\n\t\t\t\t<div class=\"elementor-widget-container\">\n\t\t\t\t\t<div class=\"elementor-image-box-wrapper\"><figure class=\"elementor-image-box-img\"><img loading=\"lazy\" decoding=\"async\" width=\"501\" height=\"502\" src=\"https:\/\/bojatemper.rs\/wp-content\/uploads\/2021\/04\/vuna-sajt.png\" class=\"elementor-animation-grow attachment-full size-full wp-image-7094\" alt=\"\" srcset=\"https:\/\/bojatemper.rs\/wp-content\/uploads\/2021\/04\/vuna-sajt.png 501w, https:\/\/bojatemper.rs\/wp-content\/uploads\/2021\/04\/vuna-sajt-300x300.png 300w, https:\/\/bojatemper.rs\/wp-content\/uploads\/2021\/04\/vuna-sajt-150x150.png 150w\" sizes=\"(max-width: 501px) 100vw, 501px\" \/><\/figure><div class=\"elementor-image-box-content\"><h3 class=\"elementor-image-box-title\">MINERALNA VUNA<\/h3><p class=\"elementor-image-box-description\">Vuna je prirodni ekolo\u0161ki termo i zvu\u010dno izolacioni materijal.<\/p><\/div><\/div>\t\t\t\t<\/div>\n\t\t\t\t<\/div>\n\t\t\t\t\t<\/div>\n\t\t<\/div>\n\t\t\t\t<div class=\"elementor-column elementor-col-20 elementor-top-column elementor-element elementor-element-163ba1c\" data-id=\"163ba1c\" data-element_type=\"column\" data-e-type=\"column\">\n\t\t\t<div class=\"elementor-widget-wrap elementor-element-populated\">\n\t\t\t\t\t\t<div class=\"elementor-element elementor-element-9e541ce elementor-position-top elementor-widget elementor-widget-image-box\" data-id=\"9e541ce\" data-element_type=\"widget\" data-e-type=\"widget\" data-widget_type=\"image-box.default\">\n\t\t\t\t<div class=\"elementor-widget-container\">\n\t\t\t\t\t<div class=\"elementor-image-box-wrapper\"><figure class=\"elementor-image-box-img\"><img loading=\"lazy\" decoding=\"async\" width=\"501\" height=\"502\" src=\"https:\/\/bojatemper.rs\/wp-content\/uploads\/2021\/04\/stirodur-sajt.png\" class=\"elementor-animation-grow attachment-full size-full wp-image-7090\" alt=\"stirodur-sajt\" srcset=\"https:\/\/bojatemper.rs\/wp-content\/uploads\/2021\/04\/stirodur-sajt.png 501w, https:\/\/bojatemper.rs\/wp-content\/uploads\/2021\/04\/stirodur-sajt-300x300.png 300w, https:\/\/bojatemper.rs\/wp-content\/uploads\/2021\/04\/stirodur-sajt-150x150.png 150w\" sizes=\"(max-width: 501px) 100vw, 501px\" \/><\/figure><div class=\"elementor-image-box-content\"><h3 class=\"elementor-image-box-title\">STIRODUR 1,2,3cm<\/h3><p class=\"elementor-image-box-description\">Termoizolaciona plo\u010da primenjivana na unutr. i spolja. stranama zidova.<\/p><\/div><\/div>\t\t\t\t<\/div>\n\t\t\t\t<\/div>\n\t\t\t\t<div class=\"elementor-element elementor-element-7b4c41f elementor-position-top elementor-widget elementor-widget-image-box\" data-id=\"7b4c41f\" data-element_type=\"widget\" data-e-type=\"widget\" data-widget_type=\"image-box.default\">\n\t\t\t\t<div class=\"elementor-widget-container\">\n\t\t\t\t\t<div class=\"elementor-image-box-wrapper\"><figure class=\"elementor-image-box-img\"><img loading=\"lazy\" decoding=\"async\" width=\"501\" height=\"502\" src=\"https:\/\/bojatemper.rs\/wp-content\/uploads\/2021\/04\/isomat33-sajt.png\" class=\"elementor-animation-grow attachment-full size-full wp-image-7095\" alt=\"\" srcset=\"https:\/\/bojatemper.rs\/wp-content\/uploads\/2021\/04\/isomat33-sajt.png 501w, https:\/\/bojatemper.rs\/wp-content\/uploads\/2021\/04\/isomat33-sajt-300x300.png 300w, https:\/\/bojatemper.rs\/wp-content\/uploads\/2021\/04\/isomat33-sajt-150x150.png 150w\" sizes=\"(max-width: 501px) 100vw, 501px\" \/><\/figure><div class=\"elementor-image-box-content\"><h3 class=\"elementor-image-box-title\">ISOMAT AK-T33 25kg<\/h3><p class=\"elementor-image-box-description\">Koristi se za lepljenje termoizolacionih plo\u010da na cementne podloge.<\/p><\/div><\/div>\t\t\t\t<\/div>\n\t\t\t\t<\/div>\n\t\t\t\t\t<\/div>\n\t\t<\/div>\n\t\t\t\t<div class=\"elementor-column elementor-col-20 elementor-top-column elementor-element elementor-element-c911bac\" data-id=\"c911bac\" data-element_type=\"column\" data-e-type=\"column\">\n\t\t\t<div class=\"elementor-widget-wrap elementor-element-populated\">\n\t\t\t\t\t\t<div class=\"elementor-element elementor-element-3b4dc76 elementor-position-top elementor-widget elementor-widget-image-box\" data-id=\"3b4dc76\" data-element_type=\"widget\" data-e-type=\"widget\" data-widget_type=\"image-box.default\">\n\t\t\t\t<div class=\"elementor-widget-container\">\n\t\t\t\t\t<div class=\"elementor-image-box-wrapper\"><figure class=\"elementor-image-box-img\"><img loading=\"lazy\" decoding=\"async\" width=\"501\" height=\"502\" src=\"https:\/\/bojatemper.rs\/wp-content\/uploads\/2021\/04\/stiropor-sajt.png\" class=\"elementor-animation-grow attachment-full size-full wp-image-7091\" alt=\"stiropor-sajt\" srcset=\"https:\/\/bojatemper.rs\/wp-content\/uploads\/2021\/04\/stiropor-sajt.png 501w, https:\/\/bojatemper.rs\/wp-content\/uploads\/2021\/04\/stiropor-sajt-300x300.png 300w, https:\/\/bojatemper.rs\/wp-content\/uploads\/2021\/04\/stiropor-sajt-150x150.png 150w\" sizes=\"(max-width: 501px) 100vw, 501px\" \/><\/figure><div class=\"elementor-image-box-content\"><h3 class=\"elementor-image-box-title\">STIROPOR 1,2,3,5,8cm<\/h3><p class=\"elementor-image-box-description\">Termoizolaciona plo\u010da primenjivana na unutr. i spolja. stranama zidova.<\/p><\/div><\/div>\t\t\t\t<\/div>\n\t\t\t\t<\/div>\n\t\t\t\t<div class=\"elementor-element elementor-element-72d29f0 elementor-position-top elementor-widget elementor-widget-image-box\" data-id=\"72d29f0\" data-element_type=\"widget\" data-e-type=\"widget\" data-widget_type=\"image-box.default\">\n\t\t\t\t<div class=\"elementor-widget-container\">\n\t\t\t\t\t<div class=\"elementor-image-box-wrapper\"><figure class=\"elementor-image-box-img\"><img loading=\"lazy\" decoding=\"async\" width=\"501\" height=\"502\" src=\"https:\/\/bojatemper.rs\/wp-content\/uploads\/2021\/04\/grund-sajt.png\" class=\"elementor-animation-grow attachment-full size-full wp-image-7096\" alt=\"grund-sajt\" srcset=\"https:\/\/bojatemper.rs\/wp-content\/uploads\/2021\/04\/grund-sajt.png 501w, https:\/\/bojatemper.rs\/wp-content\/uploads\/2021\/04\/grund-sajt-300x300.png 300w, https:\/\/bojatemper.rs\/wp-content\/uploads\/2021\/04\/grund-sajt-150x150.png 150w\" sizes=\"(max-width: 501px) 100vw, 501px\" \/><\/figure><div class=\"elementor-image-box-content\"><h3 class=\"elementor-image-box-title\">GRUND 5,18kg<\/h3><p class=\"elementor-image-box-description\">Premaz kojim se podloga priprema za nano\u0161enje akrilnih maltera.<\/p><\/div><\/div>\t\t\t\t<\/div>\n\t\t\t\t<\/div>\n\t\t\t\t\t<\/div>\n\t\t<\/div>\n\t\t\t\t<div class=\"elementor-column elementor-col-20 elementor-top-column elementor-element elementor-element-58e13fb\" data-id=\"58e13fb\" data-element_type=\"column\" data-e-type=\"column\">\n\t\t\t<div class=\"elementor-widget-wrap elementor-element-populated\">\n\t\t\t\t\t\t<div class=\"elementor-element elementor-element-42a78d9 elementor-position-top elementor-widget elementor-widget-image-box\" data-id=\"42a78d9\" data-element_type=\"widget\" data-e-type=\"widget\" data-widget_type=\"image-box.default\">\n\t\t\t\t<div class=\"elementor-widget-container\">\n\t\t\t\t\t<div class=\"elementor-image-box-wrapper\"><figure class=\"elementor-image-box-img\"><img loading=\"lazy\" decoding=\"async\" width=\"501\" height=\"502\" src=\"https:\/\/bojatemper.rs\/wp-content\/uploads\/2021\/04\/lajsna-sa-mrezicom-sajt.png\" class=\"elementor-animation-grow attachment-full size-full wp-image-7092\" alt=\"\" srcset=\"https:\/\/bojatemper.rs\/wp-content\/uploads\/2021\/04\/lajsna-sa-mrezicom-sajt.png 501w, https:\/\/bojatemper.rs\/wp-content\/uploads\/2021\/04\/lajsna-sa-mrezicom-sajt-300x300.png 300w, https:\/\/bojatemper.rs\/wp-content\/uploads\/2021\/04\/lajsna-sa-mrezicom-sajt-150x150.png 150w\" sizes=\"(max-width: 501px) 100vw, 501px\" \/><\/figure><div class=\"elementor-image-box-content\"><h3 class=\"elementor-image-box-title\">LAJSNA SA MR. 2,5m<\/h3><p class=\"elementor-image-box-description\">Lajsna sa staklenom mre\u017eicom se primenjuje za oja\u010danje i za\u0161titu ivica.<\/p><\/div><\/div>\t\t\t\t<\/div>\n\t\t\t\t<\/div>\n\t\t\t\t<div class=\"elementor-element elementor-element-63ea294 elementor-position-top elementor-widget elementor-widget-image-box\" data-id=\"63ea294\" data-element_type=\"widget\" data-e-type=\"widget\" data-widget_type=\"image-box.default\">\n\t\t\t\t<div class=\"elementor-widget-container\">\n\t\t\t\t\t<div class=\"elementor-image-box-wrapper\"><figure class=\"elementor-image-box-img\"><img loading=\"lazy\" decoding=\"async\" width=\"502\" height=\"502\" src=\"https:\/\/bojatemper.rs\/wp-content\/uploads\/2021\/04\/akrilni-malter-sajt.png\" class=\"elementor-animation-grow attachment-full size-full wp-image-7097\" alt=\"akrilni-malter-sajt\" srcset=\"https:\/\/bojatemper.rs\/wp-content\/uploads\/2021\/04\/akrilni-malter-sajt.png 502w, https:\/\/bojatemper.rs\/wp-content\/uploads\/2021\/04\/akrilni-malter-sajt-300x300.png 300w, https:\/\/bojatemper.rs\/wp-content\/uploads\/2021\/04\/akrilni-malter-sajt-150x150.png 150w\" sizes=\"(max-width: 502px) 100vw, 502px\" \/><\/figure><div class=\"elementor-image-box-content\"><h3 class=\"elementor-image-box-title\">MALTER 25kg<\/h3><p class=\"elementor-image-box-description\">Dekorativni malter sa visokom cvrstinom i vodoodbojno\u0161cu. <\/p><\/div><\/div>\t\t\t\t<\/div>\n\t\t\t\t<\/div>\n\t\t\t\t\t<\/div>\n\t\t<\/div>\n\t\t\t\t\t<\/div>\n\t\t<\/section>\n\t\t\t\t<\/div>\n\t\t","protected":false},"excerpt":{"rendered":"<p>IZOLACIONI MATERIJAL Ovde mo\u017eete prona\u0107i adekvatne materijale za gra\u0111evinske\u00a0radove. MRE\u017dICA FASADNA Koristi se za izradu sloja sa stiroporom i kamenom vunom. TIPL ZA STIROPOR Tipl za stiropor slu\u017ei za pri\u010dvr\u0161\u0107ivanje plo\u010da od stiropora za zid. MRE\u017dICA FASADNA Koristi se za izradu sloja sa stiroporom i kamenom vunom. MINERALNA VUNA Vuna je prirodni ekolo\u0161ki termo i [&hellip;]<\/p>\n","protected":false},"author":1,"featured_media":0,"parent":0,"menu_order":0,"comment_status":"closed","ping_status":"closed","template":"","meta":{"content-type":"","footnotes":""},"class_list":["post-1860","page","type-page","status-publish","hentry"],"yoast_head":"<!-- This site is optimized with the Yoast SEO plugin v27.5 - https:\/\/yoast.com\/product\/yoast-seo-wordpress\/ -->\n<title>Izolacioni - Boja Temper<\/title>\n<meta name=\"robots\" content=\"noindex, nofollow\" \/>\n<meta property=\"og:locale\" content=\"en_US\" \/>\n<meta property=\"og:type\" content=\"article\" \/>\n<meta property=\"og:title\" content=\"Izolacioni - Boja Temper\" \/>\n<meta property=\"og:description\" content=\"IZOLACIONI MATERIJAL Ovde mo\u017eete prona\u0107i adekvatne materijale za gra\u0111evinske\u00a0radove. MRE\u017dICA FASADNA Koristi se za izradu sloja sa stiroporom i kamenom vunom. TIPL ZA STIROPOR Tipl za stiropor slu\u017ei za pri\u010dvr\u0161\u0107ivanje plo\u010da od stiropora za zid. MRE\u017dICA FASADNA Koristi se za izradu sloja sa stiroporom i kamenom vunom. MINERALNA VUNA Vuna je prirodni ekolo\u0161ki termo i [&hellip;]\" \/>\n<meta property=\"og:url\" content=\"https:\/\/bojatemper.rs\/index.php\/izolacioni\/\" \/>\n<meta property=\"og:site_name\" content=\"Boja Temper\" \/>\n<meta property=\"article:modified_time\" content=\"2021-08-17T13:51:21+00:00\" \/>\n<meta property=\"og:image\" content=\"https:\/\/bojatemper.rs\/wp-content\/uploads\/2021\/04\/mrezica-fasadna-plava-sajt.png\" \/>\n<meta name=\"twitter:card\" content=\"summary_large_image\" \/>\n<meta name=\"twitter:label1\" content=\"Est. reading time\" \/>\n\t<meta name=\"twitter:data1\" content=\"3 minutes\" \/>\n<script type=\"application\/ld+json\" class=\"yoast-schema-graph\">{\"@context\":\"https:\\\/\\\/schema.org\",\"@graph\":[{\"@type\":\"WebPage\",\"@id\":\"https:\\\/\\\/bojatemper.rs\\\/index.php\\\/izolacioni\\\/\",\"url\":\"https:\\\/\\\/bojatemper.rs\\\/index.php\\\/izolacioni\\\/\",\"name\":\"Izolacioni - Boja Temper\",\"isPartOf\":{\"@id\":\"https:\\\/\\\/bojatemper.rs\\\/#website\"},\"primaryImageOfPage\":{\"@id\":\"https:\\\/\\\/bojatemper.rs\\\/index.php\\\/izolacioni\\\/#primaryimage\"},\"image\":{\"@id\":\"https:\\\/\\\/bojatemper.rs\\\/index.php\\\/izolacioni\\\/#primaryimage\"},\"thumbnailUrl\":\"https:\\\/\\\/bojatemper.rs\\\/wp-content\\\/uploads\\\/2021\\\/04\\\/mrezica-fasadna-plava-sajt.png\",\"datePublished\":\"2021-03-03T14:38:14+00:00\",\"dateModified\":\"2021-08-17T13:51:21+00:00\",\"breadcrumb\":{\"@id\":\"https:\\\/\\\/bojatemper.rs\\\/index.php\\\/izolacioni\\\/#breadcrumb\"},\"inLanguage\":\"en-US\",\"potentialAction\":[{\"@type\":\"ReadAction\",\"target\":[\"https:\\\/\\\/bojatemper.rs\\\/index.php\\\/izolacioni\\\/\"]}]},{\"@type\":\"ImageObject\",\"inLanguage\":\"en-US\",\"@id\":\"https:\\\/\\\/bojatemper.rs\\\/index.php\\\/izolacioni\\\/#primaryimage\",\"url\":\"https:\\\/\\\/bojatemper.rs\\\/wp-content\\\/uploads\\\/2021\\\/04\\\/mrezica-fasadna-plava-sajt.png\",\"contentUrl\":\"https:\\\/\\\/bojatemper.rs\\\/wp-content\\\/uploads\\\/2021\\\/04\\\/mrezica-fasadna-plava-sajt.png\",\"width\":501,\"height\":502,\"caption\":\"mrezica-fasadna-plava-sajt\"},{\"@type\":\"BreadcrumbList\",\"@id\":\"https:\\\/\\\/bojatemper.rs\\\/index.php\\\/izolacioni\\\/#breadcrumb\",\"itemListElement\":[{\"@type\":\"ListItem\",\"position\":1,\"name\":\"Home\",\"item\":\"https:\\\/\\\/bojatemper.rs\\\/\"},{\"@type\":\"ListItem\",\"position\":2,\"name\":\"Izolacioni\"}]},{\"@type\":\"WebSite\",\"@id\":\"https:\\\/\\\/bojatemper.rs\\\/#website\",\"url\":\"https:\\\/\\\/bojatemper.rs\\\/\",\"name\":\"Boja Temper\",\"description\":\"\",\"publisher\":{\"@id\":\"https:\\\/\\\/bojatemper.rs\\\/#organization\"},\"potentialAction\":[{\"@type\":\"SearchAction\",\"target\":{\"@type\":\"EntryPoint\",\"urlTemplate\":\"https:\\\/\\\/bojatemper.rs\\\/?s={search_term_string}\"},\"query-input\":{\"@type\":\"PropertyValueSpecification\",\"valueRequired\":true,\"valueName\":\"search_term_string\"}}],\"inLanguage\":\"en-US\"},{\"@type\":\"Organization\",\"@id\":\"https:\\\/\\\/bojatemper.rs\\\/#organization\",\"name\":\"Boja Temper\",\"url\":\"https:\\\/\\\/bojatemper.rs\\\/\",\"logo\":{\"@type\":\"ImageObject\",\"inLanguage\":\"en-US\",\"@id\":\"https:\\\/\\\/bojatemper.rs\\\/#\\\/schema\\\/logo\\\/image\\\/\",\"url\":\"https:\\\/\\\/bojatemper.rs\\\/wp-content\\\/uploads\\\/2021\\\/05\\\/logo-bt.png\",\"contentUrl\":\"https:\\\/\\\/bojatemper.rs\\\/wp-content\\\/uploads\\\/2021\\\/05\\\/logo-bt.png\",\"width\":90,\"height\":71,\"caption\":\"Boja Temper\"},\"image\":{\"@id\":\"https:\\\/\\\/bojatemper.rs\\\/#\\\/schema\\\/logo\\\/image\\\/\"}}]}<\/script>\n<!-- \/ Yoast SEO plugin. -->","yoast_head_json":{"title":"Izolacioni - Boja Temper","robots":{"index":"noindex","follow":"nofollow"},"og_locale":"en_US","og_type":"article","og_title":"Izolacioni - Boja Temper","og_description":"IZOLACIONI MATERIJAL Ovde mo\u017eete prona\u0107i adekvatne materijale za gra\u0111evinske\u00a0radove. MRE\u017dICA FASADNA Koristi se za izradu sloja sa stiroporom i kamenom vunom. TIPL ZA STIROPOR Tipl za stiropor slu\u017ei za pri\u010dvr\u0161\u0107ivanje plo\u010da od stiropora za zid. MRE\u017dICA FASADNA Koristi se za izradu sloja sa stiroporom i kamenom vunom. MINERALNA VUNA Vuna je prirodni ekolo\u0161ki termo i [&hellip;]","og_url":"https:\/\/bojatemper.rs\/index.php\/izolacioni\/","og_site_name":"Boja Temper","article_modified_time":"2021-08-17T13:51:21+00:00","og_image":[{"url":"https:\/\/bojatemper.rs\/wp-content\/uploads\/2021\/04\/mrezica-fasadna-plava-sajt.png","type":"","width":"","height":""}],"twitter_card":"summary_large_image","twitter_misc":{"Est. reading time":"3 minutes"},"schema":{"@context":"https:\/\/schema.org","@graph":[{"@type":"WebPage","@id":"https:\/\/bojatemper.rs\/index.php\/izolacioni\/","url":"https:\/\/bojatemper.rs\/index.php\/izolacioni\/","name":"Izolacioni - Boja Temper","isPartOf":{"@id":"https:\/\/bojatemper.rs\/#website"},"primaryImageOfPage":{"@id":"https:\/\/bojatemper.rs\/index.php\/izolacioni\/#primaryimage"},"image":{"@id":"https:\/\/bojatemper.rs\/index.php\/izolacioni\/#primaryimage"},"thumbnailUrl":"https:\/\/bojatemper.rs\/wp-content\/uploads\/2021\/04\/mrezica-fasadna-plava-sajt.png","datePublished":"2021-03-03T14:38:14+00:00","dateModified":"2021-08-17T13:51:21+00:00","breadcrumb":{"@id":"https:\/\/bojatemper.rs\/index.php\/izolacioni\/#breadcrumb"},"inLanguage":"en-US","potentialAction":[{"@type":"ReadAction","target":["https:\/\/bojatemper.rs\/index.php\/izolacioni\/"]}]},{"@type":"ImageObject","inLanguage":"en-US","@id":"https:\/\/bojatemper.rs\/index.php\/izolacioni\/#primaryimage","url":"https:\/\/bojatemper.rs\/wp-content\/uploads\/2021\/04\/mrezica-fasadna-plava-sajt.png","contentUrl":"https:\/\/bojatemper.rs\/wp-content\/uploads\/2021\/04\/mrezica-fasadna-plava-sajt.png","width":501,"height":502,"caption":"mrezica-fasadna-plava-sajt"},{"@type":"BreadcrumbList","@id":"https:\/\/bojatemper.rs\/index.php\/izolacioni\/#breadcrumb","itemListElement":[{"@type":"ListItem","position":1,"name":"Home","item":"https:\/\/bojatemper.rs\/"},{"@type":"ListItem","position":2,"name":"Izolacioni"}]},{"@type":"WebSite","@id":"https:\/\/bojatemper.rs\/#website","url":"https:\/\/bojatemper.rs\/","name":"Boja Temper","description":"","publisher":{"@id":"https:\/\/bojatemper.rs\/#organization"},"potentialAction":[{"@type":"SearchAction","target":{"@type":"EntryPoint","urlTemplate":"https:\/\/bojatemper.rs\/?s={search_term_string}"},"query-input":{"@type":"PropertyValueSpecification","valueRequired":true,"valueName":"search_term_string"}}],"inLanguage":"en-US"},{"@type":"Organization","@id":"https:\/\/bojatemper.rs\/#organization","name":"Boja Temper","url":"https:\/\/bojatemper.rs\/","logo":{"@type":"ImageObject","inLanguage":"en-US","@id":"https:\/\/bojatemper.rs\/#\/schema\/logo\/image\/","url":"https:\/\/bojatemper.rs\/wp-content\/uploads\/2021\/05\/logo-bt.png","contentUrl":"https:\/\/bojatemper.rs\/wp-content\/uploads\/2021\/05\/logo-bt.png","width":90,"height":71,"caption":"Boja Temper"},"image":{"@id":"https:\/\/bojatemper.rs\/#\/schema\/logo\/image\/"}}]}},"_links":{"self":[{"href":"https:\/\/bojatemper.rs\/index.php\/wp-json\/wp\/v2\/pages\/1860","targetHints":{"allow":["GET"]}}],"collection":[{"href":"https:\/\/bojatemper.rs\/index.php\/wp-json\/wp\/v2\/pages"}],"about":[{"href":"https:\/\/bojatemper.rs\/index.php\/wp-json\/wp\/v2\/types\/page"}],"author":[{"embeddable":true,"href":"https:\/\/bojatemper.rs\/index.php\/wp-json\/wp\/v2\/users\/1"}],"replies":[{"embeddable":true,"href":"https:\/\/bojatemper.rs\/index.php\/wp-json\/wp\/v2\/comments?post=1860"}],"version-history":[{"count":368,"href":"https:\/\/bojatemper.rs\/index.php\/wp-json\/wp\/v2\/pages\/1860\/revisions"}],"predecessor-version":[{"id":9259,"href":"https:\/\/bojatemper.rs\/index.php\/wp-json\/wp\/v2\/pages\/1860\/revisions\/9259"}],"wp:attachment":[{"href":"https:\/\/bojatemper.rs\/index.php\/wp-json\/wp\/v2\/media?parent=1860"}],"curies":[{"name":"wp","href":"https:\/\/api.w.org\/{rel}","templated":true}]}}