{"id":1878,"date":"2021-03-03T14:42:58","date_gmt":"2021-03-03T14:42:58","guid":{"rendered":"https:\/\/bojatemper.rs\/?page_id=1878"},"modified":"2021-08-17T13:52:56","modified_gmt":"2021-08-17T13:52:56","slug":"za-vozilo","status":"publish","type":"page","link":"https:\/\/bojatemper.rs\/index.php\/za-vozilo\/","title":{"rendered":"Za vozilo"},"content":{"rendered":"\t\t<div data-elementor-type=\"wp-page\" data-elementor-id=\"1878\" class=\"elementor elementor-1878\">\n\t\t\t\t\t\t<section class=\"elementor-section elementor-top-section elementor-element elementor-element-e9bb1a8 elementor-section-boxed elementor-section-height-default elementor-section-height-default\" data-id=\"e9bb1a8\" data-element_type=\"section\" data-e-type=\"section\">\n\t\t\t\t\t\t<div class=\"elementor-container elementor-column-gap-default\">\n\t\t\t\t\t<div class=\"elementor-column elementor-col-100 elementor-top-column elementor-element elementor-element-c948ffa\" data-id=\"c948ffa\" data-element_type=\"column\" data-e-type=\"column\">\n\t\t\t<div class=\"elementor-widget-wrap elementor-element-populated\">\n\t\t\t\t\t\t<div class=\"elementor-element elementor-element-e252958 elementor-widget elementor-widget-heading\" data-id=\"e252958\" data-element_type=\"widget\" data-e-type=\"widget\" data-widget_type=\"heading.default\">\n\t\t\t\t<div class=\"elementor-widget-container\">\n\t\t\t\t\t<h2 class=\"elementor-heading-title elementor-size-default\">ZA\u0160TITA ZA VOZILO<\/h2>\t\t\t\t<\/div>\n\t\t\t\t<\/div>\n\t\t\t\t<div class=\"elementor-element elementor-element-8e04b8a elementor-widget elementor-widget-text-editor\" data-id=\"8e04b8a\" data-element_type=\"widget\" data-e-type=\"widget\" data-widget_type=\"text-editor.default\">\n\t\t\t\t<div class=\"elementor-widget-container\">\n\t\t\t\t\t\t\t\t\t<p>Ovde mo\u017eete prona\u0107i adekvatne vrste za\u0161tite za va\u0161e vozilo.<\/p>\t\t\t\t\t\t\t\t<\/div>\n\t\t\t\t<\/div>\n\t\t\t\t\t<\/div>\n\t\t<\/div>\n\t\t\t\t\t<\/div>\n\t\t<\/section>\n\t\t\t\t<section class=\"elementor-section elementor-top-section elementor-element elementor-element-432ff9c elementor-section-boxed elementor-section-height-default elementor-section-height-default\" data-id=\"432ff9c\" data-element_type=\"section\" data-e-type=\"section\">\n\t\t\t\t\t\t<div class=\"elementor-container elementor-column-gap-default\">\n\t\t\t\t\t<div class=\"elementor-column elementor-col-20 elementor-top-column elementor-element elementor-element-db63715\" data-id=\"db63715\" data-element_type=\"column\" data-e-type=\"column\">\n\t\t\t<div class=\"elementor-widget-wrap elementor-element-populated\">\n\t\t\t\t\t\t<div class=\"elementor-element elementor-element-32fefe1 elementor-position-top elementor-widget elementor-widget-image-box\" data-id=\"32fefe1\" data-element_type=\"widget\" data-e-type=\"widget\" data-widget_type=\"image-box.default\">\n\t\t\t\t<div class=\"elementor-widget-container\">\n\t\t\t\t\t<div class=\"elementor-image-box-wrapper\"><figure class=\"elementor-image-box-img\"><img fetchpriority=\"high\" decoding=\"async\" width=\"501\" height=\"501\" src=\"https:\/\/bojatemper.rs\/wp-content\/uploads\/2021\/04\/zastita-body-sajt-1.png\" class=\"elementor-animation-grow attachment-full size-full wp-image-7796\" alt=\"zastita-body-sajt\" srcset=\"https:\/\/bojatemper.rs\/wp-content\/uploads\/2021\/04\/zastita-body-sajt-1.png 501w, https:\/\/bojatemper.rs\/wp-content\/uploads\/2021\/04\/zastita-body-sajt-1-300x300.png 300w, https:\/\/bojatemper.rs\/wp-content\/uploads\/2021\/04\/zastita-body-sajt-1-150x150.png 150w\" sizes=\"(max-width: 501px) 100vw, 501px\" \/><\/figure><div class=\"elementor-image-box-content\"><h3 class=\"elementor-image-box-title\">BODY 930 1KG<\/h3><p class=\"elementor-image-box-description\">Bitumenski premaz koji obezbe\u0111uje odli\u010dnu antikorozivnu i za\u0161titu.<\/p><\/div><\/div>\t\t\t\t<\/div>\n\t\t\t\t<\/div>\n\t\t\t\t<div class=\"elementor-element elementor-element-a643eda elementor-position-top elementor-widget elementor-widget-image-box\" data-id=\"a643eda\" data-element_type=\"widget\" data-e-type=\"widget\" data-widget_type=\"image-box.default\">\n\t\t\t\t<div class=\"elementor-widget-container\">\n\t\t\t\t\t<div class=\"elementor-image-box-wrapper\"><figure class=\"elementor-image-box-img\"><img decoding=\"async\" width=\"501\" height=\"501\" src=\"https:\/\/bojatemper.rs\/wp-content\/uploads\/2021\/04\/body-999-sajt-1.png\" class=\"elementor-animation-grow attachment-full size-full wp-image-7853\" alt=\"\" srcset=\"https:\/\/bojatemper.rs\/wp-content\/uploads\/2021\/04\/body-999-sajt-1.png 501w, https:\/\/bojatemper.rs\/wp-content\/uploads\/2021\/04\/body-999-sajt-1-300x300.png 300w, https:\/\/bojatemper.rs\/wp-content\/uploads\/2021\/04\/body-999-sajt-1-150x150.png 150w\" sizes=\"(max-width: 501px) 100vw, 501px\" \/><\/figure><div class=\"elementor-image-box-content\"><h3 class=\"elementor-image-box-title\">BODY 999 1KG<\/h3><p class=\"elementor-image-box-description\">Zaptivna masa, idealna za spajanje metalnih povr\u0161ina i za zaptivanje i za\u0161titu.<\/p><\/div><\/div>\t\t\t\t<\/div>\n\t\t\t\t<\/div>\n\t\t\t\t\t<\/div>\n\t\t<\/div>\n\t\t\t\t<div class=\"elementor-column elementor-col-20 elementor-top-column elementor-element elementor-element-acf16d4\" data-id=\"acf16d4\" data-element_type=\"column\" data-e-type=\"column\">\n\t\t\t<div class=\"elementor-widget-wrap elementor-element-populated\">\n\t\t\t\t\t\t<div class=\"elementor-element elementor-element-bcb1a3a elementor-position-top elementor-widget elementor-widget-image-box\" data-id=\"bcb1a3a\" data-element_type=\"widget\" data-e-type=\"widget\" data-widget_type=\"image-box.default\">\n\t\t\t\t<div class=\"elementor-widget-container\">\n\t\t\t\t\t<div class=\"elementor-image-box-wrapper\"><figure class=\"elementor-image-box-img\"><img decoding=\"async\" width=\"501\" height=\"501\" src=\"https:\/\/bojatemper.rs\/wp-content\/uploads\/2021\/04\/body-992-sajt.png\" class=\"elementor-animation-grow attachment-full size-full wp-image-7858\" alt=\"\" srcset=\"https:\/\/bojatemper.rs\/wp-content\/uploads\/2021\/04\/body-992-sajt.png 501w, https:\/\/bojatemper.rs\/wp-content\/uploads\/2021\/04\/body-992-sajt-300x300.png 300w, https:\/\/bojatemper.rs\/wp-content\/uploads\/2021\/04\/body-992-sajt-150x150.png 150w\" sizes=\"(max-width: 501px) 100vw, 501px\" \/><\/figure><div class=\"elementor-image-box-content\"><h3 class=\"elementor-image-box-title\">BODY 992 1KG<\/h3><p class=\"elementor-image-box-description\">Prajmer pogodan za nano\u0161enje preko metalnih i drvenih povr\u0161ina.<\/p><\/div><\/div>\t\t\t\t<\/div>\n\t\t\t\t<\/div>\n\t\t\t\t<div class=\"elementor-element elementor-element-9884b23 elementor-position-top elementor-widget elementor-widget-image-box\" data-id=\"9884b23\" data-element_type=\"widget\" data-e-type=\"widget\" data-widget_type=\"image-box.default\">\n\t\t\t\t<div class=\"elementor-widget-container\">\n\t\t\t\t\t<div class=\"elementor-image-box-wrapper\"><figure class=\"elementor-image-box-img\"><img loading=\"lazy\" decoding=\"async\" width=\"501\" height=\"501\" src=\"https:\/\/bojatemper.rs\/wp-content\/uploads\/2021\/04\/akril-740-sajt.png\" class=\"elementor-animation-grow attachment-full size-full wp-image-7833\" alt=\"akril-740-sajt\" srcset=\"https:\/\/bojatemper.rs\/wp-content\/uploads\/2021\/04\/akril-740-sajt.png 501w, https:\/\/bojatemper.rs\/wp-content\/uploads\/2021\/04\/akril-740-sajt-300x300.png 300w, https:\/\/bojatemper.rs\/wp-content\/uploads\/2021\/04\/akril-740-sajt-150x150.png 150w\" sizes=\"(max-width: 501px) 100vw, 501px\" \/><\/figure><div class=\"elementor-image-box-content\"><h3 class=\"elementor-image-box-title\">ACRYL 740 1l<\/h3><p class=\"elementor-image-box-description\">Razre\u0111iva\u010d za akrilne prajmere visoke gustine i 2K zavr\u0161nih boja.<\/p><\/div><\/div>\t\t\t\t<\/div>\n\t\t\t\t<\/div>\n\t\t\t\t\t<\/div>\n\t\t<\/div>\n\t\t\t\t<div class=\"elementor-column elementor-col-20 elementor-top-column elementor-element elementor-element-05c74db\" data-id=\"05c74db\" data-element_type=\"column\" data-e-type=\"column\">\n\t\t\t<div class=\"elementor-widget-wrap elementor-element-populated\">\n\t\t\t\t\t\t<div class=\"elementor-element elementor-element-43cafc8 elementor-position-top elementor-widget elementor-widget-image-box\" data-id=\"43cafc8\" data-element_type=\"widget\" data-e-type=\"widget\" data-widget_type=\"image-box.default\">\n\t\t\t\t<div class=\"elementor-widget-container\">\n\t\t\t\t\t<div class=\"elementor-image-box-wrapper\"><figure class=\"elementor-image-box-img\"><img loading=\"lazy\" decoding=\"async\" width=\"501\" height=\"501\" src=\"https:\/\/bojatemper.rs\/wp-content\/uploads\/2021\/04\/lpplus-soft-sajt.png\" class=\"elementor-animation-grow attachment-full size-full wp-image-7807\" alt=\"lpplus-soft-sajt\" srcset=\"https:\/\/bojatemper.rs\/wp-content\/uploads\/2021\/04\/lpplus-soft-sajt.png 501w, https:\/\/bojatemper.rs\/wp-content\/uploads\/2021\/04\/lpplus-soft-sajt-300x300.png 300w, https:\/\/bojatemper.rs\/wp-content\/uploads\/2021\/04\/lpplus-soft-sajt-150x150.png 150w\" sizes=\"(max-width: 501px) 100vw, 501px\" \/><\/figure><div class=\"elementor-image-box-content\"><h3 class=\"elementor-image-box-title\">LP PLUS-SOFT 1KG<\/h3><p class=\"elementor-image-box-description\">Dvokomponentni git za povr\u0161ine od metala, drveta i poliestera.<\/p><\/div><\/div>\t\t\t\t<\/div>\n\t\t\t\t<\/div>\n\t\t\t\t<div class=\"elementor-element elementor-element-bbb8026 elementor-position-top elementor-widget elementor-widget-image-box\" data-id=\"bbb8026\" data-element_type=\"widget\" data-e-type=\"widget\" data-widget_type=\"image-box.default\">\n\t\t\t\t<div class=\"elementor-widget-container\">\n\t\t\t\t\t<div class=\"elementor-image-box-wrapper\"><figure class=\"elementor-image-box-img\"><img loading=\"lazy\" decoding=\"async\" width=\"502\" height=\"501\" src=\"https:\/\/bojatemper.rs\/wp-content\/uploads\/2021\/04\/body-950-sajt.png\" class=\"elementor-animation-grow attachment-full size-full wp-image-7843\" alt=\"\" srcset=\"https:\/\/bojatemper.rs\/wp-content\/uploads\/2021\/04\/body-950-sajt.png 502w, https:\/\/bojatemper.rs\/wp-content\/uploads\/2021\/04\/body-950-sajt-300x300.png 300w, https:\/\/bojatemper.rs\/wp-content\/uploads\/2021\/04\/body-950-sajt-150x150.png 150w\" sizes=\"(max-width: 502px) 100vw, 502px\" \/><\/figure><div class=\"elementor-image-box-content\"><h3 class=\"elementor-image-box-title\">BODY 950 1l<\/h3><p class=\"elementor-image-box-description\">Za\u0161titni materijal koji pru\u017ea zvu\u010dnu i antikorozivnu za\u0161titu.<\/p><\/div><\/div>\t\t\t\t<\/div>\n\t\t\t\t<\/div>\n\t\t\t\t\t<\/div>\n\t\t<\/div>\n\t\t\t\t<div class=\"elementor-column elementor-col-20 elementor-top-column elementor-element elementor-element-b47a6d4\" data-id=\"b47a6d4\" data-element_type=\"column\" data-e-type=\"column\">\n\t\t\t<div class=\"elementor-widget-wrap elementor-element-populated\">\n\t\t\t\t\t\t<div class=\"elementor-element elementor-element-59fc4a3 elementor-position-top elementor-widget elementor-widget-image-box\" data-id=\"59fc4a3\" data-element_type=\"widget\" data-e-type=\"widget\" data-widget_type=\"image-box.default\">\n\t\t\t\t<div class=\"elementor-widget-container\">\n\t\t\t\t\t<div class=\"elementor-image-box-wrapper\"><figure class=\"elementor-image-box-img\"><img loading=\"lazy\" decoding=\"async\" width=\"502\" height=\"501\" src=\"https:\/\/bojatemper.rs\/wp-content\/uploads\/2021\/04\/body-fiber-sajt.png\" class=\"elementor-animation-grow attachment-full size-full wp-image-7818\" alt=\"\" srcset=\"https:\/\/bojatemper.rs\/wp-content\/uploads\/2021\/04\/body-fiber-sajt.png 502w, https:\/\/bojatemper.rs\/wp-content\/uploads\/2021\/04\/body-fiber-sajt-300x300.png 300w, https:\/\/bojatemper.rs\/wp-content\/uploads\/2021\/04\/body-fiber-sajt-150x150.png 150w\" sizes=\"(max-width: 502px) 100vw, 502px\" \/><\/figure><div class=\"elementor-image-box-content\"><h3 class=\"elementor-image-box-title\">BODY-FIBER 750GR<\/h3><p class=\"elementor-image-box-description\">Git sa staklenim vlaknima, popunjava manje \u0161upljine i mesta sa korozijom.<\/p><\/div><\/div>\t\t\t\t<\/div>\n\t\t\t\t<\/div>\n\t\t\t\t<div class=\"elementor-element elementor-element-5738dab elementor-position-top elementor-widget elementor-widget-image-box\" data-id=\"5738dab\" data-element_type=\"widget\" data-e-type=\"widget\" data-widget_type=\"image-box.default\">\n\t\t\t\t<div class=\"elementor-widget-container\">\n\t\t\t\t\t<div class=\"elementor-image-box-wrapper\"><figure class=\"elementor-image-box-img\"><img loading=\"lazy\" decoding=\"async\" width=\"502\" height=\"501\" src=\"https:\/\/bojatemper.rs\/wp-content\/uploads\/2021\/04\/body-805-sajt.png\" class=\"elementor-animation-grow attachment-full size-full wp-image-7869\" alt=\"body-805-sajt\" srcset=\"https:\/\/bojatemper.rs\/wp-content\/uploads\/2021\/04\/body-805-sajt.png 502w, https:\/\/bojatemper.rs\/wp-content\/uploads\/2021\/04\/body-805-sajt-300x300.png 300w, https:\/\/bojatemper.rs\/wp-content\/uploads\/2021\/04\/body-805-sajt-150x150.png 150w\" sizes=\"(max-width: 502px) 100vw, 502px\" \/><\/figure><div class=\"elementor-image-box-content\"><h3 class=\"elementor-image-box-title\">BODY 805 1l<\/h3><p class=\"elementor-image-box-description\">Kvalitetna pasta za ma\u0161insko poliranje, gruba, za uklanjanje ogrebotina.<\/p><\/div><\/div>\t\t\t\t<\/div>\n\t\t\t\t<\/div>\n\t\t\t\t\t<\/div>\n\t\t<\/div>\n\t\t\t\t<div class=\"elementor-column elementor-col-20 elementor-top-column elementor-element elementor-element-ce00649\" data-id=\"ce00649\" data-element_type=\"column\" data-e-type=\"column\">\n\t\t\t<div class=\"elementor-widget-wrap elementor-element-populated\">\n\t\t\t\t\t\t<div class=\"elementor-element elementor-element-ec20785 elementor-position-top elementor-widget elementor-widget-image-box\" data-id=\"ec20785\" data-element_type=\"widget\" data-e-type=\"widget\" data-widget_type=\"image-box.default\">\n\t\t\t\t<div class=\"elementor-widget-container\">\n\t\t\t\t\t<div class=\"elementor-image-box-wrapper\"><figure class=\"elementor-image-box-img\"><img loading=\"lazy\" decoding=\"async\" width=\"502\" height=\"501\" src=\"https:\/\/bojatemper.rs\/wp-content\/uploads\/2021\/04\/body-soft-sajt.png\" class=\"elementor-animation-grow attachment-full size-full wp-image-7829\" alt=\"\" srcset=\"https:\/\/bojatemper.rs\/wp-content\/uploads\/2021\/04\/body-soft-sajt.png 502w, https:\/\/bojatemper.rs\/wp-content\/uploads\/2021\/04\/body-soft-sajt-300x300.png 300w, https:\/\/bojatemper.rs\/wp-content\/uploads\/2021\/04\/body-soft-sajt-150x150.png 150w\" sizes=\"(max-width: 502px) 100vw, 502px\" \/><\/figure><div class=\"elementor-image-box-content\"><h3 class=\"elementor-image-box-title\">BODY SOFT 1KG<\/h3><p class=\"elementor-image-box-description\">Git za \u010deli\u010dne limove, drvene i poliestarske podloge.<\/p><\/div><\/div>\t\t\t\t<\/div>\n\t\t\t\t<\/div>\n\t\t\t\t<div class=\"elementor-element elementor-element-4a06597 elementor-position-top elementor-widget elementor-widget-image-box\" data-id=\"4a06597\" data-element_type=\"widget\" data-e-type=\"widget\" data-widget_type=\"image-box.default\">\n\t\t\t\t<div class=\"elementor-widget-container\">\n\t\t\t\t\t<div class=\"elementor-image-box-wrapper\"><figure class=\"elementor-image-box-img\"><img loading=\"lazy\" decoding=\"async\" width=\"502\" height=\"501\" src=\"https:\/\/bojatemper.rs\/wp-content\/uploads\/2021\/04\/body-traka-sajt.png\" class=\"elementor-animation-grow attachment-full size-full wp-image-7880\" alt=\"body-traka-sajt\" srcset=\"https:\/\/bojatemper.rs\/wp-content\/uploads\/2021\/04\/body-traka-sajt.png 502w, https:\/\/bojatemper.rs\/wp-content\/uploads\/2021\/04\/body-traka-sajt-300x300.png 300w, https:\/\/bojatemper.rs\/wp-content\/uploads\/2021\/04\/body-traka-sajt-150x150.png 150w\" sizes=\"(max-width: 502px) 100vw, 502px\" \/><\/figure><div class=\"elementor-image-box-content\"><h3 class=\"elementor-image-box-title\">BODY TAPE 5M<\/h3><p class=\"elementor-image-box-description\">Dvostrana, lepljiva traka, posebno dizajnirana za ugradnju plasti\u010dnih profila.<\/p><\/div><\/div>\t\t\t\t<\/div>\n\t\t\t\t<\/div>\n\t\t\t\t\t<\/div>\n\t\t<\/div>\n\t\t\t\t\t<\/div>\n\t\t<\/section>\n\t\t\t\t<\/div>\n\t\t","protected":false},"excerpt":{"rendered":"<p>ZA\u0160TITA ZA VOZILO Ovde mo\u017eete prona\u0107i adekvatne vrste za\u0161tite za va\u0161e vozilo. BODY 930 1KG Bitumenski premaz koji obezbe\u0111uje odli\u010dnu antikorozivnu i za\u0161titu. BODY 999 1KG Zaptivna masa, idealna za spajanje metalnih povr\u0161ina i za zaptivanje i za\u0161titu. BODY 992 1KG Prajmer pogodan za nano\u0161enje preko metalnih i drvenih povr\u0161ina. ACRYL 740 1l Razre\u0111iva\u010d za [&hellip;]<\/p>\n","protected":false},"author":1,"featured_media":0,"parent":0,"menu_order":0,"comment_status":"closed","ping_status":"closed","template":"","meta":{"content-type":"","footnotes":""},"class_list":["post-1878","page","type-page","status-publish","hentry"],"yoast_head":"<!-- This site is optimized with the Yoast SEO plugin v27.5 - https:\/\/yoast.com\/product\/yoast-seo-wordpress\/ -->\n<title>Za vozilo - Boja Temper<\/title>\n<meta name=\"robots\" content=\"noindex, nofollow\" \/>\n<meta property=\"og:locale\" content=\"en_US\" \/>\n<meta property=\"og:type\" content=\"article\" \/>\n<meta property=\"og:title\" content=\"Za vozilo - Boja Temper\" \/>\n<meta property=\"og:description\" content=\"ZA\u0160TITA ZA VOZILO Ovde mo\u017eete prona\u0107i adekvatne vrste za\u0161tite za va\u0161e vozilo. BODY 930 1KG Bitumenski premaz koji obezbe\u0111uje odli\u010dnu antikorozivnu i za\u0161titu. BODY 999 1KG Zaptivna masa, idealna za spajanje metalnih povr\u0161ina i za zaptivanje i za\u0161titu. BODY 992 1KG Prajmer pogodan za nano\u0161enje preko metalnih i drvenih povr\u0161ina. ACRYL 740 1l Razre\u0111iva\u010d za [&hellip;]\" \/>\n<meta property=\"og:url\" content=\"https:\/\/bojatemper.rs\/index.php\/za-vozilo\/\" \/>\n<meta property=\"og:site_name\" content=\"Boja Temper\" \/>\n<meta property=\"article:modified_time\" content=\"2021-08-17T13:52:56+00:00\" \/>\n<meta property=\"og:image\" content=\"https:\/\/bojatemper.rs\/wp-content\/uploads\/2021\/04\/zastita-body-sajt-1.png\" \/>\n<meta name=\"twitter:card\" content=\"summary_large_image\" \/>\n<meta name=\"twitter:label1\" content=\"Est. reading time\" \/>\n\t<meta name=\"twitter:data1\" content=\"3 minutes\" \/>\n<script type=\"application\/ld+json\" class=\"yoast-schema-graph\">{\"@context\":\"https:\\\/\\\/schema.org\",\"@graph\":[{\"@type\":\"WebPage\",\"@id\":\"https:\\\/\\\/bojatemper.rs\\\/index.php\\\/za-vozilo\\\/\",\"url\":\"https:\\\/\\\/bojatemper.rs\\\/index.php\\\/za-vozilo\\\/\",\"name\":\"Za vozilo - Boja Temper\",\"isPartOf\":{\"@id\":\"https:\\\/\\\/bojatemper.rs\\\/#website\"},\"primaryImageOfPage\":{\"@id\":\"https:\\\/\\\/bojatemper.rs\\\/index.php\\\/za-vozilo\\\/#primaryimage\"},\"image\":{\"@id\":\"https:\\\/\\\/bojatemper.rs\\\/index.php\\\/za-vozilo\\\/#primaryimage\"},\"thumbnailUrl\":\"https:\\\/\\\/bojatemper.rs\\\/wp-content\\\/uploads\\\/2021\\\/04\\\/zastita-body-sajt-1.png\",\"datePublished\":\"2021-03-03T14:42:58+00:00\",\"dateModified\":\"2021-08-17T13:52:56+00:00\",\"breadcrumb\":{\"@id\":\"https:\\\/\\\/bojatemper.rs\\\/index.php\\\/za-vozilo\\\/#breadcrumb\"},\"inLanguage\":\"en-US\",\"potentialAction\":[{\"@type\":\"ReadAction\",\"target\":[\"https:\\\/\\\/bojatemper.rs\\\/index.php\\\/za-vozilo\\\/\"]}]},{\"@type\":\"ImageObject\",\"inLanguage\":\"en-US\",\"@id\":\"https:\\\/\\\/bojatemper.rs\\\/index.php\\\/za-vozilo\\\/#primaryimage\",\"url\":\"https:\\\/\\\/bojatemper.rs\\\/wp-content\\\/uploads\\\/2021\\\/04\\\/zastita-body-sajt-1.png\",\"contentUrl\":\"https:\\\/\\\/bojatemper.rs\\\/wp-content\\\/uploads\\\/2021\\\/04\\\/zastita-body-sajt-1.png\",\"width\":501,\"height\":501,\"caption\":\"zastita-body-sajt\"},{\"@type\":\"BreadcrumbList\",\"@id\":\"https:\\\/\\\/bojatemper.rs\\\/index.php\\\/za-vozilo\\\/#breadcrumb\",\"itemListElement\":[{\"@type\":\"ListItem\",\"position\":1,\"name\":\"Home\",\"item\":\"https:\\\/\\\/bojatemper.rs\\\/\"},{\"@type\":\"ListItem\",\"position\":2,\"name\":\"Za vozilo\"}]},{\"@type\":\"WebSite\",\"@id\":\"https:\\\/\\\/bojatemper.rs\\\/#website\",\"url\":\"https:\\\/\\\/bojatemper.rs\\\/\",\"name\":\"Boja Temper\",\"description\":\"\",\"publisher\":{\"@id\":\"https:\\\/\\\/bojatemper.rs\\\/#organization\"},\"potentialAction\":[{\"@type\":\"SearchAction\",\"target\":{\"@type\":\"EntryPoint\",\"urlTemplate\":\"https:\\\/\\\/bojatemper.rs\\\/?s={search_term_string}\"},\"query-input\":{\"@type\":\"PropertyValueSpecification\",\"valueRequired\":true,\"valueName\":\"search_term_string\"}}],\"inLanguage\":\"en-US\"},{\"@type\":\"Organization\",\"@id\":\"https:\\\/\\\/bojatemper.rs\\\/#organization\",\"name\":\"Boja Temper\",\"url\":\"https:\\\/\\\/bojatemper.rs\\\/\",\"logo\":{\"@type\":\"ImageObject\",\"inLanguage\":\"en-US\",\"@id\":\"https:\\\/\\\/bojatemper.rs\\\/#\\\/schema\\\/logo\\\/image\\\/\",\"url\":\"https:\\\/\\\/bojatemper.rs\\\/wp-content\\\/uploads\\\/2021\\\/05\\\/logo-bt.png\",\"contentUrl\":\"https:\\\/\\\/bojatemper.rs\\\/wp-content\\\/uploads\\\/2021\\\/05\\\/logo-bt.png\",\"width\":90,\"height\":71,\"caption\":\"Boja Temper\"},\"image\":{\"@id\":\"https:\\\/\\\/bojatemper.rs\\\/#\\\/schema\\\/logo\\\/image\\\/\"}}]}<\/script>\n<!-- \/ Yoast SEO plugin. -->","yoast_head_json":{"title":"Za vozilo - Boja Temper","robots":{"index":"noindex","follow":"nofollow"},"og_locale":"en_US","og_type":"article","og_title":"Za vozilo - Boja Temper","og_description":"ZA\u0160TITA ZA VOZILO Ovde mo\u017eete prona\u0107i adekvatne vrste za\u0161tite za va\u0161e vozilo. BODY 930 1KG Bitumenski premaz koji obezbe\u0111uje odli\u010dnu antikorozivnu i za\u0161titu. BODY 999 1KG Zaptivna masa, idealna za spajanje metalnih povr\u0161ina i za zaptivanje i za\u0161titu. BODY 992 1KG Prajmer pogodan za nano\u0161enje preko metalnih i drvenih povr\u0161ina. ACRYL 740 1l Razre\u0111iva\u010d za [&hellip;]","og_url":"https:\/\/bojatemper.rs\/index.php\/za-vozilo\/","og_site_name":"Boja Temper","article_modified_time":"2021-08-17T13:52:56+00:00","og_image":[{"url":"https:\/\/bojatemper.rs\/wp-content\/uploads\/2021\/04\/zastita-body-sajt-1.png","type":"","width":"","height":""}],"twitter_card":"summary_large_image","twitter_misc":{"Est. reading time":"3 minutes"},"schema":{"@context":"https:\/\/schema.org","@graph":[{"@type":"WebPage","@id":"https:\/\/bojatemper.rs\/index.php\/za-vozilo\/","url":"https:\/\/bojatemper.rs\/index.php\/za-vozilo\/","name":"Za vozilo - Boja Temper","isPartOf":{"@id":"https:\/\/bojatemper.rs\/#website"},"primaryImageOfPage":{"@id":"https:\/\/bojatemper.rs\/index.php\/za-vozilo\/#primaryimage"},"image":{"@id":"https:\/\/bojatemper.rs\/index.php\/za-vozilo\/#primaryimage"},"thumbnailUrl":"https:\/\/bojatemper.rs\/wp-content\/uploads\/2021\/04\/zastita-body-sajt-1.png","datePublished":"2021-03-03T14:42:58+00:00","dateModified":"2021-08-17T13:52:56+00:00","breadcrumb":{"@id":"https:\/\/bojatemper.rs\/index.php\/za-vozilo\/#breadcrumb"},"inLanguage":"en-US","potentialAction":[{"@type":"ReadAction","target":["https:\/\/bojatemper.rs\/index.php\/za-vozilo\/"]}]},{"@type":"ImageObject","inLanguage":"en-US","@id":"https:\/\/bojatemper.rs\/index.php\/za-vozilo\/#primaryimage","url":"https:\/\/bojatemper.rs\/wp-content\/uploads\/2021\/04\/zastita-body-sajt-1.png","contentUrl":"https:\/\/bojatemper.rs\/wp-content\/uploads\/2021\/04\/zastita-body-sajt-1.png","width":501,"height":501,"caption":"zastita-body-sajt"},{"@type":"BreadcrumbList","@id":"https:\/\/bojatemper.rs\/index.php\/za-vozilo\/#breadcrumb","itemListElement":[{"@type":"ListItem","position":1,"name":"Home","item":"https:\/\/bojatemper.rs\/"},{"@type":"ListItem","position":2,"name":"Za vozilo"}]},{"@type":"WebSite","@id":"https:\/\/bojatemper.rs\/#website","url":"https:\/\/bojatemper.rs\/","name":"Boja Temper","description":"","publisher":{"@id":"https:\/\/bojatemper.rs\/#organization"},"potentialAction":[{"@type":"SearchAction","target":{"@type":"EntryPoint","urlTemplate":"https:\/\/bojatemper.rs\/?s={search_term_string}"},"query-input":{"@type":"PropertyValueSpecification","valueRequired":true,"valueName":"search_term_string"}}],"inLanguage":"en-US"},{"@type":"Organization","@id":"https:\/\/bojatemper.rs\/#organization","name":"Boja Temper","url":"https:\/\/bojatemper.rs\/","logo":{"@type":"ImageObject","inLanguage":"en-US","@id":"https:\/\/bojatemper.rs\/#\/schema\/logo\/image\/","url":"https:\/\/bojatemper.rs\/wp-content\/uploads\/2021\/05\/logo-bt.png","contentUrl":"https:\/\/bojatemper.rs\/wp-content\/uploads\/2021\/05\/logo-bt.png","width":90,"height":71,"caption":"Boja Temper"},"image":{"@id":"https:\/\/bojatemper.rs\/#\/schema\/logo\/image\/"}}]}},"_links":{"self":[{"href":"https:\/\/bojatemper.rs\/index.php\/wp-json\/wp\/v2\/pages\/1878","targetHints":{"allow":["GET"]}}],"collection":[{"href":"https:\/\/bojatemper.rs\/index.php\/wp-json\/wp\/v2\/pages"}],"about":[{"href":"https:\/\/bojatemper.rs\/index.php\/wp-json\/wp\/v2\/types\/page"}],"author":[{"embeddable":true,"href":"https:\/\/bojatemper.rs\/index.php\/wp-json\/wp\/v2\/users\/1"}],"replies":[{"embeddable":true,"href":"https:\/\/bojatemper.rs\/index.php\/wp-json\/wp\/v2\/comments?post=1878"}],"version-history":[{"count":101,"href":"https:\/\/bojatemper.rs\/index.php\/wp-json\/wp\/v2\/pages\/1878\/revisions"}],"predecessor-version":[{"id":9283,"href":"https:\/\/bojatemper.rs\/index.php\/wp-json\/wp\/v2\/pages\/1878\/revisions\/9283"}],"wp:attachment":[{"href":"https:\/\/bojatemper.rs\/index.php\/wp-json\/wp\/v2\/media?parent=1878"}],"curies":[{"name":"wp","href":"https:\/\/api.w.org\/{rel}","templated":true}]}}