{"id":1879,"date":"2021-03-03T14:42:58","date_gmt":"2021-03-03T14:42:58","guid":{"rendered":"https:\/\/bojatemper.rs\/?page_id=1879"},"modified":"2021-08-17T13:53:01","modified_gmt":"2021-08-17T13:53:01","slug":"za-prostorije","status":"publish","type":"page","link":"https:\/\/bojatemper.rs\/index.php\/za-prostorije\/","title":{"rendered":"Za prostorije"},"content":{"rendered":"\t\t<div data-elementor-type=\"wp-page\" data-elementor-id=\"1879\" class=\"elementor elementor-1879\">\n\t\t\t\t\t\t<section class=\"elementor-section elementor-top-section elementor-element elementor-element-fc22c53 elementor-section-boxed elementor-section-height-default elementor-section-height-default\" data-id=\"fc22c53\" data-element_type=\"section\" data-e-type=\"section\">\n\t\t\t\t\t\t<div class=\"elementor-container elementor-column-gap-default\">\n\t\t\t\t\t<div class=\"elementor-column elementor-col-100 elementor-top-column elementor-element elementor-element-ddabc63\" data-id=\"ddabc63\" data-element_type=\"column\" data-e-type=\"column\">\n\t\t\t<div class=\"elementor-widget-wrap elementor-element-populated\">\n\t\t\t\t\t\t<div class=\"elementor-element elementor-element-fdadd5b elementor-widget elementor-widget-heading\" data-id=\"fdadd5b\" data-element_type=\"widget\" data-e-type=\"widget\" data-widget_type=\"heading.default\">\n\t\t\t\t<div class=\"elementor-widget-container\">\n\t\t\t\t\t<h2 class=\"elementor-heading-title elementor-size-default\">ZA\u0160TITA ZA PROSTORIJE<\/h2>\t\t\t\t<\/div>\n\t\t\t\t<\/div>\n\t\t\t\t<div class=\"elementor-element elementor-element-9ea494c elementor-widget elementor-widget-text-editor\" data-id=\"9ea494c\" data-element_type=\"widget\" data-e-type=\"widget\" data-widget_type=\"text-editor.default\">\n\t\t\t\t<div class=\"elementor-widget-container\">\n\t\t\t\t\t\t\t\t\t<p>Ovde mo\u017eete prona\u0107i adekvatne vrste za\u0161tita za prostorije.<\/p>\t\t\t\t\t\t\t\t<\/div>\n\t\t\t\t<\/div>\n\t\t\t\t\t<\/div>\n\t\t<\/div>\n\t\t\t\t\t<\/div>\n\t\t<\/section>\n\t\t\t\t<section class=\"elementor-section elementor-top-section elementor-element elementor-element-ef5dca5 elementor-section-boxed elementor-section-height-default elementor-section-height-default\" data-id=\"ef5dca5\" data-element_type=\"section\" data-e-type=\"section\">\n\t\t\t\t\t\t<div class=\"elementor-container elementor-column-gap-default\">\n\t\t\t\t\t<div class=\"elementor-column elementor-col-20 elementor-top-column elementor-element elementor-element-aaf09c0\" data-id=\"aaf09c0\" data-element_type=\"column\" data-e-type=\"column\">\n\t\t\t<div class=\"elementor-widget-wrap elementor-element-populated\">\n\t\t\t\t\t\t<div class=\"elementor-element elementor-element-7223d69 elementor-position-top elementor-widget elementor-widget-image-box\" data-id=\"7223d69\" data-element_type=\"widget\" data-e-type=\"widget\" data-widget_type=\"image-box.default\">\n\t\t\t\t<div class=\"elementor-widget-container\">\n\t\t\t\t\t<div class=\"elementor-image-box-wrapper\"><figure class=\"elementor-image-box-img\"><img fetchpriority=\"high\" decoding=\"async\" width=\"502\" height=\"501\" src=\"https:\/\/bojatemper.rs\/wp-content\/uploads\/2021\/04\/zastita-10-1.png\" class=\"elementor-animation-grow attachment-full size-full wp-image-6766\" alt=\"zastita-10-sajt\" srcset=\"https:\/\/bojatemper.rs\/wp-content\/uploads\/2021\/04\/zastita-10-1.png 502w, https:\/\/bojatemper.rs\/wp-content\/uploads\/2021\/04\/zastita-10-1-300x300.png 300w, https:\/\/bojatemper.rs\/wp-content\/uploads\/2021\/04\/zastita-10-1-150x150.png 150w\" sizes=\"(max-width: 502px) 100vw, 502px\" \/><\/figure><div class=\"elementor-image-box-content\"><h3 class=\"elementor-image-box-title\">FOLIJA 10MIC <\/h3><p class=\"elementor-image-box-description\">Za\u0161titna folija za name\u0161taj, 4x5 metara kvadratnih, u providnoj boji. <\/p><\/div><\/div>\t\t\t\t<\/div>\n\t\t\t\t<\/div>\n\t\t\t\t<div class=\"elementor-element elementor-element-b307626 elementor-position-top elementor-widget elementor-widget-image-box\" data-id=\"b307626\" data-element_type=\"widget\" data-e-type=\"widget\" data-widget_type=\"image-box.default\">\n\t\t\t\t<div class=\"elementor-widget-container\">\n\t\t\t\t\t<div class=\"elementor-image-box-wrapper\"><figure class=\"elementor-image-box-img\"><img decoding=\"async\" width=\"502\" height=\"501\" src=\"https:\/\/bojatemper.rs\/wp-content\/uploads\/2021\/04\/folija-crna.png\" class=\"elementor-animation-grow attachment-full size-full wp-image-6793\" alt=\"folija-crna-sajt\" srcset=\"https:\/\/bojatemper.rs\/wp-content\/uploads\/2021\/04\/folija-crna.png 502w, https:\/\/bojatemper.rs\/wp-content\/uploads\/2021\/04\/folija-crna-300x300.png 300w, https:\/\/bojatemper.rs\/wp-content\/uploads\/2021\/04\/folija-crna-150x150.png 150w\" sizes=\"(max-width: 502px) 100vw, 502px\" \/><\/figure><div class=\"elementor-image-box-content\"><h3 class=\"elementor-image-box-title\">FOLIJA CRNA<\/h3><p class=\"elementor-image-box-description\">Za\u0161titna folija za pod, 1x4 metara kvadratnih, za grube radove.<\/p><\/div><\/div>\t\t\t\t<\/div>\n\t\t\t\t<\/div>\n\t\t\t\t\t<\/div>\n\t\t<\/div>\n\t\t\t\t<div class=\"elementor-column elementor-col-20 elementor-top-column elementor-element elementor-element-4b3caa6\" data-id=\"4b3caa6\" data-element_type=\"column\" data-e-type=\"column\">\n\t\t\t<div class=\"elementor-widget-wrap elementor-element-populated\">\n\t\t\t\t\t\t<div class=\"elementor-element elementor-element-ca90dcd elementor-position-top elementor-widget elementor-widget-image-box\" data-id=\"ca90dcd\" data-element_type=\"widget\" data-e-type=\"widget\" data-widget_type=\"image-box.default\">\n\t\t\t\t<div class=\"elementor-widget-container\">\n\t\t\t\t\t<div class=\"elementor-image-box-wrapper\"><figure class=\"elementor-image-box-img\"><img decoding=\"async\" width=\"501\" height=\"501\" src=\"https:\/\/bojatemper.rs\/wp-content\/uploads\/2021\/04\/zastita-15-1.png\" class=\"elementor-animation-grow attachment-full size-full wp-image-6768\" alt=\"\" srcset=\"https:\/\/bojatemper.rs\/wp-content\/uploads\/2021\/04\/zastita-15-1.png 501w, https:\/\/bojatemper.rs\/wp-content\/uploads\/2021\/04\/zastita-15-1-300x300.png 300w, https:\/\/bojatemper.rs\/wp-content\/uploads\/2021\/04\/zastita-15-1-150x150.png 150w\" sizes=\"(max-width: 501px) 100vw, 501px\" \/><\/figure><div class=\"elementor-image-box-content\"><h3 class=\"elementor-image-box-title\">FOLIJA 15MIC<\/h3><p class=\"elementor-image-box-description\">Za\u0161titna folija za name\u0161taj, 4x5 metara kvadratnih, u providnoj boji. <\/p><\/div><\/div>\t\t\t\t<\/div>\n\t\t\t\t<\/div>\n\t\t\t\t<div class=\"elementor-element elementor-element-531b929 elementor-position-top elementor-widget elementor-widget-image-box\" data-id=\"531b929\" data-element_type=\"widget\" data-e-type=\"widget\" data-widget_type=\"image-box.default\">\n\t\t\t\t<div class=\"elementor-widget-container\">\n\t\t\t\t\t<div class=\"elementor-image-box-wrapper\"><figure class=\"elementor-image-box-img\"><img loading=\"lazy\" decoding=\"async\" width=\"501\" height=\"501\" src=\"https:\/\/bojatemper.rs\/wp-content\/uploads\/2021\/04\/folija-bela.png\" class=\"elementor-animation-grow attachment-full size-full wp-image-6794\" alt=\"folija-bela-sajt\" srcset=\"https:\/\/bojatemper.rs\/wp-content\/uploads\/2021\/04\/folija-bela.png 501w, https:\/\/bojatemper.rs\/wp-content\/uploads\/2021\/04\/folija-bela-300x300.png 300w, https:\/\/bojatemper.rs\/wp-content\/uploads\/2021\/04\/folija-bela-150x150.png 150w\" sizes=\"(max-width: 501px) 100vw, 501px\" \/><\/figure><div class=\"elementor-image-box-content\"><h3 class=\"elementor-image-box-title\">FOLIJA BELA<\/h3><p class=\"elementor-image-box-description\">Za\u0161titna folija za pod, 1x4 metara kvadratnih, za grube radove.<\/p><\/div><\/div>\t\t\t\t<\/div>\n\t\t\t\t<\/div>\n\t\t\t\t\t<\/div>\n\t\t<\/div>\n\t\t\t\t<div class=\"elementor-column elementor-col-20 elementor-top-column elementor-element elementor-element-a19841c\" data-id=\"a19841c\" data-element_type=\"column\" data-e-type=\"column\">\n\t\t\t<div class=\"elementor-widget-wrap elementor-element-populated\">\n\t\t\t\t\t\t<div class=\"elementor-element elementor-element-3a1f7cf elementor-position-top elementor-widget elementor-widget-image-box\" data-id=\"3a1f7cf\" data-element_type=\"widget\" data-e-type=\"widget\" data-widget_type=\"image-box.default\">\n\t\t\t\t<div class=\"elementor-widget-container\">\n\t\t\t\t\t<div class=\"elementor-image-box-wrapper\"><figure class=\"elementor-image-box-img\"><img loading=\"lazy\" decoding=\"async\" width=\"501\" height=\"501\" src=\"https:\/\/bojatemper.rs\/wp-content\/uploads\/2021\/04\/zastita-30.png\" class=\"elementor-animation-grow attachment-full size-full wp-image-6769\" alt=\"\" srcset=\"https:\/\/bojatemper.rs\/wp-content\/uploads\/2021\/04\/zastita-30.png 501w, https:\/\/bojatemper.rs\/wp-content\/uploads\/2021\/04\/zastita-30-300x300.png 300w, https:\/\/bojatemper.rs\/wp-content\/uploads\/2021\/04\/zastita-30-150x150.png 150w\" sizes=\"(max-width: 501px) 100vw, 501px\" \/><\/figure><div class=\"elementor-image-box-content\"><h3 class=\"elementor-image-box-title\">FOLIJA 30MIC<\/h3><p class=\"elementor-image-box-description\">Za\u0161titna folija za name\u0161taj, 4x5 metara kvadratnih, u providnoj boji. <\/p><\/div><\/div>\t\t\t\t<\/div>\n\t\t\t\t<\/div>\n\t\t\t\t<div class=\"elementor-element elementor-element-4d79848 elementor-position-top elementor-widget elementor-widget-image-box\" data-id=\"4d79848\" data-element_type=\"widget\" data-e-type=\"widget\" data-widget_type=\"image-box.default\">\n\t\t\t\t<div class=\"elementor-widget-container\">\n\t\t\t\t\t<div class=\"elementor-image-box-wrapper\"><figure class=\"elementor-image-box-img\"><img loading=\"lazy\" decoding=\"async\" width=\"502\" height=\"501\" src=\"https:\/\/bojatemper.rs\/wp-content\/uploads\/2021\/04\/folija-zelena.png\" class=\"elementor-animation-grow attachment-full size-full wp-image-6795\" alt=\"\" srcset=\"https:\/\/bojatemper.rs\/wp-content\/uploads\/2021\/04\/folija-zelena.png 502w, https:\/\/bojatemper.rs\/wp-content\/uploads\/2021\/04\/folija-zelena-300x300.png 300w, https:\/\/bojatemper.rs\/wp-content\/uploads\/2021\/04\/folija-zelena-150x150.png 150w\" sizes=\"(max-width: 502px) 100vw, 502px\" \/><\/figure><div class=\"elementor-image-box-content\"><h3 class=\"elementor-image-box-title\">FOLIJA ZELENA<\/h3><p class=\"elementor-image-box-description\">Za\u0161titna folija za pod, 1x4 metara kvadratnih, za grube radove.<\/p><\/div><\/div>\t\t\t\t<\/div>\n\t\t\t\t<\/div>\n\t\t\t\t\t<\/div>\n\t\t<\/div>\n\t\t\t\t<div class=\"elementor-column elementor-col-20 elementor-top-column elementor-element elementor-element-a6c3cca\" data-id=\"a6c3cca\" data-element_type=\"column\" data-e-type=\"column\">\n\t\t\t<div class=\"elementor-widget-wrap elementor-element-populated\">\n\t\t\t\t\t\t<div class=\"elementor-element elementor-element-18fd35f elementor-position-top elementor-widget elementor-widget-image-box\" data-id=\"18fd35f\" data-element_type=\"widget\" data-e-type=\"widget\" data-widget_type=\"image-box.default\">\n\t\t\t\t<div class=\"elementor-widget-container\">\n\t\t\t\t\t<div class=\"elementor-image-box-wrapper\"><figure class=\"elementor-image-box-img\"><img loading=\"lazy\" decoding=\"async\" width=\"501\" height=\"501\" src=\"https:\/\/bojatemper.rs\/wp-content\/uploads\/2021\/04\/zastita-extra.png\" class=\"elementor-animation-grow attachment-full size-full wp-image-6776\" alt=\"\" srcset=\"https:\/\/bojatemper.rs\/wp-content\/uploads\/2021\/04\/zastita-extra.png 501w, https:\/\/bojatemper.rs\/wp-content\/uploads\/2021\/04\/zastita-extra-300x300.png 300w, https:\/\/bojatemper.rs\/wp-content\/uploads\/2021\/04\/zastita-extra-150x150.png 150w\" sizes=\"(max-width: 501px) 100vw, 501px\" \/><\/figure><div class=\"elementor-image-box-content\"><h3 class=\"elementor-image-box-title\">FOLIJA EXTRA<\/h3><p class=\"elementor-image-box-description\">Za\u0161titna folija za name\u0161ta, 4x5 metara kvadratnih, u providnoj boji. <\/p><\/div><\/div>\t\t\t\t<\/div>\n\t\t\t\t<\/div>\n\t\t\t\t\t<\/div>\n\t\t<\/div>\n\t\t\t\t<div class=\"elementor-column elementor-col-20 elementor-top-column elementor-element elementor-element-ebf2b8b\" data-id=\"ebf2b8b\" data-element_type=\"column\" data-e-type=\"column\">\n\t\t\t<div class=\"elementor-widget-wrap elementor-element-populated\">\n\t\t\t\t\t\t<div class=\"elementor-element elementor-element-88963aa elementor-position-top elementor-widget elementor-widget-image-box\" data-id=\"88963aa\" data-element_type=\"widget\" data-e-type=\"widget\" data-widget_type=\"image-box.default\">\n\t\t\t\t<div class=\"elementor-widget-container\">\n\t\t\t\t\t<div class=\"elementor-image-box-wrapper\"><figure class=\"elementor-image-box-img\"><img loading=\"lazy\" decoding=\"async\" width=\"501\" height=\"501\" src=\"https:\/\/bojatemper.rs\/wp-content\/uploads\/2021\/04\/karton.png\" class=\"elementor-animation-grow attachment-full size-full wp-image-6783\" alt=\"\" srcset=\"https:\/\/bojatemper.rs\/wp-content\/uploads\/2021\/04\/karton.png 501w, https:\/\/bojatemper.rs\/wp-content\/uploads\/2021\/04\/karton-300x300.png 300w, https:\/\/bojatemper.rs\/wp-content\/uploads\/2021\/04\/karton-150x150.png 150w\" sizes=\"(max-width: 501px) 100vw, 501px\" \/><\/figure><div class=\"elementor-image-box-content\"><h3 class=\"elementor-image-box-title\">KARTON ZA POD<\/h3><p class=\"elementor-image-box-description\">Za\u0161titni karton za pod,15 metara kvadratnih, za grube radove.<\/p><\/div><\/div>\t\t\t\t<\/div>\n\t\t\t\t<\/div>\n\t\t\t\t\t<\/div>\n\t\t<\/div>\n\t\t\t\t\t<\/div>\n\t\t<\/section>\n\t\t\t\t<\/div>\n\t\t","protected":false},"excerpt":{"rendered":"<p>ZA\u0160TITA ZA PROSTORIJE Ovde mo\u017eete prona\u0107i adekvatne vrste za\u0161tita za prostorije. FOLIJA 10MIC Za\u0161titna folija za name\u0161taj, 4&#215;5 metara kvadratnih, u providnoj boji. FOLIJA CRNA Za\u0161titna folija za pod, 1&#215;4 metara kvadratnih, za grube radove. FOLIJA 15MIC Za\u0161titna folija za name\u0161taj, 4&#215;5 metara kvadratnih, u providnoj boji. FOLIJA BELA Za\u0161titna folija za pod, 1&#215;4 metara [&hellip;]<\/p>\n","protected":false},"author":1,"featured_media":0,"parent":0,"menu_order":0,"comment_status":"closed","ping_status":"closed","template":"","meta":{"content-type":"","footnotes":""},"class_list":["post-1879","page","type-page","status-publish","hentry"],"yoast_head":"<!-- This site is optimized with the Yoast SEO plugin v27.5 - https:\/\/yoast.com\/product\/yoast-seo-wordpress\/ -->\n<title>Za prostorije - Boja Temper<\/title>\n<meta name=\"robots\" content=\"noindex, nofollow\" \/>\n<meta property=\"og:locale\" content=\"en_US\" \/>\n<meta property=\"og:type\" content=\"article\" \/>\n<meta property=\"og:title\" content=\"Za prostorije - Boja Temper\" \/>\n<meta property=\"og:description\" content=\"ZA\u0160TITA ZA PROSTORIJE Ovde mo\u017eete prona\u0107i adekvatne vrste za\u0161tita za prostorije. FOLIJA 10MIC Za\u0161titna folija za name\u0161taj, 4&#215;5 metara kvadratnih, u providnoj boji. FOLIJA CRNA Za\u0161titna folija za pod, 1&#215;4 metara kvadratnih, za grube radove. FOLIJA 15MIC Za\u0161titna folija za name\u0161taj, 4&#215;5 metara kvadratnih, u providnoj boji. FOLIJA BELA Za\u0161titna folija za pod, 1&#215;4 metara [&hellip;]\" \/>\n<meta property=\"og:url\" content=\"https:\/\/bojatemper.rs\/index.php\/za-prostorije\/\" \/>\n<meta property=\"og:site_name\" content=\"Boja Temper\" \/>\n<meta property=\"article:modified_time\" content=\"2021-08-17T13:53:01+00:00\" \/>\n<meta property=\"og:image\" content=\"https:\/\/bojatemper.rs\/wp-content\/uploads\/2021\/04\/zastita-10-1.png\" \/>\n<meta name=\"twitter:card\" content=\"summary_large_image\" \/>\n<meta name=\"twitter:label1\" content=\"Est. reading time\" \/>\n\t<meta name=\"twitter:data1\" content=\"3 minutes\" \/>\n<script type=\"application\/ld+json\" class=\"yoast-schema-graph\">{\"@context\":\"https:\\\/\\\/schema.org\",\"@graph\":[{\"@type\":\"WebPage\",\"@id\":\"https:\\\/\\\/bojatemper.rs\\\/index.php\\\/za-prostorije\\\/\",\"url\":\"https:\\\/\\\/bojatemper.rs\\\/index.php\\\/za-prostorije\\\/\",\"name\":\"Za prostorije - Boja Temper\",\"isPartOf\":{\"@id\":\"https:\\\/\\\/bojatemper.rs\\\/#website\"},\"primaryImageOfPage\":{\"@id\":\"https:\\\/\\\/bojatemper.rs\\\/index.php\\\/za-prostorije\\\/#primaryimage\"},\"image\":{\"@id\":\"https:\\\/\\\/bojatemper.rs\\\/index.php\\\/za-prostorije\\\/#primaryimage\"},\"thumbnailUrl\":\"https:\\\/\\\/bojatemper.rs\\\/wp-content\\\/uploads\\\/2021\\\/04\\\/zastita-10-1.png\",\"datePublished\":\"2021-03-03T14:42:58+00:00\",\"dateModified\":\"2021-08-17T13:53:01+00:00\",\"breadcrumb\":{\"@id\":\"https:\\\/\\\/bojatemper.rs\\\/index.php\\\/za-prostorije\\\/#breadcrumb\"},\"inLanguage\":\"en-US\",\"potentialAction\":[{\"@type\":\"ReadAction\",\"target\":[\"https:\\\/\\\/bojatemper.rs\\\/index.php\\\/za-prostorije\\\/\"]}]},{\"@type\":\"ImageObject\",\"inLanguage\":\"en-US\",\"@id\":\"https:\\\/\\\/bojatemper.rs\\\/index.php\\\/za-prostorije\\\/#primaryimage\",\"url\":\"https:\\\/\\\/bojatemper.rs\\\/wp-content\\\/uploads\\\/2021\\\/04\\\/zastita-10-1.png\",\"contentUrl\":\"https:\\\/\\\/bojatemper.rs\\\/wp-content\\\/uploads\\\/2021\\\/04\\\/zastita-10-1.png\",\"width\":502,\"height\":501,\"caption\":\"zastita-10-sajt\"},{\"@type\":\"BreadcrumbList\",\"@id\":\"https:\\\/\\\/bojatemper.rs\\\/index.php\\\/za-prostorije\\\/#breadcrumb\",\"itemListElement\":[{\"@type\":\"ListItem\",\"position\":1,\"name\":\"Home\",\"item\":\"https:\\\/\\\/bojatemper.rs\\\/\"},{\"@type\":\"ListItem\",\"position\":2,\"name\":\"Za prostorije\"}]},{\"@type\":\"WebSite\",\"@id\":\"https:\\\/\\\/bojatemper.rs\\\/#website\",\"url\":\"https:\\\/\\\/bojatemper.rs\\\/\",\"name\":\"Boja Temper\",\"description\":\"\",\"publisher\":{\"@id\":\"https:\\\/\\\/bojatemper.rs\\\/#organization\"},\"potentialAction\":[{\"@type\":\"SearchAction\",\"target\":{\"@type\":\"EntryPoint\",\"urlTemplate\":\"https:\\\/\\\/bojatemper.rs\\\/?s={search_term_string}\"},\"query-input\":{\"@type\":\"PropertyValueSpecification\",\"valueRequired\":true,\"valueName\":\"search_term_string\"}}],\"inLanguage\":\"en-US\"},{\"@type\":\"Organization\",\"@id\":\"https:\\\/\\\/bojatemper.rs\\\/#organization\",\"name\":\"Boja Temper\",\"url\":\"https:\\\/\\\/bojatemper.rs\\\/\",\"logo\":{\"@type\":\"ImageObject\",\"inLanguage\":\"en-US\",\"@id\":\"https:\\\/\\\/bojatemper.rs\\\/#\\\/schema\\\/logo\\\/image\\\/\",\"url\":\"https:\\\/\\\/bojatemper.rs\\\/wp-content\\\/uploads\\\/2021\\\/05\\\/logo-bt.png\",\"contentUrl\":\"https:\\\/\\\/bojatemper.rs\\\/wp-content\\\/uploads\\\/2021\\\/05\\\/logo-bt.png\",\"width\":90,\"height\":71,\"caption\":\"Boja Temper\"},\"image\":{\"@id\":\"https:\\\/\\\/bojatemper.rs\\\/#\\\/schema\\\/logo\\\/image\\\/\"}}]}<\/script>\n<!-- \/ Yoast SEO plugin. -->","yoast_head_json":{"title":"Za prostorije - Boja Temper","robots":{"index":"noindex","follow":"nofollow"},"og_locale":"en_US","og_type":"article","og_title":"Za prostorije - Boja Temper","og_description":"ZA\u0160TITA ZA PROSTORIJE Ovde mo\u017eete prona\u0107i adekvatne vrste za\u0161tita za prostorije. FOLIJA 10MIC Za\u0161titna folija za name\u0161taj, 4&#215;5 metara kvadratnih, u providnoj boji. FOLIJA CRNA Za\u0161titna folija za pod, 1&#215;4 metara kvadratnih, za grube radove. FOLIJA 15MIC Za\u0161titna folija za name\u0161taj, 4&#215;5 metara kvadratnih, u providnoj boji. FOLIJA BELA Za\u0161titna folija za pod, 1&#215;4 metara [&hellip;]","og_url":"https:\/\/bojatemper.rs\/index.php\/za-prostorije\/","og_site_name":"Boja Temper","article_modified_time":"2021-08-17T13:53:01+00:00","og_image":[{"url":"https:\/\/bojatemper.rs\/wp-content\/uploads\/2021\/04\/zastita-10-1.png","type":"","width":"","height":""}],"twitter_card":"summary_large_image","twitter_misc":{"Est. reading time":"3 minutes"},"schema":{"@context":"https:\/\/schema.org","@graph":[{"@type":"WebPage","@id":"https:\/\/bojatemper.rs\/index.php\/za-prostorije\/","url":"https:\/\/bojatemper.rs\/index.php\/za-prostorije\/","name":"Za prostorije - Boja Temper","isPartOf":{"@id":"https:\/\/bojatemper.rs\/#website"},"primaryImageOfPage":{"@id":"https:\/\/bojatemper.rs\/index.php\/za-prostorije\/#primaryimage"},"image":{"@id":"https:\/\/bojatemper.rs\/index.php\/za-prostorije\/#primaryimage"},"thumbnailUrl":"https:\/\/bojatemper.rs\/wp-content\/uploads\/2021\/04\/zastita-10-1.png","datePublished":"2021-03-03T14:42:58+00:00","dateModified":"2021-08-17T13:53:01+00:00","breadcrumb":{"@id":"https:\/\/bojatemper.rs\/index.php\/za-prostorije\/#breadcrumb"},"inLanguage":"en-US","potentialAction":[{"@type":"ReadAction","target":["https:\/\/bojatemper.rs\/index.php\/za-prostorije\/"]}]},{"@type":"ImageObject","inLanguage":"en-US","@id":"https:\/\/bojatemper.rs\/index.php\/za-prostorije\/#primaryimage","url":"https:\/\/bojatemper.rs\/wp-content\/uploads\/2021\/04\/zastita-10-1.png","contentUrl":"https:\/\/bojatemper.rs\/wp-content\/uploads\/2021\/04\/zastita-10-1.png","width":502,"height":501,"caption":"zastita-10-sajt"},{"@type":"BreadcrumbList","@id":"https:\/\/bojatemper.rs\/index.php\/za-prostorije\/#breadcrumb","itemListElement":[{"@type":"ListItem","position":1,"name":"Home","item":"https:\/\/bojatemper.rs\/"},{"@type":"ListItem","position":2,"name":"Za prostorije"}]},{"@type":"WebSite","@id":"https:\/\/bojatemper.rs\/#website","url":"https:\/\/bojatemper.rs\/","name":"Boja Temper","description":"","publisher":{"@id":"https:\/\/bojatemper.rs\/#organization"},"potentialAction":[{"@type":"SearchAction","target":{"@type":"EntryPoint","urlTemplate":"https:\/\/bojatemper.rs\/?s={search_term_string}"},"query-input":{"@type":"PropertyValueSpecification","valueRequired":true,"valueName":"search_term_string"}}],"inLanguage":"en-US"},{"@type":"Organization","@id":"https:\/\/bojatemper.rs\/#organization","name":"Boja Temper","url":"https:\/\/bojatemper.rs\/","logo":{"@type":"ImageObject","inLanguage":"en-US","@id":"https:\/\/bojatemper.rs\/#\/schema\/logo\/image\/","url":"https:\/\/bojatemper.rs\/wp-content\/uploads\/2021\/05\/logo-bt.png","contentUrl":"https:\/\/bojatemper.rs\/wp-content\/uploads\/2021\/05\/logo-bt.png","width":90,"height":71,"caption":"Boja Temper"},"image":{"@id":"https:\/\/bojatemper.rs\/#\/schema\/logo\/image\/"}}]}},"_links":{"self":[{"href":"https:\/\/bojatemper.rs\/index.php\/wp-json\/wp\/v2\/pages\/1879","targetHints":{"allow":["GET"]}}],"collection":[{"href":"https:\/\/bojatemper.rs\/index.php\/wp-json\/wp\/v2\/pages"}],"about":[{"href":"https:\/\/bojatemper.rs\/index.php\/wp-json\/wp\/v2\/types\/page"}],"author":[{"embeddable":true,"href":"https:\/\/bojatemper.rs\/index.php\/wp-json\/wp\/v2\/users\/1"}],"replies":[{"embeddable":true,"href":"https:\/\/bojatemper.rs\/index.php\/wp-json\/wp\/v2\/comments?post=1879"}],"version-history":[{"count":290,"href":"https:\/\/bojatemper.rs\/index.php\/wp-json\/wp\/v2\/pages\/1879\/revisions"}],"predecessor-version":[{"id":9286,"href":"https:\/\/bojatemper.rs\/index.php\/wp-json\/wp\/v2\/pages\/1879\/revisions\/9286"}],"wp:attachment":[{"href":"https:\/\/bojatemper.rs\/index.php\/wp-json\/wp\/v2\/media?parent=1879"}],"curies":[{"name":"wp","href":"https:\/\/api.w.org\/{rel}","templated":true}]}}