{"id":1887,"date":"2021-03-03T14:45:02","date_gmt":"2021-03-03T14:45:02","guid":{"rendered":"https:\/\/bojatemper.rs\/?page_id=1887"},"modified":"2021-08-17T13:50:48","modified_gmt":"2021-08-17T13:50:48","slug":"bud-i-kondenz","status":"publish","type":"page","link":"https:\/\/bojatemper.rs\/index.php\/bud-i-kondenz\/","title":{"rendered":"Bu\u0111 i kondenz"},"content":{"rendered":"\t\t<div data-elementor-type=\"wp-page\" data-elementor-id=\"1887\" class=\"elementor elementor-1887\">\n\t\t\t\t\t\t<section class=\"elementor-section elementor-top-section elementor-element elementor-element-2832b8a elementor-section-boxed elementor-section-height-default elementor-section-height-default\" data-id=\"2832b8a\" data-element_type=\"section\" data-e-type=\"section\">\n\t\t\t\t\t\t<div class=\"elementor-container elementor-column-gap-default\">\n\t\t\t\t\t<div class=\"elementor-column elementor-col-100 elementor-top-column elementor-element elementor-element-192a5f0\" data-id=\"192a5f0\" data-element_type=\"column\" data-e-type=\"column\">\n\t\t\t<div class=\"elementor-widget-wrap elementor-element-populated\">\n\t\t\t\t\t\t<div class=\"elementor-element elementor-element-858a476 elementor-widget elementor-widget-heading\" data-id=\"858a476\" data-element_type=\"widget\" data-e-type=\"widget\" data-widget_type=\"heading.default\">\n\t\t\t\t<div class=\"elementor-widget-container\">\n\t\t\t\t\t<h2 class=\"elementor-heading-title elementor-size-default\">BU\u0110 I KONDENZ<\/h2>\t\t\t\t<\/div>\n\t\t\t\t<\/div>\n\t\t\t\t<div class=\"elementor-element elementor-element-b059421 elementor-widget elementor-widget-text-editor\" data-id=\"b059421\" data-element_type=\"widget\" data-e-type=\"widget\" data-widget_type=\"text-editor.default\">\n\t\t\t\t<div class=\"elementor-widget-container\">\n\t\t\t\t\t\t\t\t\t<p>Ovde mo\u017eete prona\u0107i adekvatne proizvode za re\u0161avanje problema kondenza i bu\u0111i.<\/p>\t\t\t\t\t\t\t\t<\/div>\n\t\t\t\t<\/div>\n\t\t\t\t\t<\/div>\n\t\t<\/div>\n\t\t\t\t\t<\/div>\n\t\t<\/section>\n\t\t\t\t<section class=\"elementor-section elementor-top-section elementor-element elementor-element-697fc2c elementor-section-boxed elementor-section-height-default elementor-section-height-default\" data-id=\"697fc2c\" data-element_type=\"section\" data-e-type=\"section\">\n\t\t\t\t\t\t<div class=\"elementor-container elementor-column-gap-default\">\n\t\t\t\t\t<div class=\"elementor-column elementor-col-20 elementor-top-column elementor-element elementor-element-98c13a2\" data-id=\"98c13a2\" data-element_type=\"column\" data-e-type=\"column\">\n\t\t\t<div class=\"elementor-widget-wrap elementor-element-populated\">\n\t\t\t\t\t\t<div class=\"elementor-element elementor-element-3cdfcb3 elementor-position-top elementor-widget elementor-widget-image-box\" data-id=\"3cdfcb3\" data-element_type=\"widget\" data-e-type=\"widget\" data-widget_type=\"image-box.default\">\n\t\t\t\t<div class=\"elementor-widget-container\">\n\t\t\t\t\t<div class=\"elementor-image-box-wrapper\"><figure class=\"elementor-image-box-img\"><img fetchpriority=\"high\" decoding=\"async\" width=\"501\" height=\"501\" src=\"https:\/\/bojatemper.rs\/wp-content\/uploads\/2021\/04\/henkel-aero-sajt.png\" class=\"elementor-animation-grow attachment-full size-full wp-image-7173\" alt=\"henkel-aero-sajt\" srcset=\"https:\/\/bojatemper.rs\/wp-content\/uploads\/2021\/04\/henkel-aero-sajt.png 501w, https:\/\/bojatemper.rs\/wp-content\/uploads\/2021\/04\/henkel-aero-sajt-300x300.png 300w, https:\/\/bojatemper.rs\/wp-content\/uploads\/2021\/04\/henkel-aero-sajt-150x150.png 150w\" sizes=\"(max-width: 501px) 100vw, 501px\" \/><\/figure><div class=\"elementor-image-box-content\"><h3 class=\"elementor-image-box-title\">HENKEL APSORBER<\/h3><p class=\"elementor-image-box-description\">Apsorber vlage, aparat u koji se postavlja dopuna odnosno tablete.<\/p><\/div><\/div>\t\t\t\t<\/div>\n\t\t\t\t<\/div>\n\t\t\t\t<div class=\"elementor-element elementor-element-f8116b0 elementor-position-top elementor-widget elementor-widget-image-box\" data-id=\"f8116b0\" data-element_type=\"widget\" data-e-type=\"widget\" data-widget_type=\"image-box.default\">\n\t\t\t\t<div class=\"elementor-widget-container\">\n\t\t\t\t\t<div class=\"elementor-image-box-wrapper\"><figure class=\"elementor-image-box-img\"><img decoding=\"async\" width=\"501\" height=\"502\" src=\"https:\/\/bojatemper.rs\/wp-content\/uploads\/2021\/04\/get-aero-sajt.png\" class=\"elementor-animation-grow attachment-full size-full wp-image-7181\" alt=\"get-aero-sajt\" srcset=\"https:\/\/bojatemper.rs\/wp-content\/uploads\/2021\/04\/get-aero-sajt.png 501w, https:\/\/bojatemper.rs\/wp-content\/uploads\/2021\/04\/get-aero-sajt-300x300.png 300w, https:\/\/bojatemper.rs\/wp-content\/uploads\/2021\/04\/get-aero-sajt-150x150.png 150w\" sizes=\"(max-width: 501px) 100vw, 501px\" \/><\/figure><div class=\"elementor-image-box-content\"><h3 class=\"elementor-image-box-title\">GET APSORBER<\/h3><p class=\"elementor-image-box-description\">Apsorber vlage, aparat u koji se postavlja dopuna odnosno tablete.\u200b<\/p><\/div><\/div>\t\t\t\t<\/div>\n\t\t\t\t<\/div>\n\t\t\t\t\t<\/div>\n\t\t<\/div>\n\t\t\t\t<div class=\"elementor-column elementor-col-20 elementor-top-column elementor-element elementor-element-c209326\" data-id=\"c209326\" data-element_type=\"column\" data-e-type=\"column\">\n\t\t\t<div class=\"elementor-widget-wrap elementor-element-populated\">\n\t\t\t\t\t\t<div class=\"elementor-element elementor-element-f536ec3 elementor-position-top elementor-widget elementor-widget-image-box\" data-id=\"f536ec3\" data-element_type=\"widget\" data-e-type=\"widget\" data-widget_type=\"image-box.default\">\n\t\t\t\t<div class=\"elementor-widget-container\">\n\t\t\t\t\t<div class=\"elementor-image-box-wrapper\"><figure class=\"elementor-image-box-img\"><img decoding=\"async\" width=\"502\" height=\"501\" src=\"https:\/\/bojatemper.rs\/wp-content\/uploads\/2021\/04\/henkel-aero-dopuna-sajt.png\" class=\"elementor-animation-grow attachment-full size-full wp-image-7174\" alt=\"henkel-aero-dopuna-sajt\" srcset=\"https:\/\/bojatemper.rs\/wp-content\/uploads\/2021\/04\/henkel-aero-dopuna-sajt.png 502w, https:\/\/bojatemper.rs\/wp-content\/uploads\/2021\/04\/henkel-aero-dopuna-sajt-300x300.png 300w, https:\/\/bojatemper.rs\/wp-content\/uploads\/2021\/04\/henkel-aero-dopuna-sajt-150x150.png 150w\" sizes=\"(max-width: 502px) 100vw, 502px\" \/><\/figure><div class=\"elementor-image-box-content\"><h3 class=\"elementor-image-box-title\">DOPUNA 900gr<\/h3><p class=\"elementor-image-box-description\">Aktivni kristali apsorbuju vi\u0161ak vla\u017enosti i pretvaraju je u slani rastvor.<\/p><\/div><\/div>\t\t\t\t<\/div>\n\t\t\t\t<\/div>\n\t\t\t\t<div class=\"elementor-element elementor-element-b2d4d8d elementor-position-top elementor-widget elementor-widget-image-box\" data-id=\"b2d4d8d\" data-element_type=\"widget\" data-e-type=\"widget\" data-widget_type=\"image-box.default\">\n\t\t\t\t<div class=\"elementor-widget-container\">\n\t\t\t\t\t<div class=\"elementor-image-box-wrapper\"><figure class=\"elementor-image-box-img\"><img loading=\"lazy\" decoding=\"async\" width=\"502\" height=\"502\" src=\"https:\/\/bojatemper.rs\/wp-content\/uploads\/2021\/04\/get-aero-dopuna-sajt.png\" class=\"elementor-animation-grow attachment-full size-full wp-image-7182\" alt=\"get-aero-dopuna-sajt\" srcset=\"https:\/\/bojatemper.rs\/wp-content\/uploads\/2021\/04\/get-aero-dopuna-sajt.png 502w, https:\/\/bojatemper.rs\/wp-content\/uploads\/2021\/04\/get-aero-dopuna-sajt-300x300.png 300w, https:\/\/bojatemper.rs\/wp-content\/uploads\/2021\/04\/get-aero-dopuna-sajt-150x150.png 150w\" sizes=\"(max-width: 502px) 100vw, 502px\" \/><\/figure><div class=\"elementor-image-box-content\"><h3 class=\"elementor-image-box-title\">GET DOPUNA 1kg<\/h3><p class=\"elementor-image-box-description\">Aktivni kristali apsorbuju vi\u0161ak vla\u017enosti i pretvaraju je u slani rastvor.\u200b<\/p><\/div><\/div>\t\t\t\t<\/div>\n\t\t\t\t<\/div>\n\t\t\t\t\t<\/div>\n\t\t<\/div>\n\t\t\t\t<div class=\"elementor-column elementor-col-20 elementor-top-column elementor-element elementor-element-27fbdcf\" data-id=\"27fbdcf\" data-element_type=\"column\" data-e-type=\"column\">\n\t\t\t<div class=\"elementor-widget-wrap elementor-element-populated\">\n\t\t\t\t\t\t<div class=\"elementor-element elementor-element-508f49a elementor-position-top elementor-widget elementor-widget-image-box\" data-id=\"508f49a\" data-element_type=\"widget\" data-e-type=\"widget\" data-widget_type=\"image-box.default\">\n\t\t\t\t<div class=\"elementor-widget-container\">\n\t\t\t\t\t<div class=\"elementor-image-box-wrapper\"><figure class=\"elementor-image-box-img\"><img loading=\"lazy\" decoding=\"async\" width=\"502\" height=\"501\" src=\"https:\/\/bojatemper.rs\/wp-content\/uploads\/2021\/04\/stopkondenz-sajt.png\" class=\"elementor-animation-grow attachment-full size-full wp-image-7175\" alt=\"\" srcset=\"https:\/\/bojatemper.rs\/wp-content\/uploads\/2021\/04\/stopkondenz-sajt.png 502w, https:\/\/bojatemper.rs\/wp-content\/uploads\/2021\/04\/stopkondenz-sajt-300x300.png 300w, https:\/\/bojatemper.rs\/wp-content\/uploads\/2021\/04\/stopkondenz-sajt-150x150.png 150w\" sizes=\"(max-width: 502px) 100vw, 502px\" \/><\/figure><div class=\"elementor-image-box-content\"><h3 class=\"elementor-image-box-title\">STOPKONDENZ 750ml<\/h3><p class=\"elementor-image-box-description\">Premaz koji upija toplotu iz prostorije i emituje na hladnu povr\u0161inu.<\/p><\/div><\/div>\t\t\t\t<\/div>\n\t\t\t\t<\/div>\n\t\t\t\t<div class=\"elementor-element elementor-element-8f0a7ef elementor-position-top elementor-widget elementor-widget-image-box\" data-id=\"8f0a7ef\" data-element_type=\"widget\" data-e-type=\"widget\" data-widget_type=\"image-box.default\">\n\t\t\t\t<div class=\"elementor-widget-container\">\n\t\t\t\t\t<div class=\"elementor-image-box-wrapper\"><figure class=\"elementor-image-box-img\"><img decoding=\"async\" src=\"https:\/\/bojatemper.rs\/wp-content\/uploads\/2021\/04\/savo-sajt.png\" title=\"\" alt=\"\" class=\"elementor-animation-grow\" loading=\"lazy\" \/><\/figure><div class=\"elementor-image-box-content\"><h3 class=\"elementor-image-box-title\">SAVO SPREJ 500ml<\/h3><p class=\"elementor-image-box-description\">Odli\u010dno otklanja bu\u0111 i plesan sa zidova, podova, plafona, lavaboa...<\/p><\/div><\/div>\t\t\t\t<\/div>\n\t\t\t\t<\/div>\n\t\t\t\t\t<\/div>\n\t\t<\/div>\n\t\t\t\t<div class=\"elementor-column elementor-col-20 elementor-top-column elementor-element elementor-element-66ac770\" data-id=\"66ac770\" data-element_type=\"column\" data-e-type=\"column\">\n\t\t\t<div class=\"elementor-widget-wrap elementor-element-populated\">\n\t\t\t\t\t\t<div class=\"elementor-element elementor-element-dc1404a elementor-position-top elementor-widget elementor-widget-image-box\" data-id=\"dc1404a\" data-element_type=\"widget\" data-e-type=\"widget\" data-widget_type=\"image-box.default\">\n\t\t\t\t<div class=\"elementor-widget-container\">\n\t\t\t\t\t<div class=\"elementor-image-box-wrapper\"><figure class=\"elementor-image-box-img\"><img loading=\"lazy\" decoding=\"async\" width=\"501\" height=\"501\" src=\"https:\/\/bojatemper.rs\/wp-content\/uploads\/2021\/04\/perma-white-sajt.png\" class=\"elementor-animation-grow attachment-full size-full wp-image-7176\" alt=\"\" srcset=\"https:\/\/bojatemper.rs\/wp-content\/uploads\/2021\/04\/perma-white-sajt.png 501w, https:\/\/bojatemper.rs\/wp-content\/uploads\/2021\/04\/perma-white-sajt-300x300.png 300w, https:\/\/bojatemper.rs\/wp-content\/uploads\/2021\/04\/perma-white-sajt-150x150.png 150w\" sizes=\"(max-width: 501px) 100vw, 501px\" \/><\/figure><div class=\"elementor-image-box-content\"><h3 class=\"elementor-image-box-title\">PERMA-WHITE 750ml<\/h3><p class=\"elementor-image-box-description\">Stvara sna\u017eni, izdr\u017eljivi, vodoperivi zavr\u0161ni sloj koji podnosi vlagu.<\/p><\/div><\/div>\t\t\t\t<\/div>\n\t\t\t\t<\/div>\n\t\t\t\t<div class=\"elementor-element elementor-element-98e38a5 elementor-position-top elementor-widget elementor-widget-image-box\" data-id=\"98e38a5\" data-element_type=\"widget\" data-e-type=\"widget\" data-widget_type=\"image-box.default\">\n\t\t\t\t<div class=\"elementor-widget-container\">\n\t\t\t\t\t<div class=\"elementor-image-box-wrapper\"><figure class=\"elementor-image-box-img\"><img loading=\"lazy\" decoding=\"async\" width=\"501\" height=\"502\" src=\"https:\/\/bojatemper.rs\/wp-content\/uploads\/2021\/04\/moldex-sajt.png\" class=\"elementor-animation-grow attachment-full size-full wp-image-7592\" alt=\"moldex-sajt\" srcset=\"https:\/\/bojatemper.rs\/wp-content\/uploads\/2021\/04\/moldex-sajt.png 501w, https:\/\/bojatemper.rs\/wp-content\/uploads\/2021\/04\/moldex-sajt-300x300.png 300w, https:\/\/bojatemper.rs\/wp-content\/uploads\/2021\/04\/moldex-sajt-150x150.png 150w\" sizes=\"(max-width: 501px) 100vw, 501px\" \/><\/figure><div class=\"elementor-image-box-content\"><h3 class=\"elementor-image-box-title\">MOLDEX SPREJ 500ml<\/h3><p class=\"elementor-image-box-description\">Odli\u010dno otklanja bu\u0111 i plesan sa zidova, podova, plafona, lavaboa...<\/p><\/div><\/div>\t\t\t\t<\/div>\n\t\t\t\t<\/div>\n\t\t\t\t\t<\/div>\n\t\t<\/div>\n\t\t\t\t<div class=\"elementor-column elementor-col-20 elementor-top-column elementor-element elementor-element-03e6c48\" data-id=\"03e6c48\" data-element_type=\"column\" data-e-type=\"column\">\n\t\t\t<div class=\"elementor-widget-wrap elementor-element-populated\">\n\t\t\t\t\t\t<div class=\"elementor-element elementor-element-b229441 elementor-position-top elementor-widget elementor-widget-image-box\" data-id=\"b229441\" data-element_type=\"widget\" data-e-type=\"widget\" data-widget_type=\"image-box.default\">\n\t\t\t\t<div class=\"elementor-widget-container\">\n\t\t\t\t\t<div class=\"elementor-image-box-wrapper\"><figure class=\"elementor-image-box-img\"><img loading=\"lazy\" decoding=\"async\" width=\"501\" height=\"501\" src=\"https:\/\/bojatemper.rs\/wp-content\/uploads\/2021\/04\/pitura-antikondenz-sajt.png\" class=\"elementor-animation-grow attachment-full size-full wp-image-7177\" alt=\"pitura-antikondenz-sajt\" srcset=\"https:\/\/bojatemper.rs\/wp-content\/uploads\/2021\/04\/pitura-antikondenz-sajt.png 501w, https:\/\/bojatemper.rs\/wp-content\/uploads\/2021\/04\/pitura-antikondenz-sajt-300x300.png 300w, https:\/\/bojatemper.rs\/wp-content\/uploads\/2021\/04\/pitura-antikondenz-sajt-150x150.png 150w\" sizes=\"(max-width: 501px) 100vw, 501px\" \/><\/figure><div class=\"elementor-image-box-content\"><h3 class=\"elementor-image-box-title\">ANTIKONDENZ 750ml<\/h3><p class=\"elementor-image-box-description\">Premaz koji upija toplotu iz prostorije i emituje na hladnu povr\u0161inu.<\/p><\/div><\/div>\t\t\t\t<\/div>\n\t\t\t\t<\/div>\n\t\t\t\t<div class=\"elementor-element elementor-element-cc33cee elementor-position-top elementor-widget elementor-widget-image-box\" data-id=\"cc33cee\" data-element_type=\"widget\" data-e-type=\"widget\" data-widget_type=\"image-box.default\">\n\t\t\t\t<div class=\"elementor-widget-container\">\n\t\t\t\t\t<div class=\"elementor-image-box-wrapper\"><figure class=\"elementor-image-box-img\"><img loading=\"lazy\" decoding=\"async\" width=\"501\" height=\"501\" src=\"https:\/\/bojatemper.rs\/wp-content\/uploads\/2021\/04\/jubocid-sajt.png\" class=\"elementor-animation-grow attachment-full size-full wp-image-7593\" alt=\"\" srcset=\"https:\/\/bojatemper.rs\/wp-content\/uploads\/2021\/04\/jubocid-sajt.png 501w, https:\/\/bojatemper.rs\/wp-content\/uploads\/2021\/04\/jubocid-sajt-300x300.png 300w, https:\/\/bojatemper.rs\/wp-content\/uploads\/2021\/04\/jubocid-sajt-150x150.png 150w\" sizes=\"(max-width: 501px) 100vw, 501px\" \/><\/figure><div class=\"elementor-image-box-content\"><h3 class=\"elementor-image-box-title\">JUBOCID 500ml<\/h3><p class=\"elementor-image-box-description\">Dodatak za boju, spre\u010davanje rasta i razvoja ve\u0107ine zidnih plesni.<\/p><\/div><\/div>\t\t\t\t<\/div>\n\t\t\t\t<\/div>\n\t\t\t\t\t<\/div>\n\t\t<\/div>\n\t\t\t\t\t<\/div>\n\t\t<\/section>\n\t\t\t\t<\/div>\n\t\t","protected":false},"excerpt":{"rendered":"<p>BU\u0110 I KONDENZ Ovde mo\u017eete prona\u0107i adekvatne proizvode za re\u0161avanje problema kondenza i bu\u0111i. HENKEL APSORBER Apsorber vlage, aparat u koji se postavlja dopuna odnosno tablete. GET APSORBER Apsorber vlage, aparat u koji se postavlja dopuna odnosno tablete.\u200b DOPUNA 900gr Aktivni kristali apsorbuju vi\u0161ak vla\u017enosti i pretvaraju je u slani rastvor. GET DOPUNA 1kg Aktivni [&hellip;]<\/p>\n","protected":false},"author":1,"featured_media":0,"parent":0,"menu_order":0,"comment_status":"closed","ping_status":"closed","template":"","meta":{"content-type":"","footnotes":""},"class_list":["post-1887","page","type-page","status-publish","hentry"],"yoast_head":"<!-- This site is optimized with the Yoast SEO plugin v27.5 - https:\/\/yoast.com\/product\/yoast-seo-wordpress\/ -->\n<title>Bu\u0111 i kondenz - Boja Temper<\/title>\n<meta name=\"robots\" content=\"noindex, nofollow\" \/>\n<meta property=\"og:locale\" content=\"en_US\" \/>\n<meta property=\"og:type\" content=\"article\" \/>\n<meta property=\"og:title\" content=\"Bu\u0111 i kondenz - Boja Temper\" \/>\n<meta property=\"og:description\" content=\"BU\u0110 I KONDENZ Ovde mo\u017eete prona\u0107i adekvatne proizvode za re\u0161avanje problema kondenza i bu\u0111i. HENKEL APSORBER Apsorber vlage, aparat u koji se postavlja dopuna odnosno tablete. GET APSORBER Apsorber vlage, aparat u koji se postavlja dopuna odnosno tablete.\u200b DOPUNA 900gr Aktivni kristali apsorbuju vi\u0161ak vla\u017enosti i pretvaraju je u slani rastvor. GET DOPUNA 1kg Aktivni [&hellip;]\" \/>\n<meta property=\"og:url\" content=\"https:\/\/bojatemper.rs\/index.php\/bud-i-kondenz\/\" \/>\n<meta property=\"og:site_name\" content=\"Boja Temper\" \/>\n<meta property=\"article:modified_time\" content=\"2021-08-17T13:50:48+00:00\" \/>\n<meta property=\"og:image\" content=\"https:\/\/bojatemper.rs\/wp-content\/uploads\/2021\/04\/henkel-aero-sajt.png\" \/>\n<meta name=\"twitter:card\" content=\"summary_large_image\" \/>\n<meta name=\"twitter:label1\" content=\"Est. reading time\" \/>\n\t<meta name=\"twitter:data1\" content=\"3 minutes\" \/>\n<script type=\"application\/ld+json\" class=\"yoast-schema-graph\">{\"@context\":\"https:\\\/\\\/schema.org\",\"@graph\":[{\"@type\":\"WebPage\",\"@id\":\"https:\\\/\\\/bojatemper.rs\\\/index.php\\\/bud-i-kondenz\\\/\",\"url\":\"https:\\\/\\\/bojatemper.rs\\\/index.php\\\/bud-i-kondenz\\\/\",\"name\":\"Bu\u0111 i kondenz - Boja Temper\",\"isPartOf\":{\"@id\":\"https:\\\/\\\/bojatemper.rs\\\/#website\"},\"primaryImageOfPage\":{\"@id\":\"https:\\\/\\\/bojatemper.rs\\\/index.php\\\/bud-i-kondenz\\\/#primaryimage\"},\"image\":{\"@id\":\"https:\\\/\\\/bojatemper.rs\\\/index.php\\\/bud-i-kondenz\\\/#primaryimage\"},\"thumbnailUrl\":\"https:\\\/\\\/bojatemper.rs\\\/wp-content\\\/uploads\\\/2021\\\/04\\\/henkel-aero-sajt.png\",\"datePublished\":\"2021-03-03T14:45:02+00:00\",\"dateModified\":\"2021-08-17T13:50:48+00:00\",\"breadcrumb\":{\"@id\":\"https:\\\/\\\/bojatemper.rs\\\/index.php\\\/bud-i-kondenz\\\/#breadcrumb\"},\"inLanguage\":\"en-US\",\"potentialAction\":[{\"@type\":\"ReadAction\",\"target\":[\"https:\\\/\\\/bojatemper.rs\\\/index.php\\\/bud-i-kondenz\\\/\"]}]},{\"@type\":\"ImageObject\",\"inLanguage\":\"en-US\",\"@id\":\"https:\\\/\\\/bojatemper.rs\\\/index.php\\\/bud-i-kondenz\\\/#primaryimage\",\"url\":\"https:\\\/\\\/bojatemper.rs\\\/wp-content\\\/uploads\\\/2021\\\/04\\\/henkel-aero-sajt.png\",\"contentUrl\":\"https:\\\/\\\/bojatemper.rs\\\/wp-content\\\/uploads\\\/2021\\\/04\\\/henkel-aero-sajt.png\",\"width\":501,\"height\":501,\"caption\":\"henkel-aero-sajt\"},{\"@type\":\"BreadcrumbList\",\"@id\":\"https:\\\/\\\/bojatemper.rs\\\/index.php\\\/bud-i-kondenz\\\/#breadcrumb\",\"itemListElement\":[{\"@type\":\"ListItem\",\"position\":1,\"name\":\"Home\",\"item\":\"https:\\\/\\\/bojatemper.rs\\\/\"},{\"@type\":\"ListItem\",\"position\":2,\"name\":\"Bu\u0111 i kondenz\"}]},{\"@type\":\"WebSite\",\"@id\":\"https:\\\/\\\/bojatemper.rs\\\/#website\",\"url\":\"https:\\\/\\\/bojatemper.rs\\\/\",\"name\":\"Boja Temper\",\"description\":\"\",\"publisher\":{\"@id\":\"https:\\\/\\\/bojatemper.rs\\\/#organization\"},\"potentialAction\":[{\"@type\":\"SearchAction\",\"target\":{\"@type\":\"EntryPoint\",\"urlTemplate\":\"https:\\\/\\\/bojatemper.rs\\\/?s={search_term_string}\"},\"query-input\":{\"@type\":\"PropertyValueSpecification\",\"valueRequired\":true,\"valueName\":\"search_term_string\"}}],\"inLanguage\":\"en-US\"},{\"@type\":\"Organization\",\"@id\":\"https:\\\/\\\/bojatemper.rs\\\/#organization\",\"name\":\"Boja Temper\",\"url\":\"https:\\\/\\\/bojatemper.rs\\\/\",\"logo\":{\"@type\":\"ImageObject\",\"inLanguage\":\"en-US\",\"@id\":\"https:\\\/\\\/bojatemper.rs\\\/#\\\/schema\\\/logo\\\/image\\\/\",\"url\":\"https:\\\/\\\/bojatemper.rs\\\/wp-content\\\/uploads\\\/2021\\\/05\\\/logo-bt.png\",\"contentUrl\":\"https:\\\/\\\/bojatemper.rs\\\/wp-content\\\/uploads\\\/2021\\\/05\\\/logo-bt.png\",\"width\":90,\"height\":71,\"caption\":\"Boja Temper\"},\"image\":{\"@id\":\"https:\\\/\\\/bojatemper.rs\\\/#\\\/schema\\\/logo\\\/image\\\/\"}}]}<\/script>\n<!-- \/ Yoast SEO plugin. -->","yoast_head_json":{"title":"Bu\u0111 i kondenz - Boja Temper","robots":{"index":"noindex","follow":"nofollow"},"og_locale":"en_US","og_type":"article","og_title":"Bu\u0111 i kondenz - Boja Temper","og_description":"BU\u0110 I KONDENZ Ovde mo\u017eete prona\u0107i adekvatne proizvode za re\u0161avanje problema kondenza i bu\u0111i. HENKEL APSORBER Apsorber vlage, aparat u koji se postavlja dopuna odnosno tablete. GET APSORBER Apsorber vlage, aparat u koji se postavlja dopuna odnosno tablete.\u200b DOPUNA 900gr Aktivni kristali apsorbuju vi\u0161ak vla\u017enosti i pretvaraju je u slani rastvor. GET DOPUNA 1kg Aktivni [&hellip;]","og_url":"https:\/\/bojatemper.rs\/index.php\/bud-i-kondenz\/","og_site_name":"Boja Temper","article_modified_time":"2021-08-17T13:50:48+00:00","og_image":[{"url":"https:\/\/bojatemper.rs\/wp-content\/uploads\/2021\/04\/henkel-aero-sajt.png","type":"","width":"","height":""}],"twitter_card":"summary_large_image","twitter_misc":{"Est. reading time":"3 minutes"},"schema":{"@context":"https:\/\/schema.org","@graph":[{"@type":"WebPage","@id":"https:\/\/bojatemper.rs\/index.php\/bud-i-kondenz\/","url":"https:\/\/bojatemper.rs\/index.php\/bud-i-kondenz\/","name":"Bu\u0111 i kondenz - Boja Temper","isPartOf":{"@id":"https:\/\/bojatemper.rs\/#website"},"primaryImageOfPage":{"@id":"https:\/\/bojatemper.rs\/index.php\/bud-i-kondenz\/#primaryimage"},"image":{"@id":"https:\/\/bojatemper.rs\/index.php\/bud-i-kondenz\/#primaryimage"},"thumbnailUrl":"https:\/\/bojatemper.rs\/wp-content\/uploads\/2021\/04\/henkel-aero-sajt.png","datePublished":"2021-03-03T14:45:02+00:00","dateModified":"2021-08-17T13:50:48+00:00","breadcrumb":{"@id":"https:\/\/bojatemper.rs\/index.php\/bud-i-kondenz\/#breadcrumb"},"inLanguage":"en-US","potentialAction":[{"@type":"ReadAction","target":["https:\/\/bojatemper.rs\/index.php\/bud-i-kondenz\/"]}]},{"@type":"ImageObject","inLanguage":"en-US","@id":"https:\/\/bojatemper.rs\/index.php\/bud-i-kondenz\/#primaryimage","url":"https:\/\/bojatemper.rs\/wp-content\/uploads\/2021\/04\/henkel-aero-sajt.png","contentUrl":"https:\/\/bojatemper.rs\/wp-content\/uploads\/2021\/04\/henkel-aero-sajt.png","width":501,"height":501,"caption":"henkel-aero-sajt"},{"@type":"BreadcrumbList","@id":"https:\/\/bojatemper.rs\/index.php\/bud-i-kondenz\/#breadcrumb","itemListElement":[{"@type":"ListItem","position":1,"name":"Home","item":"https:\/\/bojatemper.rs\/"},{"@type":"ListItem","position":2,"name":"Bu\u0111 i kondenz"}]},{"@type":"WebSite","@id":"https:\/\/bojatemper.rs\/#website","url":"https:\/\/bojatemper.rs\/","name":"Boja Temper","description":"","publisher":{"@id":"https:\/\/bojatemper.rs\/#organization"},"potentialAction":[{"@type":"SearchAction","target":{"@type":"EntryPoint","urlTemplate":"https:\/\/bojatemper.rs\/?s={search_term_string}"},"query-input":{"@type":"PropertyValueSpecification","valueRequired":true,"valueName":"search_term_string"}}],"inLanguage":"en-US"},{"@type":"Organization","@id":"https:\/\/bojatemper.rs\/#organization","name":"Boja Temper","url":"https:\/\/bojatemper.rs\/","logo":{"@type":"ImageObject","inLanguage":"en-US","@id":"https:\/\/bojatemper.rs\/#\/schema\/logo\/image\/","url":"https:\/\/bojatemper.rs\/wp-content\/uploads\/2021\/05\/logo-bt.png","contentUrl":"https:\/\/bojatemper.rs\/wp-content\/uploads\/2021\/05\/logo-bt.png","width":90,"height":71,"caption":"Boja Temper"},"image":{"@id":"https:\/\/bojatemper.rs\/#\/schema\/logo\/image\/"}}]}},"_links":{"self":[{"href":"https:\/\/bojatemper.rs\/index.php\/wp-json\/wp\/v2\/pages\/1887","targetHints":{"allow":["GET"]}}],"collection":[{"href":"https:\/\/bojatemper.rs\/index.php\/wp-json\/wp\/v2\/pages"}],"about":[{"href":"https:\/\/bojatemper.rs\/index.php\/wp-json\/wp\/v2\/types\/page"}],"author":[{"embeddable":true,"href":"https:\/\/bojatemper.rs\/index.php\/wp-json\/wp\/v2\/users\/1"}],"replies":[{"embeddable":true,"href":"https:\/\/bojatemper.rs\/index.php\/wp-json\/wp\/v2\/comments?post=1887"}],"version-history":[{"count":389,"href":"https:\/\/bojatemper.rs\/index.php\/wp-json\/wp\/v2\/pages\/1887\/revisions"}],"predecessor-version":[{"id":9253,"href":"https:\/\/bojatemper.rs\/index.php\/wp-json\/wp\/v2\/pages\/1887\/revisions\/9253"}],"wp:attachment":[{"href":"https:\/\/bojatemper.rs\/index.php\/wp-json\/wp\/v2\/media?parent=1887"}],"curies":[{"name":"wp","href":"https:\/\/api.w.org\/{rel}","templated":true}]}}