{"id":1891,"date":"2021-03-03T14:48:57","date_gmt":"2021-03-03T14:48:57","guid":{"rendered":"https:\/\/bojatemper.rs\/?page_id=1891"},"modified":"2021-08-17T13:52:22","modified_gmt":"2021-08-17T13:52:22","slug":"lak-za-parket","status":"publish","type":"page","link":"https:\/\/bojatemper.rs\/index.php\/lak-za-parket\/","title":{"rendered":"Lak za parket"},"content":{"rendered":"\t\t<div data-elementor-type=\"wp-page\" data-elementor-id=\"1891\" class=\"elementor elementor-1891\">\n\t\t\t\t\t\t<section class=\"elementor-section elementor-top-section elementor-element elementor-element-7772c79 elementor-section-boxed elementor-section-height-default elementor-section-height-default\" data-id=\"7772c79\" data-element_type=\"section\" data-e-type=\"section\">\n\t\t\t\t\t\t<div class=\"elementor-container elementor-column-gap-default\">\n\t\t\t\t\t<div class=\"elementor-column elementor-col-100 elementor-top-column elementor-element elementor-element-19c9440\" data-id=\"19c9440\" data-element_type=\"column\" data-e-type=\"column\">\n\t\t\t<div class=\"elementor-widget-wrap elementor-element-populated\">\n\t\t\t\t\t\t<div class=\"elementor-element elementor-element-fae1092 elementor-widget elementor-widget-heading\" data-id=\"fae1092\" data-element_type=\"widget\" data-e-type=\"widget\" data-widget_type=\"heading.default\">\n\t\t\t\t<div class=\"elementor-widget-container\">\n\t\t\t\t\t<h2 class=\"elementor-heading-title elementor-size-default\">LAK ZA PARKET<\/h2>\t\t\t\t<\/div>\n\t\t\t\t<\/div>\n\t\t\t\t<div class=\"elementor-element elementor-element-629e7aa elementor-widget elementor-widget-text-editor\" data-id=\"629e7aa\" data-element_type=\"widget\" data-e-type=\"widget\" data-widget_type=\"text-editor.default\">\n\t\t\t\t<div class=\"elementor-widget-container\">\n\t\t\t\t\t\t\t\t\t<p>Ovde mo\u017eete prona\u0107i adekvatne vrste lakova za parket.<\/p>\t\t\t\t\t\t\t\t<\/div>\n\t\t\t\t<\/div>\n\t\t\t\t\t<\/div>\n\t\t<\/div>\n\t\t\t\t\t<\/div>\n\t\t<\/section>\n\t\t\t\t<section class=\"elementor-section elementor-top-section elementor-element elementor-element-6e14c2f elementor-section-boxed elementor-section-height-default elementor-section-height-default\" data-id=\"6e14c2f\" data-element_type=\"section\" data-e-type=\"section\">\n\t\t\t\t\t\t<div class=\"elementor-container elementor-column-gap-default\">\n\t\t\t\t\t<div class=\"elementor-column elementor-col-20 elementor-top-column elementor-element elementor-element-fb44baf\" data-id=\"fb44baf\" data-element_type=\"column\" data-e-type=\"column\">\n\t\t\t<div class=\"elementor-widget-wrap elementor-element-populated\">\n\t\t\t\t\t\t<div class=\"elementor-element elementor-element-e5e60d8 elementor-position-top elementor-widget elementor-widget-image-box\" data-id=\"e5e60d8\" data-element_type=\"widget\" data-e-type=\"widget\" data-widget_type=\"image-box.default\">\n\t\t\t\t<div class=\"elementor-widget-container\">\n\t\t\t\t\t<div class=\"elementor-image-box-wrapper\"><figure class=\"elementor-image-box-img\"><img fetchpriority=\"high\" decoding=\"async\" width=\"501\" height=\"501\" src=\"https:\/\/bojatemper.rs\/wp-content\/uploads\/2021\/04\/parket-er-podloga-sajt.png\" class=\"elementor-animation-grow attachment-full size-full wp-image-7028\" alt=\"parket-er-podloga-sajt\" srcset=\"https:\/\/bojatemper.rs\/wp-content\/uploads\/2021\/04\/parket-er-podloga-sajt.png 501w, https:\/\/bojatemper.rs\/wp-content\/uploads\/2021\/04\/parket-er-podloga-sajt-300x300.png 300w, https:\/\/bojatemper.rs\/wp-content\/uploads\/2021\/04\/parket-er-podloga-sajt-150x150.png 150w\" sizes=\"(max-width: 501px) 100vw, 501px\" \/><\/figure><div class=\"elementor-image-box-content\"><h3 class=\"elementor-image-box-title\">ER-LAK OSNOVNI 1l<\/h3><p class=\"elementor-image-box-description\">Osnovni nitro lak za parket namenjen za pripremu drvenih podova.<\/p><\/div><\/div>\t\t\t\t<\/div>\n\t\t\t\t<\/div>\n\t\t\t\t<div class=\"elementor-element elementor-element-a6b9233 elementor-position-top elementor-widget elementor-widget-image-box\" data-id=\"a6b9233\" data-element_type=\"widget\" data-e-type=\"widget\" data-widget_type=\"image-box.default\">\n\t\t\t\t<div class=\"elementor-widget-container\">\n\t\t\t\t\t<div class=\"elementor-image-box-wrapper\"><figure class=\"elementor-image-box-img\"><img decoding=\"async\" width=\"501\" height=\"501\" src=\"https:\/\/bojatemper.rs\/wp-content\/uploads\/2021\/04\/parket-duga-extra-sajt.png\" class=\"elementor-animation-grow attachment-full size-full wp-image-7045\" alt=\"\" srcset=\"https:\/\/bojatemper.rs\/wp-content\/uploads\/2021\/04\/parket-duga-extra-sajt.png 501w, https:\/\/bojatemper.rs\/wp-content\/uploads\/2021\/04\/parket-duga-extra-sajt-300x300.png 300w, https:\/\/bojatemper.rs\/wp-content\/uploads\/2021\/04\/parket-duga-extra-sajt-150x150.png 150w\" sizes=\"(max-width: 501px) 100vw, 501px\" \/><\/figure><div class=\"elementor-image-box-content\"><h3 class=\"elementor-image-box-title\">DUGA LAK ZAVR\u0160NI 3l<\/h3><p class=\"elementor-image-box-description\">Dvokomponentni nitro lak za parket namenjen za drvene podove.<\/p><\/div><\/div>\t\t\t\t<\/div>\n\t\t\t\t<\/div>\n\t\t\t\t\t<\/div>\n\t\t<\/div>\n\t\t\t\t<div class=\"elementor-column elementor-col-20 elementor-top-column elementor-element elementor-element-00287cb\" data-id=\"00287cb\" data-element_type=\"column\" data-e-type=\"column\">\n\t\t\t<div class=\"elementor-widget-wrap elementor-element-populated\">\n\t\t\t\t\t\t<div class=\"elementor-element elementor-element-806d080 elementor-position-top elementor-widget elementor-widget-image-box\" data-id=\"806d080\" data-element_type=\"widget\" data-e-type=\"widget\" data-widget_type=\"image-box.default\">\n\t\t\t\t<div class=\"elementor-widget-container\">\n\t\t\t\t\t<div class=\"elementor-image-box-wrapper\"><figure class=\"elementor-image-box-img\"><img decoding=\"async\" width=\"501\" height=\"501\" src=\"https:\/\/bojatemper.rs\/wp-content\/uploads\/2021\/04\/parket-er-lak-sajt.png\" class=\"elementor-animation-grow attachment-full size-full wp-image-7032\" alt=\"parket-er-lak-sajt\" srcset=\"https:\/\/bojatemper.rs\/wp-content\/uploads\/2021\/04\/parket-er-lak-sajt.png 501w, https:\/\/bojatemper.rs\/wp-content\/uploads\/2021\/04\/parket-er-lak-sajt-300x300.png 300w, https:\/\/bojatemper.rs\/wp-content\/uploads\/2021\/04\/parket-er-lak-sajt-150x150.png 150w\" sizes=\"(max-width: 501px) 100vw, 501px\" \/><\/figure><div class=\"elementor-image-box-content\"><h3 class=\"elementor-image-box-title\">ER-LAK ZAVR\u0160NI 2l<\/h3><p class=\"elementor-image-box-description\">Dvokomponentni nitro lak za parket namenjen za drvene podove.<\/p><\/div><\/div>\t\t\t\t<\/div>\n\t\t\t\t<\/div>\n\t\t\t\t<div class=\"elementor-element elementor-element-931c5bf elementor-position-top elementor-widget elementor-widget-image-box\" data-id=\"931c5bf\" data-element_type=\"widget\" data-e-type=\"widget\" data-widget_type=\"image-box.default\">\n\t\t\t\t<div class=\"elementor-widget-container\">\n\t\t\t\t\t<div class=\"elementor-image-box-wrapper\"><figure class=\"elementor-image-box-img\"><img loading=\"lazy\" decoding=\"async\" width=\"502\" height=\"501\" src=\"https:\/\/bojatemper.rs\/wp-content\/uploads\/2021\/04\/parket-hemmax-lak-sajt.png\" class=\"elementor-animation-grow attachment-full size-full wp-image-7046\" alt=\"parket-hemmax-lak-sajt\" srcset=\"https:\/\/bojatemper.rs\/wp-content\/uploads\/2021\/04\/parket-hemmax-lak-sajt.png 502w, https:\/\/bojatemper.rs\/wp-content\/uploads\/2021\/04\/parket-hemmax-lak-sajt-300x300.png 300w, https:\/\/bojatemper.rs\/wp-content\/uploads\/2021\/04\/parket-hemmax-lak-sajt-150x150.png 150w\" sizes=\"(max-width: 502px) 100vw, 502px\" \/><\/figure><div class=\"elementor-image-box-content\"><h3 class=\"elementor-image-box-title\">HEMMAX ZAVR\u0160NI\u200b 2l<\/h3><p class=\"elementor-image-box-description\">Dvokomponentni nitro lak za parket namenjen za drvene podove.<\/p><\/div><\/div>\t\t\t\t<\/div>\n\t\t\t\t<\/div>\n\t\t\t\t\t<\/div>\n\t\t<\/div>\n\t\t\t\t<div class=\"elementor-column elementor-col-20 elementor-top-column elementor-element elementor-element-8b57d2d\" data-id=\"8b57d2d\" data-element_type=\"column\" data-e-type=\"column\">\n\t\t\t<div class=\"elementor-widget-wrap elementor-element-populated\">\n\t\t\t\t\t\t<div class=\"elementor-element elementor-element-1bc20e6 elementor-position-top elementor-widget elementor-widget-image-box\" data-id=\"1bc20e6\" data-element_type=\"widget\" data-e-type=\"widget\" data-widget_type=\"image-box.default\">\n\t\t\t\t<div class=\"elementor-widget-container\">\n\t\t\t\t\t<div class=\"elementor-image-box-wrapper\"><figure class=\"elementor-image-box-img\"><img loading=\"lazy\" decoding=\"async\" width=\"501\" height=\"501\" src=\"https:\/\/bojatemper.rs\/wp-content\/uploads\/2021\/04\/parket-duga-podloga-sajt.png\" class=\"elementor-animation-grow attachment-full size-full wp-image-7036\" alt=\"parket-duga-podloga-sajt\" srcset=\"https:\/\/bojatemper.rs\/wp-content\/uploads\/2021\/04\/parket-duga-podloga-sajt.png 501w, https:\/\/bojatemper.rs\/wp-content\/uploads\/2021\/04\/parket-duga-podloga-sajt-300x300.png 300w, https:\/\/bojatemper.rs\/wp-content\/uploads\/2021\/04\/parket-duga-podloga-sajt-150x150.png 150w\" sizes=\"(max-width: 501px) 100vw, 501px\" \/><\/figure><div class=\"elementor-image-box-content\"><h3 class=\"elementor-image-box-title\">DUGA OSNOVNI 1l<\/h3><p class=\"elementor-image-box-description\">Osnovni nitro lak za parket namenjen za pripremu drvenih podova.\u200b<\/p><\/div><\/div>\t\t\t\t<\/div>\n\t\t\t\t<\/div>\n\t\t\t\t<div class=\"elementor-element elementor-element-1fa698c elementor-position-top elementor-widget elementor-widget-image-box\" data-id=\"1fa698c\" data-element_type=\"widget\" data-e-type=\"widget\" data-widget_type=\"image-box.default\">\n\t\t\t\t<div class=\"elementor-widget-container\">\n\t\t\t\t\t<div class=\"elementor-image-box-wrapper\"><figure class=\"elementor-image-box-img\"><img loading=\"lazy\" decoding=\"async\" width=\"501\" height=\"501\" src=\"https:\/\/bojatemper.rs\/wp-content\/uploads\/2021\/04\/parket-maestro-lak-sajt.png\" class=\"elementor-animation-grow attachment-full size-full wp-image-7047\" alt=\"\" srcset=\"https:\/\/bojatemper.rs\/wp-content\/uploads\/2021\/04\/parket-maestro-lak-sajt.png 501w, https:\/\/bojatemper.rs\/wp-content\/uploads\/2021\/04\/parket-maestro-lak-sajt-300x300.png 300w, https:\/\/bojatemper.rs\/wp-content\/uploads\/2021\/04\/parket-maestro-lak-sajt-150x150.png 150w\" sizes=\"(max-width: 501px) 100vw, 501px\" \/><\/figure><div class=\"elementor-image-box-content\"><h3 class=\"elementor-image-box-title\">MAESTRO ZAVR\u0160NI 2l<\/h3><p class=\"elementor-image-box-description\">Dvokomponentni nitro lak za parket namenjen za drvene podove.<\/p><\/div><\/div>\t\t\t\t<\/div>\n\t\t\t\t<\/div>\n\t\t\t\t\t<\/div>\n\t\t<\/div>\n\t\t\t\t<div class=\"elementor-column elementor-col-20 elementor-top-column elementor-element elementor-element-36cf59a\" data-id=\"36cf59a\" data-element_type=\"column\" data-e-type=\"column\">\n\t\t\t<div class=\"elementor-widget-wrap elementor-element-populated\">\n\t\t\t\t\t\t<div class=\"elementor-element elementor-element-e1479f0 elementor-position-top elementor-widget elementor-widget-image-box\" data-id=\"e1479f0\" data-element_type=\"widget\" data-e-type=\"widget\" data-widget_type=\"image-box.default\">\n\t\t\t\t<div class=\"elementor-widget-container\">\n\t\t\t\t\t<div class=\"elementor-image-box-wrapper\"><figure class=\"elementor-image-box-img\"><img loading=\"lazy\" decoding=\"async\" width=\"501\" height=\"501\" src=\"https:\/\/bojatemper.rs\/wp-content\/uploads\/2021\/04\/parket-duga-lak-sajt.png\" class=\"elementor-animation-grow attachment-full size-full wp-image-7037\" alt=\"parket-duga-lak-sajt\" srcset=\"https:\/\/bojatemper.rs\/wp-content\/uploads\/2021\/04\/parket-duga-lak-sajt.png 501w, https:\/\/bojatemper.rs\/wp-content\/uploads\/2021\/04\/parket-duga-lak-sajt-300x300.png 300w, https:\/\/bojatemper.rs\/wp-content\/uploads\/2021\/04\/parket-duga-lak-sajt-150x150.png 150w\" sizes=\"(max-width: 501px) 100vw, 501px\" \/><\/figure><div class=\"elementor-image-box-content\"><h3 class=\"elementor-image-box-title\">DUGA LAK ZAVR\u0160NI  2l<\/h3><p class=\"elementor-image-box-description\">Dvokomponentni nitro lak za parket namenjen za drvene podove.\u200b<\/p><\/div><\/div>\t\t\t\t<\/div>\n\t\t\t\t<\/div>\n\t\t\t\t<div class=\"elementor-element elementor-element-9c5869c elementor-position-top elementor-widget elementor-widget-image-box\" data-id=\"9c5869c\" data-element_type=\"widget\" data-e-type=\"widget\" data-widget_type=\"image-box.default\">\n\t\t\t\t<div class=\"elementor-widget-container\">\n\t\t\t\t\t<div class=\"elementor-image-box-wrapper\"><figure class=\"elementor-image-box-img\"><img loading=\"lazy\" decoding=\"async\" width=\"501\" height=\"501\" src=\"https:\/\/bojatemper.rs\/wp-content\/uploads\/2021\/04\/parket-er-akril-sajt.png\" class=\"elementor-animation-grow attachment-full size-full wp-image-7048\" alt=\"parket-er-akril-sajt\" srcset=\"https:\/\/bojatemper.rs\/wp-content\/uploads\/2021\/04\/parket-er-akril-sajt.png 501w, https:\/\/bojatemper.rs\/wp-content\/uploads\/2021\/04\/parket-er-akril-sajt-300x300.png 300w, https:\/\/bojatemper.rs\/wp-content\/uploads\/2021\/04\/parket-er-akril-sajt-150x150.png 150w\" sizes=\"(max-width: 501px) 100vw, 501px\" \/><\/figure><div class=\"elementor-image-box-content\"><h3 class=\"elementor-image-box-title\">ER-LAK OSNOVNI 1l<\/h3><p class=\"elementor-image-box-description\">Vodeni osnovni lak za parket namenjen za pripremu drvenih podova.<\/p><\/div><\/div>\t\t\t\t<\/div>\n\t\t\t\t<\/div>\n\t\t\t\t\t<\/div>\n\t\t<\/div>\n\t\t\t\t<div class=\"elementor-column elementor-col-20 elementor-top-column elementor-element elementor-element-107b7ce\" data-id=\"107b7ce\" data-element_type=\"column\" data-e-type=\"column\">\n\t\t\t<div class=\"elementor-widget-wrap elementor-element-populated\">\n\t\t\t\t\t\t<div class=\"elementor-element elementor-element-f63d6c0 elementor-position-top elementor-widget elementor-widget-image-box\" data-id=\"f63d6c0\" data-element_type=\"widget\" data-e-type=\"widget\" data-widget_type=\"image-box.default\">\n\t\t\t\t<div class=\"elementor-widget-container\">\n\t\t\t\t\t<div class=\"elementor-image-box-wrapper\"><figure class=\"elementor-image-box-img\"><img loading=\"lazy\" decoding=\"async\" width=\"502\" height=\"501\" src=\"https:\/\/bojatemper.rs\/wp-content\/uploads\/2021\/04\/parket-duga-masa-sajt.png\" class=\"elementor-animation-grow attachment-full size-full wp-image-7038\" alt=\"parket-duga-masa-sajt\" srcset=\"https:\/\/bojatemper.rs\/wp-content\/uploads\/2021\/04\/parket-duga-masa-sajt.png 502w, https:\/\/bojatemper.rs\/wp-content\/uploads\/2021\/04\/parket-duga-masa-sajt-300x300.png 300w, https:\/\/bojatemper.rs\/wp-content\/uploads\/2021\/04\/parket-duga-masa-sajt-150x150.png 150w\" sizes=\"(max-width: 502px) 100vw, 502px\" \/><\/figure><div class=\"elementor-image-box-content\"><h3 class=\"elementor-image-box-title\">DUGA MASA ZA FUG. 1l<\/h3><p class=\"elementor-image-box-description\">Za popunjavanje fuga na parketu u cilju dobijanja spojene povr\u0161ine.<\/p><\/div><\/div>\t\t\t\t<\/div>\n\t\t\t\t<\/div>\n\t\t\t\t<div class=\"elementor-element elementor-element-c343dd4 elementor-position-top elementor-widget elementor-widget-image-box\" data-id=\"c343dd4\" data-element_type=\"widget\" data-e-type=\"widget\" data-widget_type=\"image-box.default\">\n\t\t\t\t<div class=\"elementor-widget-container\">\n\t\t\t\t\t<div class=\"elementor-image-box-wrapper\"><figure class=\"elementor-image-box-img\"><img loading=\"lazy\" decoding=\"async\" width=\"502\" height=\"501\" src=\"https:\/\/bojatemper.rs\/wp-content\/uploads\/2021\/04\/parket-er-vodeni-lak-sajt.png\" class=\"elementor-animation-grow attachment-full size-full wp-image-7049\" alt=\"\" srcset=\"https:\/\/bojatemper.rs\/wp-content\/uploads\/2021\/04\/parket-er-vodeni-lak-sajt.png 502w, https:\/\/bojatemper.rs\/wp-content\/uploads\/2021\/04\/parket-er-vodeni-lak-sajt-300x300.png 300w, https:\/\/bojatemper.rs\/wp-content\/uploads\/2021\/04\/parket-er-vodeni-lak-sajt-150x150.png 150w\" sizes=\"(max-width: 502px) 100vw, 502px\" \/><\/figure><div class=\"elementor-image-box-content\"><h3 class=\"elementor-image-box-title\">ER-LAK ZAVR\u0160NI 1l<\/h3><p class=\"elementor-image-box-description\">Vodeni jednokomponentni lak za parket namenjen za drvene podove.<\/p><\/div><\/div>\t\t\t\t<\/div>\n\t\t\t\t<\/div>\n\t\t\t\t\t<\/div>\n\t\t<\/div>\n\t\t\t\t\t<\/div>\n\t\t<\/section>\n\t\t\t\t<\/div>\n\t\t","protected":false},"excerpt":{"rendered":"<p>LAK ZA PARKET Ovde mo\u017eete prona\u0107i adekvatne vrste lakova za parket. ER-LAK OSNOVNI 1l Osnovni nitro lak za parket namenjen za pripremu drvenih podova. DUGA LAK ZAVR\u0160NI 3l Dvokomponentni nitro lak za parket namenjen za drvene podove. ER-LAK ZAVR\u0160NI 2l Dvokomponentni nitro lak za parket namenjen za drvene podove. HEMMAX ZAVR\u0160NI\u200b 2l Dvokomponentni nitro lak [&hellip;]<\/p>\n","protected":false},"author":1,"featured_media":0,"parent":0,"menu_order":0,"comment_status":"closed","ping_status":"closed","template":"","meta":{"content-type":"","footnotes":""},"class_list":["post-1891","page","type-page","status-publish","hentry"],"yoast_head":"<!-- This site is optimized with the Yoast SEO plugin v27.5 - https:\/\/yoast.com\/product\/yoast-seo-wordpress\/ -->\n<title>Lak za parket - Boja Temper<\/title>\n<meta name=\"robots\" content=\"noindex, nofollow\" \/>\n<meta property=\"og:locale\" content=\"en_US\" \/>\n<meta property=\"og:type\" content=\"article\" \/>\n<meta property=\"og:title\" content=\"Lak za parket - Boja Temper\" \/>\n<meta property=\"og:description\" content=\"LAK ZA PARKET Ovde mo\u017eete prona\u0107i adekvatne vrste lakova za parket. ER-LAK OSNOVNI 1l Osnovni nitro lak za parket namenjen za pripremu drvenih podova. DUGA LAK ZAVR\u0160NI 3l Dvokomponentni nitro lak za parket namenjen za drvene podove. ER-LAK ZAVR\u0160NI 2l Dvokomponentni nitro lak za parket namenjen za drvene podove. HEMMAX ZAVR\u0160NI\u200b 2l Dvokomponentni nitro lak [&hellip;]\" \/>\n<meta property=\"og:url\" content=\"https:\/\/bojatemper.rs\/index.php\/lak-za-parket\/\" \/>\n<meta property=\"og:site_name\" content=\"Boja Temper\" \/>\n<meta property=\"article:modified_time\" content=\"2021-08-17T13:52:22+00:00\" \/>\n<meta property=\"og:image\" content=\"https:\/\/bojatemper.rs\/wp-content\/uploads\/2021\/04\/parket-er-podloga-sajt.png\" \/>\n<meta name=\"twitter:card\" content=\"summary_large_image\" \/>\n<meta name=\"twitter:label1\" content=\"Est. reading time\" \/>\n\t<meta name=\"twitter:data1\" content=\"3 minutes\" \/>\n<script type=\"application\/ld+json\" class=\"yoast-schema-graph\">{\"@context\":\"https:\\\/\\\/schema.org\",\"@graph\":[{\"@type\":\"WebPage\",\"@id\":\"https:\\\/\\\/bojatemper.rs\\\/index.php\\\/lak-za-parket\\\/\",\"url\":\"https:\\\/\\\/bojatemper.rs\\\/index.php\\\/lak-za-parket\\\/\",\"name\":\"Lak za parket - Boja Temper\",\"isPartOf\":{\"@id\":\"https:\\\/\\\/bojatemper.rs\\\/#website\"},\"primaryImageOfPage\":{\"@id\":\"https:\\\/\\\/bojatemper.rs\\\/index.php\\\/lak-za-parket\\\/#primaryimage\"},\"image\":{\"@id\":\"https:\\\/\\\/bojatemper.rs\\\/index.php\\\/lak-za-parket\\\/#primaryimage\"},\"thumbnailUrl\":\"https:\\\/\\\/bojatemper.rs\\\/wp-content\\\/uploads\\\/2021\\\/04\\\/parket-er-podloga-sajt.png\",\"datePublished\":\"2021-03-03T14:48:57+00:00\",\"dateModified\":\"2021-08-17T13:52:22+00:00\",\"breadcrumb\":{\"@id\":\"https:\\\/\\\/bojatemper.rs\\\/index.php\\\/lak-za-parket\\\/#breadcrumb\"},\"inLanguage\":\"en-US\",\"potentialAction\":[{\"@type\":\"ReadAction\",\"target\":[\"https:\\\/\\\/bojatemper.rs\\\/index.php\\\/lak-za-parket\\\/\"]}]},{\"@type\":\"ImageObject\",\"inLanguage\":\"en-US\",\"@id\":\"https:\\\/\\\/bojatemper.rs\\\/index.php\\\/lak-za-parket\\\/#primaryimage\",\"url\":\"https:\\\/\\\/bojatemper.rs\\\/wp-content\\\/uploads\\\/2021\\\/04\\\/parket-er-podloga-sajt.png\",\"contentUrl\":\"https:\\\/\\\/bojatemper.rs\\\/wp-content\\\/uploads\\\/2021\\\/04\\\/parket-er-podloga-sajt.png\",\"width\":501,\"height\":501,\"caption\":\"parket-er-podloga-sajt\"},{\"@type\":\"BreadcrumbList\",\"@id\":\"https:\\\/\\\/bojatemper.rs\\\/index.php\\\/lak-za-parket\\\/#breadcrumb\",\"itemListElement\":[{\"@type\":\"ListItem\",\"position\":1,\"name\":\"Home\",\"item\":\"https:\\\/\\\/bojatemper.rs\\\/\"},{\"@type\":\"ListItem\",\"position\":2,\"name\":\"Lak za parket\"}]},{\"@type\":\"WebSite\",\"@id\":\"https:\\\/\\\/bojatemper.rs\\\/#website\",\"url\":\"https:\\\/\\\/bojatemper.rs\\\/\",\"name\":\"Boja Temper\",\"description\":\"\",\"publisher\":{\"@id\":\"https:\\\/\\\/bojatemper.rs\\\/#organization\"},\"potentialAction\":[{\"@type\":\"SearchAction\",\"target\":{\"@type\":\"EntryPoint\",\"urlTemplate\":\"https:\\\/\\\/bojatemper.rs\\\/?s={search_term_string}\"},\"query-input\":{\"@type\":\"PropertyValueSpecification\",\"valueRequired\":true,\"valueName\":\"search_term_string\"}}],\"inLanguage\":\"en-US\"},{\"@type\":\"Organization\",\"@id\":\"https:\\\/\\\/bojatemper.rs\\\/#organization\",\"name\":\"Boja Temper\",\"url\":\"https:\\\/\\\/bojatemper.rs\\\/\",\"logo\":{\"@type\":\"ImageObject\",\"inLanguage\":\"en-US\",\"@id\":\"https:\\\/\\\/bojatemper.rs\\\/#\\\/schema\\\/logo\\\/image\\\/\",\"url\":\"https:\\\/\\\/bojatemper.rs\\\/wp-content\\\/uploads\\\/2021\\\/05\\\/logo-bt.png\",\"contentUrl\":\"https:\\\/\\\/bojatemper.rs\\\/wp-content\\\/uploads\\\/2021\\\/05\\\/logo-bt.png\",\"width\":90,\"height\":71,\"caption\":\"Boja Temper\"},\"image\":{\"@id\":\"https:\\\/\\\/bojatemper.rs\\\/#\\\/schema\\\/logo\\\/image\\\/\"}}]}<\/script>\n<!-- \/ Yoast SEO plugin. -->","yoast_head_json":{"title":"Lak za parket - Boja Temper","robots":{"index":"noindex","follow":"nofollow"},"og_locale":"en_US","og_type":"article","og_title":"Lak za parket - Boja Temper","og_description":"LAK ZA PARKET Ovde mo\u017eete prona\u0107i adekvatne vrste lakova za parket. ER-LAK OSNOVNI 1l Osnovni nitro lak za parket namenjen za pripremu drvenih podova. DUGA LAK ZAVR\u0160NI 3l Dvokomponentni nitro lak za parket namenjen za drvene podove. ER-LAK ZAVR\u0160NI 2l Dvokomponentni nitro lak za parket namenjen za drvene podove. HEMMAX ZAVR\u0160NI\u200b 2l Dvokomponentni nitro lak [&hellip;]","og_url":"https:\/\/bojatemper.rs\/index.php\/lak-za-parket\/","og_site_name":"Boja Temper","article_modified_time":"2021-08-17T13:52:22+00:00","og_image":[{"url":"https:\/\/bojatemper.rs\/wp-content\/uploads\/2021\/04\/parket-er-podloga-sajt.png","type":"","width":"","height":""}],"twitter_card":"summary_large_image","twitter_misc":{"Est. reading time":"3 minutes"},"schema":{"@context":"https:\/\/schema.org","@graph":[{"@type":"WebPage","@id":"https:\/\/bojatemper.rs\/index.php\/lak-za-parket\/","url":"https:\/\/bojatemper.rs\/index.php\/lak-za-parket\/","name":"Lak za parket - Boja Temper","isPartOf":{"@id":"https:\/\/bojatemper.rs\/#website"},"primaryImageOfPage":{"@id":"https:\/\/bojatemper.rs\/index.php\/lak-za-parket\/#primaryimage"},"image":{"@id":"https:\/\/bojatemper.rs\/index.php\/lak-za-parket\/#primaryimage"},"thumbnailUrl":"https:\/\/bojatemper.rs\/wp-content\/uploads\/2021\/04\/parket-er-podloga-sajt.png","datePublished":"2021-03-03T14:48:57+00:00","dateModified":"2021-08-17T13:52:22+00:00","breadcrumb":{"@id":"https:\/\/bojatemper.rs\/index.php\/lak-za-parket\/#breadcrumb"},"inLanguage":"en-US","potentialAction":[{"@type":"ReadAction","target":["https:\/\/bojatemper.rs\/index.php\/lak-za-parket\/"]}]},{"@type":"ImageObject","inLanguage":"en-US","@id":"https:\/\/bojatemper.rs\/index.php\/lak-za-parket\/#primaryimage","url":"https:\/\/bojatemper.rs\/wp-content\/uploads\/2021\/04\/parket-er-podloga-sajt.png","contentUrl":"https:\/\/bojatemper.rs\/wp-content\/uploads\/2021\/04\/parket-er-podloga-sajt.png","width":501,"height":501,"caption":"parket-er-podloga-sajt"},{"@type":"BreadcrumbList","@id":"https:\/\/bojatemper.rs\/index.php\/lak-za-parket\/#breadcrumb","itemListElement":[{"@type":"ListItem","position":1,"name":"Home","item":"https:\/\/bojatemper.rs\/"},{"@type":"ListItem","position":2,"name":"Lak za parket"}]},{"@type":"WebSite","@id":"https:\/\/bojatemper.rs\/#website","url":"https:\/\/bojatemper.rs\/","name":"Boja Temper","description":"","publisher":{"@id":"https:\/\/bojatemper.rs\/#organization"},"potentialAction":[{"@type":"SearchAction","target":{"@type":"EntryPoint","urlTemplate":"https:\/\/bojatemper.rs\/?s={search_term_string}"},"query-input":{"@type":"PropertyValueSpecification","valueRequired":true,"valueName":"search_term_string"}}],"inLanguage":"en-US"},{"@type":"Organization","@id":"https:\/\/bojatemper.rs\/#organization","name":"Boja Temper","url":"https:\/\/bojatemper.rs\/","logo":{"@type":"ImageObject","inLanguage":"en-US","@id":"https:\/\/bojatemper.rs\/#\/schema\/logo\/image\/","url":"https:\/\/bojatemper.rs\/wp-content\/uploads\/2021\/05\/logo-bt.png","contentUrl":"https:\/\/bojatemper.rs\/wp-content\/uploads\/2021\/05\/logo-bt.png","width":90,"height":71,"caption":"Boja Temper"},"image":{"@id":"https:\/\/bojatemper.rs\/#\/schema\/logo\/image\/"}}]}},"_links":{"self":[{"href":"https:\/\/bojatemper.rs\/index.php\/wp-json\/wp\/v2\/pages\/1891","targetHints":{"allow":["GET"]}}],"collection":[{"href":"https:\/\/bojatemper.rs\/index.php\/wp-json\/wp\/v2\/pages"}],"about":[{"href":"https:\/\/bojatemper.rs\/index.php\/wp-json\/wp\/v2\/types\/page"}],"author":[{"embeddable":true,"href":"https:\/\/bojatemper.rs\/index.php\/wp-json\/wp\/v2\/users\/1"}],"replies":[{"embeddable":true,"href":"https:\/\/bojatemper.rs\/index.php\/wp-json\/wp\/v2\/comments?post=1891"}],"version-history":[{"count":215,"href":"https:\/\/bojatemper.rs\/index.php\/wp-json\/wp\/v2\/pages\/1891\/revisions"}],"predecessor-version":[{"id":9268,"href":"https:\/\/bojatemper.rs\/index.php\/wp-json\/wp\/v2\/pages\/1891\/revisions\/9268"}],"wp:attachment":[{"href":"https:\/\/bojatemper.rs\/index.php\/wp-json\/wp\/v2\/media?parent=1891"}],"curies":[{"name":"wp","href":"https:\/\/api.w.org\/{rel}","templated":true}]}}