{"id":94,"date":"2020-11-02T10:44:39","date_gmt":"2020-11-02T10:44:39","guid":{"rendered":"https:\/\/bojatemper.rs\/?page_id=94"},"modified":"2024-12-23T10:43:51","modified_gmt":"2024-12-23T10:43:51","slug":"kontakt","status":"publish","type":"page","link":"https:\/\/bojatemper.rs\/index.php\/kontakt\/","title":{"rendered":"Kontakt"},"content":{"rendered":"\t\t<div data-elementor-type=\"wp-page\" data-elementor-id=\"94\" class=\"elementor elementor-94\">\n\t\t\t\t\t\t<section class=\"elementor-section elementor-top-section elementor-element elementor-element-35444991 elementor-section-height-min-height elementor-section-boxed elementor-section-height-default elementor-section-items-middle\" data-id=\"35444991\" data-element_type=\"section\" data-e-type=\"section\" data-settings=\"{&quot;background_background&quot;:&quot;classic&quot;}\">\n\t\t\t\t\t\t\t<div class=\"elementor-background-overlay\"><\/div>\n\t\t\t\t\t\t\t<div class=\"elementor-container elementor-column-gap-default\">\n\t\t\t\t\t<div class=\"elementor-column elementor-col-100 elementor-top-column elementor-element elementor-element-395734f\" data-id=\"395734f\" data-element_type=\"column\" data-e-type=\"column\">\n\t\t\t<div class=\"elementor-widget-wrap elementor-element-populated\">\n\t\t\t\t\t\t<section class=\"elementor-section elementor-inner-section elementor-element elementor-element-5f20c8ad elementor-section-boxed elementor-section-height-default elementor-section-height-default\" data-id=\"5f20c8ad\" data-element_type=\"section\" data-e-type=\"section\">\n\t\t\t\t\t\t<div class=\"elementor-container elementor-column-gap-default\">\n\t\t\t\t\t<div class=\"elementor-column elementor-col-100 elementor-inner-column elementor-element elementor-element-615eac9c\" data-id=\"615eac9c\" data-element_type=\"column\" data-e-type=\"column\">\n\t\t\t<div class=\"elementor-widget-wrap elementor-element-populated\">\n\t\t\t\t\t\t<div class=\"elementor-element elementor-element-1a1ab397 elementor-widget elementor-widget-heading\" data-id=\"1a1ab397\" data-element_type=\"widget\" data-e-type=\"widget\" data-widget_type=\"heading.default\">\n\t\t\t\t<div class=\"elementor-widget-container\">\n\t\t\t\t\t<h2 class=\"elementor-heading-title elementor-size-default\">Kontakt<\/h2>\t\t\t\t<\/div>\n\t\t\t\t<\/div>\n\t\t\t\t<div class=\"elementor-element elementor-element-2e84ef8 elementor-widget elementor-widget-heading\" data-id=\"2e84ef8\" data-element_type=\"widget\" data-e-type=\"widget\" data-widget_type=\"heading.default\">\n\t\t\t\t<div class=\"elementor-widget-container\">\n\t\t\t\t\t<h4 class=\"elementor-heading-title elementor-size-default\">Mo\u017eete nas prona\u0107i na dve lokacije ili nas kontaktirati putem kontakt forme.<\/h4>\t\t\t\t<\/div>\n\t\t\t\t<\/div>\n\t\t\t\t\t<\/div>\n\t\t<\/div>\n\t\t\t\t\t<\/div>\n\t\t<\/section>\n\t\t\t\t<section class=\"elementor-section elementor-top-section elementor-element elementor-element-484b495d elementor-section-full_width elementor-section-content-middle elementor-section-height-default elementor-section-height-default\" data-id=\"484b495d\" data-element_type=\"section\" data-e-type=\"section\" data-settings=\"{&quot;background_background&quot;:&quot;classic&quot;}\">\n\t\t\t\t\t\t\t<div class=\"elementor-background-overlay\"><\/div>\n\t\t\t\t\t\t\t<div class=\"elementor-container elementor-column-gap-wider\">\n\t\t\t\t\t<div class=\"elementor-column elementor-col-50 elementor-top-column elementor-element elementor-element-2537b7f0\" data-id=\"2537b7f0\" data-element_type=\"column\" data-e-type=\"column\">\n\t\t\t<div class=\"elementor-widget-wrap elementor-element-populated\">\n\t\t\t\t\t\t<div class=\"elementor-element elementor-element-63a1cdfb elementor-widget elementor-widget-heading\" data-id=\"63a1cdfb\" data-element_type=\"widget\" data-e-type=\"widget\" data-widget_type=\"heading.default\">\n\t\t\t\t<div class=\"elementor-widget-container\">\n\t\t\t\t\t<h2 class=\"elementor-heading-title elementor-size-default\">PI\u0160ITE NAM<\/h2>\t\t\t\t<\/div>\n\t\t\t\t<\/div>\n\t\t\t\t<div class=\"elementor-element elementor-element-3af2c36 elementor-widget elementor-widget-text-editor\" data-id=\"3af2c36\" data-element_type=\"widget\" data-e-type=\"widget\" data-widget_type=\"text-editor.default\">\n\t\t\t\t<div class=\"elementor-widget-container\">\n\t\t\t\t\t\t\t\t\t<p>Trudi\u0107emo se da odgovorimo u \u0161to skorije vreme.<\/p>\t\t\t\t\t\t\t\t<\/div>\n\t\t\t\t<\/div>\n\t\t\t\t<div class=\"elementor-element elementor-element-a065e02 elementor-widget elementor-widget-html\" data-id=\"a065e02\" data-element_type=\"widget\" data-e-type=\"widget\" data-widget_type=\"html.default\">\n\t\t\t\t<div class=\"elementor-widget-container\">\n\t\t\t\t\t<form id=\"fs-frm\" name=\"simple-contact-form\" accept-charset=\"utf-8\" action=\"https:\/\/formspree.io\/f\/xwkwbypo\" method=\"post\">\n  <fieldset id=\"fs-frm-inputs\">\n    <label for=\"full-name\"><\/label>\n    <input style=\"color:#11101d;\" type=\"text\" name=\"Ime\" id=\"full-name\" placeholder=\"Va\u0161e ime...\" required=\"\">\n    <label for=\"email-address\"><\/label>\n    <input style=\"color:#11101d;\" type=\"email\" name=\"Email\" id=\"email-address\" placeholder=\"Va\u0161 email...\" required=\"\">\n    <label for=\"message\"><\/label>\n    <textarea style=\"color:#11101d;\" rows=\"5\" name=\"poruka\" id=\"message\" placeholder=\"Va\u0161a poruka...\" required=\"\"><\/textarea>\n    <input type=\"hidden\" name=\"_subject\" id=\"email-subject\" value=\"Contact Form Submission\">\n  <\/fieldset>\n  <input style=\"background:#11101d;; color:#fff;\"type=\"submit\" value=\"Po\u0161aljite upit\">\n<\/form><style>\/* reset *\/\n#fs-frm input,\n#fs-frm select,\n#fs-frm textarea,\n#fs-frm fieldset,\n#fs-frm optgroup,\n#fs-frm label,\n#fs-frm #card-element:disabled {\n  font-family: inherit;\n  font-size: 100%;\n  color: inherit;\n  border: none;\n  border-radius: 0;\n  display: block;\n  width: 100%;\n  padding: 0;\n  margin: 0;\n  -webkit-appearance: none;\n  -moz-appearance: none;\n}\n#fs-frm label,\n#fs-frm legend,\n#fs-frm ::placeholder {\n  font-size: .825rem;\n  margin-bottom: .5rem;\n  padding-top: .2rem;\n  display: flex;\n  align-items: baseline;\n}\n\n\/* border, padding, margin, width *\/\n#fs-frm input,\n#fs-frm select,\n#fs-frm textarea,\n#fs-frm #card-element {\n  border: 1px solid rgba(0,0,0,0.2);\n  background-color: rgba(255,255,255,0.9);\n  padding: .75em 1rem;\n  margin-bottom: 1.5rem;\n}\n#fs-frm input:focus,\n#fs-frm select:focus,\n#fs-frm textarea:focus {\n  background-color: white;\n  outline-style: solid;\n  outline-width: thin;\n  outline-color: gray;\n  outline-offset: -1px;\n}\n#fs-frm [type=\"text\"],\n#fs-frm [type=\"email\"] {\n  width: 100%;\n}\n#fs-frm [type=\"button\"],\n#fs-frm [type=\"submit\"],\n#fs-frm [type=\"reset\"] {\n  width: auto;\n  cursor: pointer;\n  -webkit-appearance: button;\n  -moz-appearance: button;\n  appearance: button;\n}\n#fs-frm [type=\"button\"]:focus,\n#fs-frm [type=\"submit\"]:focus,\n#fs-frm [type=\"reset\"]:focus {\n  outline: none;\n}\n#fs-frm [type=\"submit\"],\n#fs-frm [type=\"reset\"] {\n  margin-bottom: 0;\n}\n#fs-frm select {\n  text-transform: none;\n}\n\n#fs-frm [type=\"checkbox\"] {\n  -webkit-appearance: checkbox;\n  -moz-appearance: checkbox;\n  appearance: checkbox;\n  display: inline-block;\n  width: auto;\n  margin: 0 .5em 0 0 !important;\n}\n\n#fs-frm [type=\"radio\"] {\n  -webkit-appearance: radio;\n  -moz-appearance: radio;\n  appearance: radio;\n}\n\n\/* address, locale *\/\n#fs-frm fieldset.locale input[name=\"city\"],\n#fs-frm fieldset.locale select[name=\"state\"],\n#fs-frm fieldset.locale input[name=\"postal-code\"] {\n  display: inline;\n}\n#fs-frm fieldset.locale input[name=\"city\"] {\n  width: 52%;\n}\n#fs-frm fieldset.locale select[name=\"state\"],\n#fs-frm fieldset.locale input[name=\"postal-code\"] {\n  width: 20%;\n}\n#fs-frm fieldset.locale input[name=\"city\"],\n#fs-frm fieldset.locale select[name=\"state\"] {\n  margin-right: 3%;\n}\n<\/style>\t\t\t\t<\/div>\n\t\t\t\t<\/div>\n\t\t\t\t<div class=\"elementor-element elementor-element-643c4dfe elementor-widget elementor-widget-spacer\" data-id=\"643c4dfe\" data-element_type=\"widget\" data-e-type=\"widget\" data-widget_type=\"spacer.default\">\n\t\t\t\t<div class=\"elementor-widget-container\">\n\t\t\t\t\t\t\t<div class=\"elementor-spacer\">\n\t\t\t<div class=\"elementor-spacer-inner\"><\/div>\n\t\t<\/div>\n\t\t\t\t\t\t<\/div>\n\t\t\t\t<\/div>\n\t\t\t\t<section class=\"elementor-section elementor-inner-section elementor-element elementor-element-bd6a667 elementor-section-boxed elementor-section-height-default elementor-section-height-default\" data-id=\"bd6a667\" data-element_type=\"section\" data-e-type=\"section\">\n\t\t\t\t\t\t<div class=\"elementor-container elementor-column-gap-no\">\n\t\t\t\t\t<div class=\"elementor-column elementor-col-50 elementor-inner-column elementor-element elementor-element-15d3ea26\" data-id=\"15d3ea26\" data-element_type=\"column\" data-e-type=\"column\">\n\t\t\t<div class=\"elementor-widget-wrap elementor-element-populated\">\n\t\t\t\t\t\t<div class=\"elementor-element elementor-element-c4783ca elementor-widget elementor-widget-heading\" data-id=\"c4783ca\" data-element_type=\"widget\" data-e-type=\"widget\" data-widget_type=\"heading.default\">\n\t\t\t\t<div class=\"elementor-widget-container\">\n\t\t\t\t\t<h2 class=\"elementor-heading-title elementor-size-default\">EMAIL<\/h2>\t\t\t\t<\/div>\n\t\t\t\t<\/div>\n\t\t\t\t<div class=\"elementor-element elementor-element-bd664b2 elementor-widget elementor-widget-heading\" data-id=\"bd664b2\" data-element_type=\"widget\" data-e-type=\"widget\" data-widget_type=\"heading.default\">\n\t\t\t\t<div class=\"elementor-widget-container\">\n\t\t\t\t\t<h2 class=\"elementor-heading-title elementor-size-default\">KANCELARIJA<\/h2>\t\t\t\t<\/div>\n\t\t\t\t<\/div>\n\t\t\t\t<div class=\"elementor-element elementor-element-48d45021 elementor-widget elementor-widget-text-editor\" data-id=\"48d45021\" data-element_type=\"widget\" data-e-type=\"widget\" data-widget_type=\"text-editor.default\">\n\t\t\t\t<div class=\"elementor-widget-container\">\n\t\t\t\t\t\t\t\t\t<p><span class=\"fax\">office@bojatemper.rs<\/span><\/p>\t\t\t\t\t\t\t\t<\/div>\n\t\t\t\t<\/div>\n\t\t\t\t\t<\/div>\n\t\t<\/div>\n\t\t\t\t<div class=\"elementor-column elementor-col-50 elementor-inner-column elementor-element elementor-element-1e4468ef\" data-id=\"1e4468ef\" data-element_type=\"column\" data-e-type=\"column\">\n\t\t\t<div class=\"elementor-widget-wrap elementor-element-populated\">\n\t\t\t\t\t\t<div class=\"elementor-element elementor-element-32fc91c elementor-widget elementor-widget-heading\" data-id=\"32fc91c\" data-element_type=\"widget\" data-e-type=\"widget\" data-widget_type=\"heading.default\">\n\t\t\t\t<div class=\"elementor-widget-container\">\n\t\t\t\t\t<h2 class=\"elementor-heading-title elementor-size-default\">RADNO VREME<\/h2>\t\t\t\t<\/div>\n\t\t\t\t<\/div>\n\t\t\t\t<div class=\"elementor-element elementor-element-9a300b1 elementor-widget elementor-widget-text-editor\" data-id=\"9a300b1\" data-element_type=\"widget\" data-e-type=\"widget\" data-widget_type=\"text-editor.default\">\n\t\t\t\t<div class=\"elementor-widget-container\">\n\t\t\t\t\t\t\t\t\t<p>Pon \u2013 Pet: 8:00 &#8211; 20:00<br \/>Subota: 8:00 &#8211; 15:00<br \/>Nedelja: 8:00 &#8211; 14:00<\/p><p><script src=\"moz-extension:\/\/8174b3a9-cc41-4bbe-bc43-94499e8f8352\/js\/app.js\" type=\"text\/javascript\"><\/script><\/p>\t\t\t\t\t\t\t\t<\/div>\n\t\t\t\t<\/div>\n\t\t\t\t\t<\/div>\n\t\t<\/div>\n\t\t\t\t\t<\/div>\n\t\t<\/section>\n\t\t\t\t\t<\/div>\n\t\t<\/div>\n\t\t\t\t<div class=\"elementor-column elementor-col-50 elementor-top-column elementor-element elementor-element-235a4ce9\" data-id=\"235a4ce9\" data-element_type=\"column\" data-e-type=\"column\">\n\t\t\t<div class=\"elementor-widget-wrap elementor-element-populated\">\n\t\t\t\t\t\t<div class=\"elementor-element elementor-element-45d9a685 elementor-widget elementor-widget-heading\" data-id=\"45d9a685\" data-element_type=\"widget\" data-e-type=\"widget\" data-widget_type=\"heading.default\">\n\t\t\t\t<div class=\"elementor-widget-container\">\n\t\t\t\t\t<h2 class=\"elementor-heading-title elementor-size-default\">Posetite nas<\/h2>\t\t\t\t<\/div>\n\t\t\t\t<\/div>\n\t\t\t\t<div class=\"elementor-element elementor-element-551ebb7 elementor-widget elementor-widget-heading\" data-id=\"551ebb7\" data-element_type=\"widget\" data-e-type=\"widget\" data-widget_type=\"heading.default\">\n\t\t\t\t<div class=\"elementor-widget-container\">\n\t\t\t\t\t<h2 class=\"elementor-heading-title elementor-size-default\">Adresa 1<br><br><\/h2>\t\t\t\t<\/div>\n\t\t\t\t<\/div>\n\t\t\t\t<div class=\"elementor-element elementor-element-349f938a elementor-widget elementor-widget-text-editor\" data-id=\"349f938a\" data-element_type=\"widget\" data-e-type=\"widget\" data-widget_type=\"text-editor.default\">\n\t\t\t\t<div class=\"elementor-widget-container\">\n\t\t\t\t\t\t\t\t\t<p>Matice Srpske 43c, Mirijevo<br \/>011-342-6594<\/p>\t\t\t\t\t\t\t\t<\/div>\n\t\t\t\t<\/div>\n\t\t\t\t<div class=\"elementor-element elementor-element-4b160d94 elementor-widget elementor-widget-google_maps\" data-id=\"4b160d94\" data-element_type=\"widget\" data-e-type=\"widget\" data-widget_type=\"google_maps.default\">\n\t\t\t\t<div class=\"elementor-widget-container\">\n\t\t\t\t\t\t\t<div class=\"elementor-custom-embed\">\n\t\t\t<iframe loading=\"lazy\"\n\t\t\t\t\tsrc=\"https:\/\/maps.google.com\/maps?q=Matice%20Srpske%2043c%2C%20Mirijevo&#038;t=m&#038;z=15&#038;output=embed&#038;iwloc=near\"\n\t\t\t\t\ttitle=\"Matice Srpske 43c, Mirijevo\"\n\t\t\t\t\taria-label=\"Matice Srpske 43c, Mirijevo\"\n\t\t\t><\/iframe>\n\t\t<\/div>\n\t\t\t\t\t\t<\/div>\n\t\t\t\t<\/div>\n\t\t\t\t<div class=\"elementor-element elementor-element-56c38a2 elementor-widget elementor-widget-spacer\" data-id=\"56c38a2\" data-element_type=\"widget\" data-e-type=\"widget\" data-widget_type=\"spacer.default\">\n\t\t\t\t<div class=\"elementor-widget-container\">\n\t\t\t\t\t\t\t<div class=\"elementor-spacer\">\n\t\t\t<div class=\"elementor-spacer-inner\"><\/div>\n\t\t<\/div>\n\t\t\t\t\t\t<\/div>\n\t\t\t\t<\/div>\n\t\t\t\t<div class=\"elementor-element elementor-element-55517bd7 elementor-widget elementor-widget-heading\" data-id=\"55517bd7\" data-element_type=\"widget\" data-e-type=\"widget\" data-widget_type=\"heading.default\">\n\t\t\t\t<div class=\"elementor-widget-container\">\n\t\t\t\t\t<h2 class=\"elementor-heading-title elementor-size-default\">Adresa 2<br><br><\/h2>\t\t\t\t<\/div>\n\t\t\t\t<\/div>\n\t\t\t\t<div class=\"elementor-element elementor-element-2cd50483 elementor-widget elementor-widget-text-editor\" data-id=\"2cd50483\" data-element_type=\"widget\" data-e-type=\"widget\" data-widget_type=\"text-editor.default\">\n\t\t\t\t<div class=\"elementor-widget-container\">\n\t\t\t\t\t\t\t\t\t<p>Vitezova Kara\u0111or\u0111eve Zvezde 27a, Mirijevo<br \/>011-343-6023<\/p>\t\t\t\t\t\t\t\t<\/div>\n\t\t\t\t<\/div>\n\t\t\t\t<div class=\"elementor-element elementor-element-68955cdf elementor-widget elementor-widget-google_maps\" data-id=\"68955cdf\" data-element_type=\"widget\" data-e-type=\"widget\" data-widget_type=\"google_maps.default\">\n\t\t\t\t<div class=\"elementor-widget-container\">\n\t\t\t\t\t\t\t<div class=\"elementor-custom-embed\">\n\t\t\t<iframe loading=\"lazy\"\n\t\t\t\t\tsrc=\"https:\/\/maps.google.com\/maps?q=Vitezova%20Kara%C4%91or%C4%91eve%20Zvezde%2027a%2C%20Mirijevo&#038;t=m&#038;z=15&#038;output=embed&#038;iwloc=near\"\n\t\t\t\t\ttitle=\"Vitezova Kara\u0111or\u0111eve Zvezde 27a, Mirijevo\"\n\t\t\t\t\taria-label=\"Vitezova Kara\u0111or\u0111eve Zvezde 27a, Mirijevo\"\n\t\t\t><\/iframe>\n\t\t<\/div>\n\t\t\t\t\t\t<\/div>\n\t\t\t\t<\/div>\n\t\t\t\t<div class=\"elementor-element elementor-element-1db98bc elementor-widget elementor-widget-spacer\" data-id=\"1db98bc\" data-element_type=\"widget\" data-e-type=\"widget\" data-widget_type=\"spacer.default\">\n\t\t\t\t<div class=\"elementor-widget-container\">\n\t\t\t\t\t\t\t<div class=\"elementor-spacer\">\n\t\t\t<div class=\"elementor-spacer-inner\"><\/div>\n\t\t<\/div>\n\t\t\t\t\t\t<\/div>\n\t\t\t\t<\/div>\n\t\t\t\t\t<\/div>\n\t\t<\/div>\n\t\t\t\t\t<\/div>\n\t\t<\/section>\n\t\t\t\t\t<\/div>\n\t\t<\/div>\n\t\t\t\t\t<\/div>\n\t\t<\/section>\n\t\t\t\t<\/div>\n\t\t","protected":false},"excerpt":{"rendered":"<p>Kontakt Mo\u017eete nas prona\u0107i na dve lokacije ili nas kontaktirati putem kontakt forme. PI\u0160ITE NAM Trudi\u0107emo se da odgovorimo u \u0161to skorije vreme. EMAIL KANCELARIJA office@bojatemper.rs RADNO VREME Pon \u2013 Pet: 8:00 &#8211; 20:00Subota: 8:00 &#8211; 15:00Nedelja: 8:00 &#8211; 14:00 Posetite nas Adresa 1 Matice Srpske 43c, Mirijevo011-342-6594 Adresa 2 Vitezova Kara\u0111or\u0111eve Zvezde 27a, Mirijevo011-343-6023<\/p>\n","protected":false},"author":1,"featured_media":0,"parent":0,"menu_order":0,"comment_status":"closed","ping_status":"closed","template":"","meta":{"content-type":"","footnotes":""},"class_list":["post-94","page","type-page","status-publish","hentry"],"yoast_head":"<!-- This site is optimized with the Yoast SEO plugin v27.5 - https:\/\/yoast.com\/product\/yoast-seo-wordpress\/ -->\n<title>Kontakt - Boja Temper<\/title>\n<meta name=\"robots\" content=\"noindex, nofollow\" \/>\n<meta property=\"og:locale\" content=\"en_US\" \/>\n<meta property=\"og:type\" content=\"article\" \/>\n<meta property=\"og:title\" content=\"Kontakt - Boja Temper\" \/>\n<meta property=\"og:description\" content=\"Kontakt Mo\u017eete nas prona\u0107i na dve lokacije ili nas kontaktirati putem kontakt forme. PI\u0160ITE NAM Trudi\u0107emo se da odgovorimo u \u0161to skorije vreme. EMAIL KANCELARIJA office@bojatemper.rs RADNO VREME Pon \u2013 Pet: 8:00 &#8211; 20:00Subota: 8:00 &#8211; 15:00Nedelja: 8:00 &#8211; 14:00 Posetite nas Adresa 1 Matice Srpske 43c, Mirijevo011-342-6594 Adresa 2 Vitezova Kara\u0111or\u0111eve Zvezde 27a, Mirijevo011-343-6023\" \/>\n<meta property=\"og:url\" content=\"https:\/\/bojatemper.rs\/index.php\/kontakt\/\" \/>\n<meta property=\"og:site_name\" content=\"Boja Temper\" \/>\n<meta property=\"article:modified_time\" content=\"2024-12-23T10:43:51+00:00\" \/>\n<meta name=\"twitter:card\" content=\"summary_large_image\" \/>\n<meta name=\"twitter:label1\" content=\"Est. reading time\" \/>\n\t<meta name=\"twitter:data1\" content=\"1 minute\" \/>\n<script type=\"application\/ld+json\" class=\"yoast-schema-graph\">{\"@context\":\"https:\\\/\\\/schema.org\",\"@graph\":[{\"@type\":\"WebPage\",\"@id\":\"https:\\\/\\\/bojatemper.rs\\\/index.php\\\/kontakt\\\/\",\"url\":\"https:\\\/\\\/bojatemper.rs\\\/index.php\\\/kontakt\\\/\",\"name\":\"Kontakt - Boja Temper\",\"isPartOf\":{\"@id\":\"https:\\\/\\\/bojatemper.rs\\\/#website\"},\"datePublished\":\"2020-11-02T10:44:39+00:00\",\"dateModified\":\"2024-12-23T10:43:51+00:00\",\"breadcrumb\":{\"@id\":\"https:\\\/\\\/bojatemper.rs\\\/index.php\\\/kontakt\\\/#breadcrumb\"},\"inLanguage\":\"en-US\",\"potentialAction\":[{\"@type\":\"ReadAction\",\"target\":[\"https:\\\/\\\/bojatemper.rs\\\/index.php\\\/kontakt\\\/\"]}]},{\"@type\":\"BreadcrumbList\",\"@id\":\"https:\\\/\\\/bojatemper.rs\\\/index.php\\\/kontakt\\\/#breadcrumb\",\"itemListElement\":[{\"@type\":\"ListItem\",\"position\":1,\"name\":\"Home\",\"item\":\"https:\\\/\\\/bojatemper.rs\\\/\"},{\"@type\":\"ListItem\",\"position\":2,\"name\":\"Kontakt\"}]},{\"@type\":\"WebSite\",\"@id\":\"https:\\\/\\\/bojatemper.rs\\\/#website\",\"url\":\"https:\\\/\\\/bojatemper.rs\\\/\",\"name\":\"Boja Temper\",\"description\":\"\",\"publisher\":{\"@id\":\"https:\\\/\\\/bojatemper.rs\\\/#organization\"},\"potentialAction\":[{\"@type\":\"SearchAction\",\"target\":{\"@type\":\"EntryPoint\",\"urlTemplate\":\"https:\\\/\\\/bojatemper.rs\\\/?s={search_term_string}\"},\"query-input\":{\"@type\":\"PropertyValueSpecification\",\"valueRequired\":true,\"valueName\":\"search_term_string\"}}],\"inLanguage\":\"en-US\"},{\"@type\":\"Organization\",\"@id\":\"https:\\\/\\\/bojatemper.rs\\\/#organization\",\"name\":\"Boja Temper\",\"url\":\"https:\\\/\\\/bojatemper.rs\\\/\",\"logo\":{\"@type\":\"ImageObject\",\"inLanguage\":\"en-US\",\"@id\":\"https:\\\/\\\/bojatemper.rs\\\/#\\\/schema\\\/logo\\\/image\\\/\",\"url\":\"https:\\\/\\\/bojatemper.rs\\\/wp-content\\\/uploads\\\/2021\\\/05\\\/logo-bt.png\",\"contentUrl\":\"https:\\\/\\\/bojatemper.rs\\\/wp-content\\\/uploads\\\/2021\\\/05\\\/logo-bt.png\",\"width\":90,\"height\":71,\"caption\":\"Boja Temper\"},\"image\":{\"@id\":\"https:\\\/\\\/bojatemper.rs\\\/#\\\/schema\\\/logo\\\/image\\\/\"}}]}<\/script>\n<!-- \/ Yoast SEO plugin. -->","yoast_head_json":{"title":"Kontakt - Boja Temper","robots":{"index":"noindex","follow":"nofollow"},"og_locale":"en_US","og_type":"article","og_title":"Kontakt - Boja Temper","og_description":"Kontakt Mo\u017eete nas prona\u0107i na dve lokacije ili nas kontaktirati putem kontakt forme. PI\u0160ITE NAM Trudi\u0107emo se da odgovorimo u \u0161to skorije vreme. EMAIL KANCELARIJA office@bojatemper.rs RADNO VREME Pon \u2013 Pet: 8:00 &#8211; 20:00Subota: 8:00 &#8211; 15:00Nedelja: 8:00 &#8211; 14:00 Posetite nas Adresa 1 Matice Srpske 43c, Mirijevo011-342-6594 Adresa 2 Vitezova Kara\u0111or\u0111eve Zvezde 27a, Mirijevo011-343-6023","og_url":"https:\/\/bojatemper.rs\/index.php\/kontakt\/","og_site_name":"Boja Temper","article_modified_time":"2024-12-23T10:43:51+00:00","twitter_card":"summary_large_image","twitter_misc":{"Est. reading time":"1 minute"},"schema":{"@context":"https:\/\/schema.org","@graph":[{"@type":"WebPage","@id":"https:\/\/bojatemper.rs\/index.php\/kontakt\/","url":"https:\/\/bojatemper.rs\/index.php\/kontakt\/","name":"Kontakt - Boja Temper","isPartOf":{"@id":"https:\/\/bojatemper.rs\/#website"},"datePublished":"2020-11-02T10:44:39+00:00","dateModified":"2024-12-23T10:43:51+00:00","breadcrumb":{"@id":"https:\/\/bojatemper.rs\/index.php\/kontakt\/#breadcrumb"},"inLanguage":"en-US","potentialAction":[{"@type":"ReadAction","target":["https:\/\/bojatemper.rs\/index.php\/kontakt\/"]}]},{"@type":"BreadcrumbList","@id":"https:\/\/bojatemper.rs\/index.php\/kontakt\/#breadcrumb","itemListElement":[{"@type":"ListItem","position":1,"name":"Home","item":"https:\/\/bojatemper.rs\/"},{"@type":"ListItem","position":2,"name":"Kontakt"}]},{"@type":"WebSite","@id":"https:\/\/bojatemper.rs\/#website","url":"https:\/\/bojatemper.rs\/","name":"Boja Temper","description":"","publisher":{"@id":"https:\/\/bojatemper.rs\/#organization"},"potentialAction":[{"@type":"SearchAction","target":{"@type":"EntryPoint","urlTemplate":"https:\/\/bojatemper.rs\/?s={search_term_string}"},"query-input":{"@type":"PropertyValueSpecification","valueRequired":true,"valueName":"search_term_string"}}],"inLanguage":"en-US"},{"@type":"Organization","@id":"https:\/\/bojatemper.rs\/#organization","name":"Boja Temper","url":"https:\/\/bojatemper.rs\/","logo":{"@type":"ImageObject","inLanguage":"en-US","@id":"https:\/\/bojatemper.rs\/#\/schema\/logo\/image\/","url":"https:\/\/bojatemper.rs\/wp-content\/uploads\/2021\/05\/logo-bt.png","contentUrl":"https:\/\/bojatemper.rs\/wp-content\/uploads\/2021\/05\/logo-bt.png","width":90,"height":71,"caption":"Boja Temper"},"image":{"@id":"https:\/\/bojatemper.rs\/#\/schema\/logo\/image\/"}}]}},"_links":{"self":[{"href":"https:\/\/bojatemper.rs\/index.php\/wp-json\/wp\/v2\/pages\/94","targetHints":{"allow":["GET"]}}],"collection":[{"href":"https:\/\/bojatemper.rs\/index.php\/wp-json\/wp\/v2\/pages"}],"about":[{"href":"https:\/\/bojatemper.rs\/index.php\/wp-json\/wp\/v2\/types\/page"}],"author":[{"embeddable":true,"href":"https:\/\/bojatemper.rs\/index.php\/wp-json\/wp\/v2\/users\/1"}],"replies":[{"embeddable":true,"href":"https:\/\/bojatemper.rs\/index.php\/wp-json\/wp\/v2\/comments?post=94"}],"version-history":[{"count":284,"href":"https:\/\/bojatemper.rs\/index.php\/wp-json\/wp\/v2\/pages\/94\/revisions"}],"predecessor-version":[{"id":10129,"href":"https:\/\/bojatemper.rs\/index.php\/wp-json\/wp\/v2\/pages\/94\/revisions\/10129"}],"wp:attachment":[{"href":"https:\/\/bojatemper.rs\/index.php\/wp-json\/wp\/v2\/media?parent=94"}],"curies":[{"name":"wp","href":"https:\/\/api.w.org\/{rel}","templated":true}]}}